{"id":4594,"date":"2023-11-09T11:15:16","date_gmt":"2023-11-09T08:15:16","guid":{"rendered":"https:\/\/medcare.com.tr\/tr\/?page_id=4594"},"modified":"2024-03-25T15:14:16","modified_gmt":"2024-03-25T12:14:16","slug":"fda","status":"publish","type":"page","link":"https:\/\/medcare.com.tr\/tr\/fda\/","title":{"rendered":"FDA"},"content":{"rendered":"<div id='av-layout-grid-1'  class='av-layout-grid-container av-p52eia-0480e554ecf899edc7f429ddbe31838f entry-content-wrapper main_color av-flex-cells  avia-builder-el-0  avia-builder-el-no-sibling   container_wrap fullsize'  >\n<div class='flex_cell av-o4jvz6-026cf34e3b2f81640571ca00d439f1b5 av-gridrow-cell av_one_third no_margin  avia-builder-el-1  el_before_av_cell_two_third  avia-builder-el-first '  ><div class='flex_cell_inner'>\n<style type=\"text\/css\" data-created_by=\"avia_inline_auto\" id=\"style-css-av-mznu5e-db3fa256c25d8ae78a6d95793e01806c\">\n.flex_column.av-mznu5e-db3fa256c25d8ae78a6d95793e01806c{\nwidth:100%;\n}\n<\/style>\n<div  class='flex_column av-mznu5e-db3fa256c25d8ae78a6d95793e01806c av_one_full  avia-builder-el-2  avia-builder-el-no-sibling  first flex_column_div  '     ><style type=\"text\/css\" data-created_by=\"avia_inline_auto\" id=\"style-css-av-kzfj1e-d6f3e4b29c2b742fa64b25ff7179a7e4\">\n.avia-image-container.av-kzfj1e-d6f3e4b29c2b742fa64b25ff7179a7e4 img.avia_image{\nbox-shadow:none;\n}\n.avia-image-container.av-kzfj1e-d6f3e4b29c2b742fa64b25ff7179a7e4 .av-image-caption-overlay-center{\ncolor:#ffffff;\n}\n<\/style>\n<div  class='avia-image-container av-kzfj1e-d6f3e4b29c2b742fa64b25ff7179a7e4 av-styling- avia-align-center  avia-builder-el-3  avia-builder-el-no-sibling '   itemprop=\"image\" itemscope=\"itemscope\" itemtype=\"https:\/\/schema.org\/ImageObject\" ><div class=\"avia-image-container-inner\"><div class=\"avia-image-overlay-wrap\"><img decoding=\"async\" class='wp-image-4214 avia-img-lazy-loading-not-4214 avia_image ' src=\"https:\/\/medcare.com.tr\/tr\/wp-content\/uploads\/2023\/11\/fda.jpg\" alt='' title=''  height=\"1500\" width=\"656\"  itemprop=\"thumbnailUrl\" srcset=\"https:\/\/medcare.com.tr\/tr\/wp-content\/uploads\/2023\/11\/fda.jpg 656w, https:\/\/medcare.com.tr\/tr\/wp-content\/uploads\/2023\/11\/fda-131x300.jpg 131w, https:\/\/medcare.com.tr\/tr\/wp-content\/uploads\/2023\/11\/fda-450x1030.jpg 450w, https:\/\/medcare.com.tr\/tr\/wp-content\/uploads\/2023\/11\/fda-308x705.jpg 308w\" sizes=\"(max-width: 656px) 100vw, 656px\" \/><\/div><\/div><\/div><\/div>\n<\/div><\/div><div class='flex_cell av-ijf0oi-f469735e8e13d7bc8c9654277a7c9511 av-gridrow-cell av_two_third no_margin  avia-builder-el-4  el_after_av_cell_one_third  avia-builder-el-last '  ><div class='flex_cell_inner'><div  class='flex_column av-gzahhe-84216f96a9bf04abf13aa3545ad3abfb av_one_full  avia-builder-el-5  avia-builder-el-no-sibling  first flex_column_div  '     ><p>\n<style type=\"text\/css\" data-created_by=\"avia_inline_auto\" id=\"style-css-av-f32upe-8851780e8ef363c9dcf7e0e9a970fccf\">\n#top .av-special-heading.av-f32upe-8851780e8ef363c9dcf7e0e9a970fccf{\npadding-bottom:10px;\ncolor:#134094;\nfont-size:24px;\n}\nbody .av-special-heading.av-f32upe-8851780e8ef363c9dcf7e0e9a970fccf .av-special-heading-tag .heading-char{\nfont-size:25px;\n}\n#top #wrap_all .av-special-heading.av-f32upe-8851780e8ef363c9dcf7e0e9a970fccf .av-special-heading-tag{\nfont-size:24px;\n}\n.av-special-heading.av-f32upe-8851780e8ef363c9dcf7e0e9a970fccf .special-heading-inner-border{\nborder-color:#134094;\n}\n.av-special-heading.av-f32upe-8851780e8ef363c9dcf7e0e9a970fccf .av-subheading{\nfont-size:16px;\ncolor:#65a8dd;\n}\n\n@media only screen and (min-width: 480px) and (max-width: 767px){ \n#top #wrap_all .av-special-heading.av-f32upe-8851780e8ef363c9dcf7e0e9a970fccf .av-special-heading-tag{\nfont-size:0.8em;\n}\n}\n\n@media only screen and (max-width: 479px){ \n#top #wrap_all .av-special-heading.av-f32upe-8851780e8ef363c9dcf7e0e9a970fccf .av-special-heading-tag{\nfont-size:0.8em;\n}\n}\n<\/style>\n<div  id=\"girisbaslik\"  class='av-special-heading av-f32upe-8851780e8ef363c9dcf7e0e9a970fccf av-special-heading-h3 custom-color-heading blockquote modern-quote  avia-builder-el-6  el_before_av_textblock  avia-builder-el-first  girisbaslik girisbaslik av-inherit-size'><h3 class='av-special-heading-tag'  itemprop=\"headline\"  >FDA 510 (k) Steril Cerrahi \u00d6nl\u00fck<\/h3><div class='av_custom_color av-subheading av-subheading_below'><p>REF.NO:87.00X.01-88.00X.01-89.00X.01<\/p>\n<\/div><div class=\"special-heading-border\"><div class=\"special-heading-inner-border\"><\/div><\/div><\/div><br \/>\n<section  class='av_textblock_section av-av_textblock-7f8506aaef676c283cec0776b38bb511 '   itemscope=\"itemscope\" itemtype=\"https:\/\/schema.org\/CreativeWork\" ><div class='avia_textblock'  itemprop=\"text\" ><p>Steril Tripleks Cerrahi \u00d6nl\u00fck (S, M, L, XL, XXL, XXXL), cerrahi hastalar\u0131 ve ameliyathane personelini mikroorganizmalar\u0131n, v\u00fccut s\u0131v\u0131lar\u0131n\u0131n ve partik\u00fcl materyallerin transferinden korumak i\u00e7in tasarlanm\u0131\u015f steril, tek kullan\u0131ml\u0131k bir cerrahi \u00f6nl\u00fckt\u00fcr. Test edilmi\u015f ve AAMI Standard\u0131 PB70 uyar\u0131nca kritik b\u00f6lgelerde Seviye 4 olarak s\u0131n\u0131fland\u0131r\u0131lm\u0131\u015ft\u0131r: Sa\u011fl\u0131k Tesislerinde Kullan\u0131lmas\u0131 Ama\u00e7lanan Koruyucu Giysi ve \u00d6rt\u00fclerin S\u0131v\u0131 Bariyer Performans\u0131 ve S\u0131n\u0131fland\u0131r\u0131lmas\u0131.<\/p>\n<\/div><\/section><br \/>\n<div class='avia-data-table-wrap av-av_table-e389ce42c4b648166e325b04dde3e313 avia_responsive_table avia-table-1'><table  id=\"uruntable1\"  class='avia-table avia-data-table avia_pricing_default  avia-builder-el-8  el_after_av_textblock  avia-builder-el-last  uruntable1'  itemscope=\"itemscope\" itemtype=\"https:\/\/schema.org\/Table\" ><tbody><tr class='avia-heading-row'><th class=''>REFERANS KODU<\/th><th class=''>\u00dcR\u00dcN \u0130\u00c7ER\u0130\u011e\u0130<\/th><th class=''>BOYUT<\/th><\/tr><tr class=''><td class=''>87.001.01<\/td><td class=''>Steril Tripleks Cerrahi \u00d6nl\u00fck ile 1 El Kurulama Havlusu<\/td><td class=''>S<\/td><\/tr><tr class=''><td class=''>87.002.01<\/td><td class=''>Steril Tripleks Cerrahi \u00d6nl\u00fck ile 1 El Kurulama Havlusu<\/td><td class=''>M<\/td><\/tr><tr class=''><td class=''>87.003.01<\/td><td class=''>Steril Tripleks Cerrahi \u00d6nl\u00fck ile 1 El Kurulama Havlusu<\/td><td class=''>L<\/td><\/tr><tr class=''><td class=''>87.004.01<\/td><td class=''>Steril Tripleks Cerrahi \u00d6nl\u00fck ile 1 El Kurulama Havlusu<\/td><td class=''>XL<\/td><\/tr><tr class=''><td class=''>87.005.01<\/td><td class=''>Steril Tripleks Cerrahi \u00d6nl\u00fck ile 1 El Kurulama Havlusu<\/td><td class=''>XXL<\/td><\/tr><tr class=''><td class=''>87.006.01<\/td><td class=''>Steril Tripleks Cerrahi \u00d6nl\u00fck ile 1 El Kurulama Havlusu<\/td><td class=''>XXXL<\/td><\/tr><tr class='avia-heading-row'><th class=''><\/th><th class=''><\/th><th class=''><\/th><\/tr><tr class=''><td class=''>88.001.01<\/td><td class=''>Steril Tripleks Cerrahi \u00d6nl\u00fck ile 2 El Kurulama Havlusu<\/td><td class=''>S<\/td><\/tr><tr class=''><td class=''>88.002.01<\/td><td class=''>Steril Tripleks Cerrahi \u00d6nl\u00fck ile 2 El Kurulama Havlusu<\/td><td class=''>M<\/td><\/tr><tr class=''><td class=''>88.003.01<\/td><td class=''>Steril Tripleks Cerrahi \u00d6nl\u00fck ile 2 El Kurulama Havlusu<\/td><td class=''>L<\/td><\/tr><tr class=''><td class=''>88.004.01<\/td><td class=''>Steril Tripleks Cerrahi \u00d6nl\u00fck ile 2 El Kurulama Havlusu<\/td><td class=''>XL<\/td><\/tr><tr class=''><td class=''>88.005.01<\/td><td class=''>Steril Tripleks Cerrahi \u00d6nl\u00fck ile 2 El Kurulama Havlusu<\/td><td class=''>XXL<\/td><\/tr><tr class=''><td class=''>88.006.01<\/td><td class=''>Steril Tripleks Cerrahi \u00d6nl\u00fck ile 2 El Kurulama Havlusu<\/td><td class=''>XXXL<\/td><\/tr><tr class='avia-heading-row'><th class=''><\/th><th class=''><\/th><th class=''><\/th><\/tr><tr class=''><td class=''>89.001.01<\/td><td class=''>Steril Tripleks Cerrahi \u00d6nl\u00fck<\/td><td class=''>S<\/td><\/tr><tr class=''><td class=''>89.002.01<\/td><td class=''>Steril Tripleks Cerrahi \u00d6nl\u00fck<\/td><td class=''>M<\/td><\/tr><tr class=''><td class=''>89.003.01<\/td><td class=''>Steril Tripleks Cerrahi \u00d6nl\u00fck<\/td><td class=''>L<\/td><\/tr><tr class=''><td class=''>89.004.01<\/td><td class=''>Steril Tripleks Cerrahi \u00d6nl\u00fck<\/td><td class=''>XL<\/td><\/tr><tr class=''><td class=''>89.005.01<\/td><td class=''>Steril Tripleks Cerrahi \u00d6nl\u00fck<\/td><td class=''>XXL<\/td><\/tr><tr class=''><td class=''>89.006.01<\/td><td class=''>Steril Tripleks Cerrahi \u00d6nl\u00fck<\/td><td class=''>XXXL<\/td><\/tr><\/tbody><\/table><\/div><style type='text\/css'>.avia-table-1 td:nth-of-type(1):before { content: 'REFERANS KODU'; } .avia-table-1 td:nth-of-type(2):before { content: '\u00dcR\u00dcN \u0130\u00c7ER\u0130\u011e\u0130'; } .avia-table-1 td:nth-of-type(3):before { content: 'BOYUT'; } <\/style><\/p><\/div>\n<\/div><\/div><\/div>\n","protected":false},"excerpt":{"rendered":"","protected":false},"author":1,"featured_media":0,"parent":0,"menu_order":0,"comment_status":"closed","ping_status":"closed","template":"","meta":{"footnotes":""},"class_list":["post-4594","page","type-page","status-publish","hentry"],"_links":{"self":[{"href":"https:\/\/medcare.com.tr\/tr\/wp-json\/wp\/v2\/pages\/4594","targetHints":{"allow":["GET"]}}],"collection":[{"href":"https:\/\/medcare.com.tr\/tr\/wp-json\/wp\/v2\/pages"}],"about":[{"href":"https:\/\/medcare.com.tr\/tr\/wp-json\/wp\/v2\/types\/page"}],"author":[{"embeddable":true,"href":"https:\/\/medcare.com.tr\/tr\/wp-json\/wp\/v2\/users\/1"}],"replies":[{"embeddable":true,"href":"https:\/\/medcare.com.tr\/tr\/wp-json\/wp\/v2\/comments?post=4594"}],"version-history":[{"count":10,"href":"https:\/\/medcare.com.tr\/tr\/wp-json\/wp\/v2\/pages\/4594\/revisions"}],"predecessor-version":[{"id":5145,"href":"https:\/\/medcare.com.tr\/tr\/wp-json\/wp\/v2\/pages\/4594\/revisions\/5145"}],"wp:attachment":[{"href":"https:\/\/medcare.com.tr\/tr\/wp-json\/wp\/v2\/media?parent=4594"}],"curies":[{"name":"wp","href":"https:\/\/api.w.org\/{rel}","templated":true}]}}