{"id":4590,"date":"2023-11-09T11:11:38","date_gmt":"2023-11-09T08:11:38","guid":{"rendered":"https:\/\/medcare.com.tr\/tr\/?page_id=4590"},"modified":"2024-08-15T10:00:19","modified_gmt":"2024-08-15T07:00:19","slug":"uretim","status":"publish","type":"page","link":"https:\/\/medcare.com.tr\/tr\/uretim\/","title":{"rendered":"\u00dcretim"},"content":{"rendered":"<div id='av_section_1'  class='avia-section av-17io5a-fbee6d465acc836120168945fb112007 main_color avia-section-default avia-no-border-styling  avia-builder-el-0  avia-builder-el-no-sibling  avia-bg-style-scroll container_wrap fullsize'  ><div class='container av-section-cont-open' ><main  role=\"main\" itemprop=\"mainContentOfPage\"  class='template-page content  av-content-full alpha units'><div class='post-entry post-entry-type-page post-entry-4590'><div class='entry-content-wrapper clearfix'>\n<div  class='flex_column av-av_one_half-8ffd49b9e96b83647201aa62ad30950d av_one_half  avia-builder-el-1  el_before_av_one_half  avia-builder-el-first  first flex_column_div  '     ><p>\n<style type=\"text\/css\" data-created_by=\"avia_inline_auto\" id=\"style-css-av-lzuxd9xn-783dfdf99e76ce07df6aa05fb7d17e2e\">\n#top .av-special-heading.av-lzuxd9xn-783dfdf99e76ce07df6aa05fb7d17e2e{\npadding-bottom:10px;\ncolor:#000e7a;\n}\nbody .av-special-heading.av-lzuxd9xn-783dfdf99e76ce07df6aa05fb7d17e2e .av-special-heading-tag .heading-char{\nfont-size:25px;\n}\n.av-special-heading.av-lzuxd9xn-783dfdf99e76ce07df6aa05fb7d17e2e .special-heading-inner-border{\nborder-color:#000e7a;\n}\n.av-special-heading.av-lzuxd9xn-783dfdf99e76ce07df6aa05fb7d17e2e .av-subheading{\nfont-size:15px;\n}\n<\/style>\n<div  class='av-special-heading av-lzuxd9xn-783dfdf99e76ce07df6aa05fb7d17e2e av-special-heading-h3 custom-color-heading  avia-builder-el-2  el_before_av_textblock  avia-builder-el-first '><h3 class='av-special-heading-tag'  itemprop=\"headline\"  >Sterilizasyon S\u00fcreci<\/h3><div class=\"special-heading-border\"><div class=\"special-heading-inner-border\"><\/div><\/div><\/div><br \/>\n<section  class='av_textblock_section av-lzuxitvz-ddd81b4a450a9eced0b048504aceb725 '   itemscope=\"itemscope\" itemtype=\"https:\/\/schema.org\/CreativeWork\" ><div class='avia_textblock'  itemprop=\"text\" ><p>Y\u00fcksek \u00fcr\u00fcn kapasitesine sahip Etilen oksit sterilizasyon cihazlar\u0131 sayesinde \u00fcr\u00fcnlerimiz &#8220;ISO 11135 Sa\u011fl\u0131k malzemelerinin sterilizasyonu &#8211; Etilen oksit&#8221; standard\u0131na uygun olarak sterilize edilmekte ve validasyon s\u00fcreci de bu standarda g\u00f6re ger\u00e7ekle\u015ftirilmektedir.<\/p>\n<\/div><\/section><\/p><\/div><div  class='flex_column av-av_one_half-6b5dd89866f4b8553327b345e3382258 av_one_half  avia-builder-el-4  el_after_av_one_half  el_before_av_one_half  flex_column_div  '     ><div id='av-masonry-1' class='av-masonry av-7dt2ke-5e7aabbafc32aa5450cec502d35ccf04 noHover av-fixed-size av-large-gap av-hover-overlay-active av-masonry-animation-active av-masonry-col-4 av-caption-always av-caption-style- av-masonry-gallery av-orientation-square ' data-post_id=\"4590\"><div class=\"av-masonry-container isotope av-js-disabled\"><div class='av-masonry-entry isotope-item av-masonry-item-no-image '><\/div><a href=\"https:\/\/medcare.com.tr\/tr\/wp-content\/uploads\/2023\/11\/Sterilizasyon-1.png\" data-srcset=\"https:\/\/medcare.com.tr\/tr\/wp-content\/uploads\/2023\/11\/Sterilizasyon-1.png 800w, https:\/\/medcare.com.tr\/tr\/wp-content\/uploads\/2023\/11\/Sterilizasyon-1-300x169.png 300w, https:\/\/medcare.com.tr\/tr\/wp-content\/uploads\/2023\/11\/Sterilizasyon-1-768x432.png 768w, https:\/\/medcare.com.tr\/tr\/wp-content\/uploads\/2023\/11\/Sterilizasyon-1-705x397.png 705w\" data-sizes=\"(max-width: 800px) 100vw, 800px\"  aria-label=\"image image with no title\"  id='av-masonry-1-item-3878' data-av-masonry-item='3878' class='av-masonry-entry isotope-item post-3878 attachment type-attachment status-inherit hentry  av-masonry-item-with-image' title=\"\" alt=\"\"    itemprop=\"thumbnailUrl\" ><div class='av-inner-masonry-sizer'><\/div><figure class='av-inner-masonry main_color'><div class=\"av-masonry-outerimage-container\"><div class='av-masonry-image-container' style=\"background-image: url(https:\/\/medcare.com.tr\/tr\/wp-content\/uploads\/2023\/11\/Sterilizasyon-1-705x397.png);\"  ><\/div><\/div><\/figure><\/a><!--end av-masonry entry--><a href=\"https:\/\/medcare.com.tr\/tr\/wp-content\/uploads\/2023\/11\/Sterilizasyon-2.png\" data-srcset=\"https:\/\/medcare.com.tr\/tr\/wp-content\/uploads\/2023\/11\/Sterilizasyon-2.png 800w, https:\/\/medcare.com.tr\/tr\/wp-content\/uploads\/2023\/11\/Sterilizasyon-2-300x168.png 300w, https:\/\/medcare.com.tr\/tr\/wp-content\/uploads\/2023\/11\/Sterilizasyon-2-768x431.png 768w, https:\/\/medcare.com.tr\/tr\/wp-content\/uploads\/2023\/11\/Sterilizasyon-2-705x396.png 705w\" data-sizes=\"(max-width: 800px) 100vw, 800px\"  aria-label=\"image image with no title\"  id='av-masonry-1-item-3879' data-av-masonry-item='3879' class='av-masonry-entry isotope-item post-3879 attachment type-attachment status-inherit hentry  av-masonry-item-with-image' title=\"\" alt=\"\"    itemprop=\"thumbnailUrl\" ><div class='av-inner-masonry-sizer'><\/div><figure class='av-inner-masonry main_color'><div class=\"av-masonry-outerimage-container\"><div class='av-masonry-image-container' style=\"background-image: url(https:\/\/medcare.com.tr\/tr\/wp-content\/uploads\/2023\/11\/Sterilizasyon-2-705x396.png);\"  ><\/div><\/div><\/figure><\/a><!--end av-masonry entry--><a href=\"https:\/\/medcare.com.tr\/tr\/wp-content\/uploads\/2023\/11\/Sterilizasyon-4.png\" data-srcset=\"https:\/\/medcare.com.tr\/tr\/wp-content\/uploads\/2023\/11\/Sterilizasyon-4.png 800w, https:\/\/medcare.com.tr\/tr\/wp-content\/uploads\/2023\/11\/Sterilizasyon-4-300x163.png 300w, https:\/\/medcare.com.tr\/tr\/wp-content\/uploads\/2023\/11\/Sterilizasyon-4-768x418.png 768w, https:\/\/medcare.com.tr\/tr\/wp-content\/uploads\/2023\/11\/Sterilizasyon-4-705x383.png 705w\" data-sizes=\"(max-width: 800px) 100vw, 800px\"  aria-label=\"image image with no title\"  id='av-masonry-1-item-3881' data-av-masonry-item='3881' class='av-masonry-entry isotope-item post-3881 attachment type-attachment status-inherit hentry  av-masonry-item-with-image' title=\"\" alt=\"\"    itemprop=\"thumbnailUrl\" ><div class='av-inner-masonry-sizer'><\/div><figure class='av-inner-masonry main_color'><div class=\"av-masonry-outerimage-container\"><div class='av-masonry-image-container' style=\"background-image: url(https:\/\/medcare.com.tr\/tr\/wp-content\/uploads\/2023\/11\/Sterilizasyon-4-705x383.png);\"  ><\/div><\/div><\/figure><\/a><!--end av-masonry entry--><a href=\"https:\/\/medcare.com.tr\/tr\/wp-content\/uploads\/2023\/11\/Sterilizasyon-3.png\" data-srcset=\"https:\/\/medcare.com.tr\/tr\/wp-content\/uploads\/2023\/11\/Sterilizasyon-3.png 800w, https:\/\/medcare.com.tr\/tr\/wp-content\/uploads\/2023\/11\/Sterilizasyon-3-300x169.png 300w, https:\/\/medcare.com.tr\/tr\/wp-content\/uploads\/2023\/11\/Sterilizasyon-3-768x432.png 768w, https:\/\/medcare.com.tr\/tr\/wp-content\/uploads\/2023\/11\/Sterilizasyon-3-705x397.png 705w\" data-sizes=\"(max-width: 800px) 100vw, 800px\"  aria-label=\"image image with no title\"  id='av-masonry-1-item-3880' data-av-masonry-item='3880' class='av-masonry-entry isotope-item post-3880 attachment type-attachment status-inherit hentry  av-masonry-item-with-image' title=\"\" alt=\"\"    itemprop=\"thumbnailUrl\" ><div class='av-inner-masonry-sizer'><\/div><figure class='av-inner-masonry main_color'><div class=\"av-masonry-outerimage-container\"><div class='av-masonry-image-container' style=\"background-image: url(https:\/\/medcare.com.tr\/tr\/wp-content\/uploads\/2023\/11\/Sterilizasyon-3-705x397.png);\"  ><\/div><\/div><\/figure><\/a><!--end av-masonry entry--><\/div><\/div><\/div><div  class='flex_column av-av_one_half-8ffd49b9e96b83647201aa62ad30950d av_one_half  avia-builder-el-6  el_after_av_one_half  el_before_av_one_half  first flex_column_div  column-top-margin'     ><p>\n<style type=\"text\/css\" data-created_by=\"avia_inline_auto\" id=\"style-css-av-lzuxfaay-114dab182777ede98052b4280752633c\">\n#top .av-special-heading.av-lzuxfaay-114dab182777ede98052b4280752633c{\npadding-bottom:10px;\ncolor:#000e7a;\n}\nbody .av-special-heading.av-lzuxfaay-114dab182777ede98052b4280752633c .av-special-heading-tag .heading-char{\nfont-size:25px;\n}\n.av-special-heading.av-lzuxfaay-114dab182777ede98052b4280752633c .special-heading-inner-border{\nborder-color:#000e7a;\n}\n.av-special-heading.av-lzuxfaay-114dab182777ede98052b4280752633c .av-subheading{\nfont-size:15px;\n}\n<\/style>\n<div  class='av-special-heading av-lzuxfaay-114dab182777ede98052b4280752633c av-special-heading-h3 custom-color-heading  avia-builder-el-7  el_before_av_textblock  avia-builder-el-first '><h3 class='av-special-heading-tag'  itemprop=\"headline\"  >Temiz Oda Alan\u0131<\/h3><div class=\"special-heading-border\"><div class=\"special-heading-inner-border\"><\/div><\/div><\/div><br \/>\n<section  class='av_textblock_section av-lzuxjbp5-9c50d6c77f8d1ce6e88fa2c143498419 '   itemscope=\"itemscope\" itemtype=\"https:\/\/schema.org\/CreativeWork\" ><div class='avia_textblock'  itemprop=\"text\" ><p>\u00dcretim, montaj ve paketleme s\u00fcre\u00e7lerimiz ISO 14644 standard\u0131na uygun olarak mikroorganizma partik\u00fcl y\u00fck\u00fcn\u00fc minimum seviyede tutmak i\u00e7in ISO 8 s\u0131n\u0131f\u0131 temiz odada ger\u00e7ekle\u015ftirilmektedir.<\/p>\n<\/div><\/section><\/p><\/div><div  class='flex_column av-av_one_half-6b5dd89866f4b8553327b345e3382258 av_one_half  avia-builder-el-9  el_after_av_one_half  avia-builder-el-last  flex_column_div  column-top-margin'     ><div id='av-masonry-2' class='av-masonry av-32v83i-b1df26e9c073e6187392356d0819c491 noHover av-fixed-size av-large-gap av-hover-overlay-active av-masonry-animation-active av-masonry-col-4 av-caption-always av-caption-style- av-masonry-gallery av-orientation-square ' data-post_id=\"4590\"><div class=\"av-masonry-container isotope av-js-disabled\"><div class='av-masonry-entry isotope-item av-masonry-item-no-image '><\/div><a href=\"https:\/\/medcare.com.tr\/tr\/wp-content\/uploads\/2023\/11\/Cleanroom-1.jpeg\" data-srcset=\"https:\/\/medcare.com.tr\/tr\/wp-content\/uploads\/2023\/11\/Cleanroom-1.jpeg 1000w, https:\/\/medcare.com.tr\/tr\/wp-content\/uploads\/2023\/11\/Cleanroom-1-300x225.jpeg 300w, https:\/\/medcare.com.tr\/tr\/wp-content\/uploads\/2023\/11\/Cleanroom-1-768x576.jpeg 768w, https:\/\/medcare.com.tr\/tr\/wp-content\/uploads\/2023\/11\/Cleanroom-1-705x529.jpeg 705w\" data-sizes=\"(max-width: 1000px) 100vw, 1000px\"  aria-label=\"image image with no title\"  id='av-masonry-2-item-3886' data-av-masonry-item='3886' class='av-masonry-entry isotope-item post-3886 attachment type-attachment status-inherit hentry  av-masonry-item-with-image' title=\"\" alt=\"\"    itemprop=\"thumbnailUrl\" ><div class='av-inner-masonry-sizer'><\/div><figure class='av-inner-masonry main_color'><div class=\"av-masonry-outerimage-container\"><div class='av-masonry-image-container' style=\"background-image: url(https:\/\/medcare.com.tr\/tr\/wp-content\/uploads\/2023\/11\/Cleanroom-1-705x529.jpeg);\"  ><\/div><\/div><\/figure><\/a><!--end av-masonry entry--><a href=\"https:\/\/medcare.com.tr\/tr\/wp-content\/uploads\/2023\/11\/Cleanroom-2.jpeg\" data-srcset=\"https:\/\/medcare.com.tr\/tr\/wp-content\/uploads\/2023\/11\/Cleanroom-2.jpeg 1000w, https:\/\/medcare.com.tr\/tr\/wp-content\/uploads\/2023\/11\/Cleanroom-2-300x225.jpeg 300w, https:\/\/medcare.com.tr\/tr\/wp-content\/uploads\/2023\/11\/Cleanroom-2-768x576.jpeg 768w, https:\/\/medcare.com.tr\/tr\/wp-content\/uploads\/2023\/11\/Cleanroom-2-705x529.jpeg 705w\" data-sizes=\"(max-width: 1000px) 100vw, 1000px\"  aria-label=\"image image with no title\"  id='av-masonry-2-item-3887' data-av-masonry-item='3887' class='av-masonry-entry isotope-item post-3887 attachment type-attachment status-inherit hentry  av-masonry-item-with-image' title=\"\" alt=\"\"    itemprop=\"thumbnailUrl\" ><div class='av-inner-masonry-sizer'><\/div><figure class='av-inner-masonry main_color'><div class=\"av-masonry-outerimage-container\"><div class='av-masonry-image-container' style=\"background-image: url(https:\/\/medcare.com.tr\/tr\/wp-content\/uploads\/2023\/11\/Cleanroom-2-705x529.jpeg);\"  ><\/div><\/div><\/figure><\/a><!--end av-masonry entry--><a href=\"https:\/\/medcare.com.tr\/tr\/wp-content\/uploads\/2023\/11\/Cleanroom-3.jpeg\" data-srcset=\"https:\/\/medcare.com.tr\/tr\/wp-content\/uploads\/2023\/11\/Cleanroom-3.jpeg 1000w, https:\/\/medcare.com.tr\/tr\/wp-content\/uploads\/2023\/11\/Cleanroom-3-300x225.jpeg 300w, https:\/\/medcare.com.tr\/tr\/wp-content\/uploads\/2023\/11\/Cleanroom-3-768x576.jpeg 768w, https:\/\/medcare.com.tr\/tr\/wp-content\/uploads\/2023\/11\/Cleanroom-3-705x529.jpeg 705w\" data-sizes=\"(max-width: 1000px) 100vw, 1000px\"  aria-label=\"image image with no title\"  id='av-masonry-2-item-3888' data-av-masonry-item='3888' class='av-masonry-entry isotope-item post-3888 attachment type-attachment status-inherit hentry  av-masonry-item-with-image' title=\"\" alt=\"\"    itemprop=\"thumbnailUrl\" ><div class='av-inner-masonry-sizer'><\/div><figure class='av-inner-masonry main_color'><div class=\"av-masonry-outerimage-container\"><div class='av-masonry-image-container' style=\"background-image: url(https:\/\/medcare.com.tr\/tr\/wp-content\/uploads\/2023\/11\/Cleanroom-3-705x529.jpeg);\"  ><\/div><\/div><\/figure><\/a><!--end av-masonry entry--><a href=\"https:\/\/medcare.com.tr\/tr\/wp-content\/uploads\/2023\/11\/Cleanroom-4.jpeg\" data-srcset=\"https:\/\/medcare.com.tr\/tr\/wp-content\/uploads\/2023\/11\/Cleanroom-4.jpeg 1000w, https:\/\/medcare.com.tr\/tr\/wp-content\/uploads\/2023\/11\/Cleanroom-4-300x225.jpeg 300w, https:\/\/medcare.com.tr\/tr\/wp-content\/uploads\/2023\/11\/Cleanroom-4-768x576.jpeg 768w, https:\/\/medcare.com.tr\/tr\/wp-content\/uploads\/2023\/11\/Cleanroom-4-705x529.jpeg 705w\" data-sizes=\"(max-width: 1000px) 100vw, 1000px\"  aria-label=\"image image with no title\"  id='av-masonry-2-item-3889' data-av-masonry-item='3889' class='av-masonry-entry isotope-item post-3889 attachment type-attachment status-inherit hentry  av-masonry-item-with-image' title=\"\" alt=\"\"    itemprop=\"thumbnailUrl\" ><div class='av-inner-masonry-sizer'><\/div><figure class='av-inner-masonry main_color'><div class=\"av-masonry-outerimage-container\"><div class='av-masonry-image-container' style=\"background-image: url(https:\/\/medcare.com.tr\/tr\/wp-content\/uploads\/2023\/11\/Cleanroom-4-705x529.jpeg);\"  ><\/div><\/div><\/figure><\/a><!--end av-masonry entry--><\/div><\/div><\/div>\n","protected":false},"excerpt":{"rendered":"","protected":false},"author":1,"featured_media":0,"parent":0,"menu_order":0,"comment_status":"closed","ping_status":"closed","template":"","meta":{"footnotes":""},"class_list":["post-4590","page","type-page","status-publish","hentry"],"_links":{"self":[{"href":"https:\/\/medcare.com.tr\/tr\/wp-json\/wp\/v2\/pages\/4590","targetHints":{"allow":["GET"]}}],"collection":[{"href":"https:\/\/medcare.com.tr\/tr\/wp-json\/wp\/v2\/pages"}],"about":[{"href":"https:\/\/medcare.com.tr\/tr\/wp-json\/wp\/v2\/types\/page"}],"author":[{"embeddable":true,"href":"https:\/\/medcare.com.tr\/tr\/wp-json\/wp\/v2\/users\/1"}],"replies":[{"embeddable":true,"href":"https:\/\/medcare.com.tr\/tr\/wp-json\/wp\/v2\/comments?post=4590"}],"version-history":[{"count":5,"href":"https:\/\/medcare.com.tr\/tr\/wp-json\/wp\/v2\/pages\/4590\/revisions"}],"predecessor-version":[{"id":5134,"href":"https:\/\/medcare.com.tr\/tr\/wp-json\/wp\/v2\/pages\/4590\/revisions\/5134"}],"wp:attachment":[{"href":"https:\/\/medcare.com.tr\/tr\/wp-json\/wp\/v2\/media?parent=4590"}],"curies":[{"name":"wp","href":"https:\/\/api.w.org\/{rel}","templated":true}]}}