{"id":3893,"date":"2023-11-02T16:46:27","date_gmt":"2023-11-02T13:46:27","guid":{"rendered":"https:\/\/medcare.com.tr\/tr\/?page_id=3893"},"modified":"2024-08-15T09:50:31","modified_gmt":"2024-08-15T06:50:31","slug":"milestones","status":"publish","type":"page","link":"https:\/\/medcare.com.tr\/tr\/milestones\/","title":{"rendered":"Milestones"},"content":{"rendered":"\n<style type=\"text\/css\" data-created_by=\"avia_inline_auto\" id=\"style-css-av-3hfoqd-e3a5fcfc3222c44d8ec2ee47abe085ee\">\n.avia-section.av-3hfoqd-e3a5fcfc3222c44d8ec2ee47abe085ee{\nbackground-repeat:no-repeat;\nbackground-image:url(https:\/\/medcare.com.tr\/tr\/wp-content\/uploads\/2024\/08\/sunlight-colorful-abstract-blue-underwater-jellyfish-719179-wallhere.com_-300x188.jpg);\nbackground-position:50% 0%;\nbackground-attachment:scroll;\n}\n<\/style>\n<div id='av_section_1'  class='avia-section av-3hfoqd-e3a5fcfc3222c44d8ec2ee47abe085ee main_color avia-section-large avia-no-border-styling  avia-builder-el-0  el_before_av_layout_row  avia-builder-el-first  avia-full-stretch avia-bg-style-scroll container_wrap fullsize'  data-section-bg-repeat='stretch'><div class='container av-section-cont-open' ><main  role=\"main\" itemprop=\"mainContentOfPage\"  class='template-page content  av-content-full alpha units'><div class='post-entry post-entry-type-page post-entry-3893'><div class='entry-content-wrapper clearfix'>\n<div class='flex_column_table av-39wzd1-f2fc0691f734f1dd7771d6a73d70dae6 sc-av_one_full av-equal-height-column-flextable'>\n<style type=\"text\/css\" data-created_by=\"avia_inline_auto\" id=\"style-css-av-39wzd1-f2fc0691f734f1dd7771d6a73d70dae6\">\n.flex_column.av-39wzd1-f2fc0691f734f1dd7771d6a73d70dae6{\nwidth:100%;\nmargin-left:0;\n}\n#top .flex_column_table.av-equal-height-column-flextable.av-39wzd1-f2fc0691f734f1dd7771d6a73d70dae6 .av-flex-placeholder{\nwidth:0%;\n}\n<\/style>\n<div  class='flex_column av-39wzd1-f2fc0691f734f1dd7771d6a73d70dae6 av_one_full  avia-builder-el-1  avia-builder-el-no-sibling  first flex_column_table_cell av-equal-height-column av-align-bottom  '     ><style type=\"text\/css\" data-created_by=\"avia_inline_auto\" id=\"style-css-av-loh8pk6k-90e5ddf792c1a9041e950bd19b84e68f\">\n#top .av-special-heading.av-loh8pk6k-90e5ddf792c1a9041e950bd19b84e68f{\npadding-bottom:10px;\ncolor:#ffffff;\nfont-size:45px;\n}\nbody .av-special-heading.av-loh8pk6k-90e5ddf792c1a9041e950bd19b84e68f .av-special-heading-tag .heading-char{\nfont-size:25px;\n}\n#top #wrap_all .av-special-heading.av-loh8pk6k-90e5ddf792c1a9041e950bd19b84e68f .av-special-heading-tag{\nfont-size:45px;\n}\n.av-special-heading.av-loh8pk6k-90e5ddf792c1a9041e950bd19b84e68f .special-heading-inner-border{\nborder-color:#ffffff;\n}\n.av-special-heading.av-loh8pk6k-90e5ddf792c1a9041e950bd19b84e68f .av-subheading{\nfont-size:16px;\n}\n\n@media only screen and (min-width: 480px) and (max-width: 767px){ \n#top #wrap_all .av-special-heading.av-loh8pk6k-90e5ddf792c1a9041e950bd19b84e68f .av-special-heading-tag{\nfont-size:0.8em;\n}\n}\n\n@media only screen and (max-width: 479px){ \n#top #wrap_all .av-special-heading.av-loh8pk6k-90e5ddf792c1a9041e950bd19b84e68f .av-special-heading-tag{\nfont-size:0.8em;\n}\n}\n<\/style>\n<div  id=\"girisbaslik\"  class='av-special-heading av-loh8pk6k-90e5ddf792c1a9041e950bd19b84e68f av-special-heading-h3 custom-color-heading blockquote modern-quote modern-centered  avia-builder-el-2  avia-builder-el-no-sibling  girisbaslik girisbaslik av-inherit-size'><h3 class='av-special-heading-tag'  itemprop=\"headline\"  >Kilometre Ta\u015flar\u0131<\/h3><div class=\"special-heading-border\"><div class=\"special-heading-inner-border\"><\/div><\/div><\/div><\/div><\/div><!--close column table wrapper. Autoclose: 1 -->\n\n<\/div><\/div><\/main><!-- close content main element --><\/div><\/div><div id='av-layout-grid-1'  class='av-layout-grid-container av-4glz5h-de616731d2731a4afee616ba96bde80c entry-content-wrapper main_color av-flex-cells  avia-builder-el-3  el_after_av_section  avia-builder-el-last  grid-row-not-first  container_wrap fullsize'  >\n<div class='flex_cell av-2bw9ut-38c96db765cf4131cd9df8bc7da589dc av-gridrow-cell av_one_full no_margin  avia-builder-el-4  avia-builder-el-no-sibling '  ><div class='flex_cell_inner'><div  class='flex_column av-22eer9-3c36f390b3f847417ab7729a602e402e av_one_full  avia-builder-el-5  avia-builder-el-no-sibling  first flex_column_div  '     ><style type=\"text\/css\" data-created_by=\"avia_inline_auto\" id=\"style-css-av-lztx84z4-3f4c13cafb01fb7a0715c38ec18b313e\">\n.avia-timeline-container.av-lztx84z4-3f4c13cafb01fb7a0715c38ec18b313e .av-milestone-date{\nfont-size:15px;\ncolor:#719dd6;\n}\n.avia-timeline-container.av-lztx84z4-3f4c13cafb01fb7a0715c38ec18b313e .av-milestone-title{\nfont-size:15px;\n}\n.avia-timeline-container.av-lztx84z4-3f4c13cafb01fb7a0715c38ec18b313e .av-milestone-content{\nfont-size:15px;\n}\n.avia-timeline-container.av-lztx84z4-3f4c13cafb01fb7a0715c38ec18b313e .av-milestone-icon-inner{\nbackground-color:#719dd6;\n}\n.avia-timeline-container.av-lztx84z4-3f4c13cafb01fb7a0715c38ec18b313e .av-milestone-indicator{\nbackground-color:#719dd6;\n}\n.avia-timeline-container.av-lztx84z4-3f4c13cafb01fb7a0715c38ec18b313e .av-milestone-article-footer{\nbackground-color:#719dd6;\n}\n<\/style>\n<div  id=\"avia-timeline-1\"  class='avia-timeline-container av-lztx84z4-3f4c13cafb01fb7a0715c38ec18b313e av-slideshow-ui  avia-builder-el-6  avia-builder-el-no-sibling ' ><ul class='avia-timeline avia-timeline-vertical av-milestone-placement-alternate avia-timeline-boxshadow avia_animate_when_almost_visible avia-timeline-animate'>\n<li  class='av-milestone av-lztw9g46-3b56755272b383d5e3f5bb99a4518d1c av-animated-generic fade-in av-milestone-valign-baseline av-milestone-odd'><h2 class='av-milestone-date ' id='milestone-13-06-2016'><strong>13.06.2016<span class='av-milestone-indicator'><\/span><\/strong><\/h2><div class=\"av-milestone-icon-wrap\"><span class='av-milestone-icon milestone_icon avia-font-milestone'><span class='av-milestone-icon-inner milestone_inner'><i class='milestone-char' aria-hidden='true' data-av_icon='\uf102' data-av_iconfont='milestone'><\/i><\/span><\/span><\/div><article class='av-milestone-content-wrap'><div class='av-milestone-contentbox'><div class='av-milestone-content'><p>Kurulu\u015f<\/p>\n<\/div><\/div><footer class='av-milestone-article-footer entry-footer'><\/footer><\/article><\/li>\n<li  class='av-milestone av-lztwmbt4-4c6ca8352406b087bfa3099b474e6087 av-animated-generic fade-in av-milestone-valign-baseline av-milestone-even'><h2 class='av-milestone-date ' id='milestone-23-12-2016'><strong>23.12.2016<span class='av-milestone-indicator'><\/span><\/strong><\/h2><article class='av-milestone-content-wrap'><div class='av-milestone-contentbox'><div class='av-milestone-content'><p>EN ISO 13485 Sertifikas\u0131<\/p>\n<\/div><\/div><footer class='av-milestone-article-footer entry-footer'><\/footer><\/article><div class=\"av-milestone-icon-wrap\"><span class='av-milestone-icon milestone_icon avia-font-milestone'><span class='av-milestone-icon-inner milestone_inner'><i class='milestone-char' aria-hidden='true' data-av_icon='\uf103' data-av_iconfont='milestone'><\/i><\/span><\/span><\/div><h2 class='av-milestone-date ' id='milestone-23-12-2016'><strong>23.12.2016<span class='av-milestone-indicator'><\/span><\/strong><\/h2><\/li>\n<li  class='av-milestone av-lztwnpdy-011c392d8f86afadc4b00d2e0ee9221e av-animated-generic fade-in av-milestone-valign-baseline av-milestone-odd'><h2 class='av-milestone-date ' id='milestone-07-04-2017'><strong>07.04.2017<span class='av-milestone-indicator'><\/span><\/strong><\/h2><div class=\"av-milestone-icon-wrap\"><span class='av-milestone-icon milestone_icon avia-font-milestone'><span class='av-milestone-icon-inner milestone_inner'><i class='milestone-char' aria-hidden='true' data-av_icon='\uf109' data-av_iconfont='milestone'><\/i><\/span><\/span><\/div><article class='av-milestone-content-wrap'><div class='av-milestone-contentbox'><div class='av-milestone-content'><p>EC Sertifikas\u0131 (93\/42\/EEC)<\/p>\n<\/div><\/div><footer class='av-milestone-article-footer entry-footer'><\/footer><\/article><\/li>\n<li  class='av-milestone av-lztwpz5e-492523c3223553b9a0a462a1ab3ad04e av-animated-generic fade-in av-milestone-valign-baseline av-milestone-even'><h2 class='av-milestone-date ' id='milestone-01-06-2017'><strong>01.06.2017<span class='av-milestone-indicator'><\/span><\/strong><\/h2><article class='av-milestone-content-wrap'><div class='av-milestone-contentbox'><div class='av-milestone-content'><p>Cerrahi \u00f6rt\u00fcler, \u00f6nl\u00fckler ve setlerin ilk \u00fcretimi<\/p>\n<\/div><\/div><footer class='av-milestone-article-footer entry-footer'><\/footer><\/article><div class=\"av-milestone-icon-wrap\"><span class='av-milestone-icon milestone_icon avia-font-milestone'><span class='av-milestone-icon-inner milestone_inner'><i class='milestone-char' aria-hidden='true' data-av_icon='\uf10b' data-av_iconfont='milestone'><\/i><\/span><\/span><\/div><h2 class='av-milestone-date ' id='milestone-01-06-2017'><strong>01.06.2017<span class='av-milestone-indicator'><\/span><\/strong><\/h2><\/li>\n<li  class='av-milestone av-lztws6vh-5f3483c939585743b8c10e66abd9d991 av-animated-generic fade-in av-milestone-valign-baseline av-milestone-odd'><h2 class='av-milestone-date ' id='milestone-01-11-2017'><strong>01.11.2017<span class='av-milestone-indicator'><\/span><\/strong><\/h2><div class=\"av-milestone-icon-wrap\"><span class='av-milestone-icon milestone_icon avia-font-entypo-fontello'><span class='av-milestone-icon-inner milestone_inner'><i class='milestone-char' aria-hidden='true' data-av_icon='\ue8b1' data-av_iconfont='entypo-fontello'><\/i><\/span><\/span><\/div><article class='av-milestone-content-wrap'><div class='av-milestone-contentbox'><div class='av-milestone-content'><p>12 \u00dclkeye \u0130hracat..<\/p>\n<\/div><\/div><footer class='av-milestone-article-footer entry-footer'><\/footer><\/article><\/li>\n<li  class='av-milestone av-lztwtua6-31b1e96931784123ccb556f75a56a113 av-animated-generic fade-in av-milestone-valign-baseline av-milestone-even'><h2 class='av-milestone-date ' id='milestone-08-04-2020'><strong>08.04.2020<span class='av-milestone-indicator'><\/span><\/strong><\/h2><article class='av-milestone-content-wrap'><div class='av-milestone-contentbox'><div class='av-milestone-content'><p>Yenileme EC Sertifikas\u0131 (93\/42\/EEC) &#8211; Onaylanm\u0131\u015f kurulu\u015f: Kiwa<\/p>\n<\/div><\/div><footer class='av-milestone-article-footer entry-footer'><\/footer><\/article><div class=\"av-milestone-icon-wrap\"><span class='av-milestone-icon milestone_icon avia-font-milestone'><span class='av-milestone-icon-inner milestone_inner'><i class='milestone-char' aria-hidden='true' data-av_icon='\uf113' data-av_iconfont='milestone'><\/i><\/span><\/span><\/div><h2 class='av-milestone-date ' id='milestone-08-04-2020'><strong>08.04.2020<span class='av-milestone-indicator'><\/span><\/strong><\/h2><\/li>\n<li  class='av-milestone av-lztwvb4u-8c183de7157ba88efdaf0f229f5b31a6 av-animated-generic fade-in av-milestone-valign-baseline av-milestone-odd'><h2 class='av-milestone-date ' id='milestone-20-08-2020'><strong>20.08.2020<span class='av-milestone-indicator'><\/span><\/strong><\/h2><div class=\"av-milestone-icon-wrap\"><span class='av-milestone-icon milestone_icon avia-font-milestone'><span class='av-milestone-icon-inner milestone_inner'><i class='milestone-char' aria-hidden='true' data-av_icon='\uf105' data-av_iconfont='milestone'><\/i><\/span><\/span><\/div><article class='av-milestone-content-wrap'><div class='av-milestone-contentbox'><div class='av-milestone-content'><p>PPE Y\u00f6netmeli\u011fi &#8211; (EU) 2016\/425 EU Tip \u0130nceleme Sertifikas\u0131 &#8211; Koruyucu Tulum Tip 5-B, 6,B<\/p>\n<\/div><\/div><footer class='av-milestone-article-footer entry-footer'><\/footer><\/article><\/li>\n<li  class='av-milestone av-lztxc6ql-77a68896f17be47d74604f472cdeb0cc av-animated-generic fade-in av-milestone-valign-baseline av-milestone-even'><h2 class='av-milestone-date ' id='milestone-01-09-2020'><strong>01.09.2020<span class='av-milestone-indicator'><\/span><\/strong><\/h2><article class='av-milestone-content-wrap'><div class='av-milestone-contentbox'><div class='av-milestone-content'><p>TS EN 13795-1 Sertifikas\u0131<\/p>\n<\/div><\/div><footer class='av-milestone-article-footer entry-footer'><\/footer><\/article><div class=\"av-milestone-icon-wrap\"><span class='av-milestone-icon milestone_icon avia-font-milestone'><span class='av-milestone-icon-inner milestone_inner'><i class='milestone-char' aria-hidden='true' data-av_icon='\uf10a' data-av_iconfont='milestone'><\/i><\/span><\/span><\/div><h2 class='av-milestone-date ' id='milestone-01-09-2020'><strong>01.09.2020<span class='av-milestone-indicator'><\/span><\/strong><\/h2><\/li>\n<li  class='av-milestone av-lztxrbfh-9c31c934d6e3aa2eddb1b56cab62521e av-animated-generic fade-in av-milestone-valign-baseline av-milestone-odd'><h2 class='av-milestone-date ' id='milestone-02-11-2020'><strong>02.11.2020<span class='av-milestone-indicator'><\/span><\/strong><\/h2><div class=\"av-milestone-icon-wrap\"><span class='av-milestone-icon milestone_icon avia-font-milestone'><span class='av-milestone-icon-inner milestone_inner'><i class='milestone-char' aria-hidden='true' data-av_icon='\uf10d' data-av_iconfont='milestone'><\/i><\/span><\/span><\/div><article class='av-milestone-content-wrap'><div class='av-milestone-contentbox'><div class='av-milestone-content'><p>PPE Y\u00f6netmeli\u011fi &#8211; (EU) 2016\/425 EU Tip \u0130nceleme Sertifikas\u0131 &#8211; \u0130zolasyon \u00d6nl\u00fc\u011f\u00fc Tip PB(6)-B<\/p>\n<\/div><\/div><footer class='av-milestone-article-footer entry-footer'><\/footer><\/article><\/li>\n<li  class='av-milestone av-lztxn4tv-777e74b2b5f5705649801f75c24d1137 av-animated-generic fade-in av-milestone-valign-baseline av-milestone-even'><h2 class='av-milestone-date ' id='milestone-18-12-2020'><strong>18.12.2020<span class='av-milestone-indicator'><\/span><\/strong><\/h2><article class='av-milestone-content-wrap'><div class='av-milestone-contentbox'><div class='av-milestone-content'><p>PPE Y\u00f6netmeli\u011fi &#8211; (EU) 2016\/425 EU Tip \u0130nceleme Sertifikas\u0131 &#8211; Koruyucu Tulum Tip 3-B, 4-B<\/p>\n<\/div><\/div><footer class='av-milestone-article-footer entry-footer'><\/footer><\/article><div class=\"av-milestone-icon-wrap\"><span class='av-milestone-icon milestone_icon avia-font-size_'><span class='av-milestone-icon-inner milestone_inner'><i class='milestone-char' aria-hidden='true' data-av_icon='\uf101' data-av_iconfont='size_'><\/i><\/span><\/span><\/div><h2 class='av-milestone-date ' id='milestone-18-12-2020'><strong>18.12.2020<span class='av-milestone-indicator'><\/span><\/strong><\/h2><\/li>\n<li  class='av-milestone av-lzty9qik-4a3d9ddcf5319d4db97254598d54bc89 av-animated-generic fade-in av-milestone-valign-baseline av-milestone-odd'><h2 class='av-milestone-date ' id='milestone-20-01-2021'><strong>20.01.2021<span class='av-milestone-indicator'><\/span><\/strong><\/h2><div class=\"av-milestone-icon-wrap\"><span class='av-milestone-icon milestone_icon avia-font-milestone'><span class='av-milestone-icon-inner milestone_inner'><i class='milestone-char' aria-hidden='true' data-av_icon='\uf10c' data-av_iconfont='milestone'><\/i><\/span><\/span><\/div><article class='av-milestone-content-wrap'><div class='av-milestone-contentbox'><div class='av-milestone-content'><p>FDA Tescil Belgesi (\u0130lk)<\/p>\n<\/div><\/div><footer class='av-milestone-article-footer entry-footer'><\/footer><\/article><\/li>\n<li  class='av-milestone av-lztydxhw-9157f6f8820062cb0feffbd02a935565 av-animated-generic fade-in av-milestone-valign-baseline av-milestone-even'><h2 class='av-milestone-date ' id='milestone-10-02-2022'><strong>10.02.2022<span class='av-milestone-indicator'><\/span><\/strong><\/h2><article class='av-milestone-content-wrap'><div class='av-milestone-contentbox'><div class='av-milestone-content'><p>Yeni \u00fcr\u00fcn-underpad i\u00e7in ilk makine montaj\u0131<\/p>\n<\/div><\/div><footer class='av-milestone-article-footer entry-footer'><\/footer><\/article><div class=\"av-milestone-icon-wrap\"><span class='av-milestone-icon milestone_icon avia-font-milestone'><span class='av-milestone-icon-inner milestone_inner'><i class='milestone-char' aria-hidden='true' data-av_icon='\uf111' data-av_iconfont='milestone'><\/i><\/span><\/span><\/div><h2 class='av-milestone-date ' id='milestone-10-02-2022'><strong>10.02.2022<span class='av-milestone-indicator'><\/span><\/strong><\/h2><\/li>\n<li  class='av-milestone av-lztyi87j-77aec31bd5f039f110aca349f69dc605 av-animated-generic fade-in av-milestone-valign-baseline av-milestone-odd'><h2 class='av-milestone-date ' id='milestone-01-03-2022'><strong>01.03.2022<span class='av-milestone-indicator'><\/span><\/strong><\/h2><div class=\"av-milestone-icon-wrap\"><span class='av-milestone-icon milestone_icon avia-font-diaper'><span class='av-milestone-icon-inner milestone_inner'><i class='milestone-char' aria-hidden='true' data-av_icon='\uf108' data-av_iconfont='diaper'><\/i><\/span><\/span><\/div><article class='av-milestone-content-wrap'><div class='av-milestone-contentbox'><div class='av-milestone-content'><p>\u0130lk Underpad \u00fcretimi<\/p>\n<\/div><\/div><footer class='av-milestone-article-footer entry-footer'><\/footer><\/article><\/li>\n<li  class='av-milestone av-lztykx3u-79840413dcf63e246685516fc4da880d av-animated-generic fade-in av-milestone-valign-baseline av-milestone-even'><h2 class='av-milestone-date ' id='milestone-16-08-2023'><strong>16.08.2023<span class='av-milestone-indicator'><\/span><\/strong><\/h2><article class='av-milestone-content-wrap'><div class='av-milestone-contentbox'><div class='av-milestone-content'><p>Steril Tripleks Cerrahi \u00d6nl\u00fcklere FDA 510(k) \u0130zni Y\u00f6netmelik No: 21 CFR 878.4040<\/p>\n<\/div><\/div><footer class='av-milestone-article-footer entry-footer'><\/footer><\/article><div class=\"av-milestone-icon-wrap\"><span class='av-milestone-icon milestone_icon avia-font-entypo-fontello'><span class='av-milestone-icon-inner milestone_inner'><i class='milestone-char' aria-hidden='true' data-av_icon='\ue812' data-av_iconfont='entypo-fontello'><\/i><\/span><\/span><\/div><h2 class='av-milestone-date ' id='milestone-16-08-2023'><strong>16.08.2023<span class='av-milestone-indicator'><\/span><\/strong><\/h2><\/li>\n<li  class='av-milestone av-lztytrln-5c0fb8919f5cdd5681b7fb0bf7834ae5 av-animated-generic fade-in av-milestone-valign-baseline av-milestone-odd'><h2 class='av-milestone-date ' id='milestone-26-09-2023'><strong>26.09.2023<span class='av-milestone-indicator'><\/span><\/strong><\/h2><div class=\"av-milestone-icon-wrap\"><span class='av-milestone-icon milestone_icon avia-font-diaper'><span class='av-milestone-icon-inner milestone_inner'><i class='milestone-char' aria-hidden='true' data-av_icon='\uf108' data-av_iconfont='diaper'><\/i><\/span><\/span><\/div><article class='av-milestone-content-wrap'><div class='av-milestone-contentbox'><div class='av-milestone-content'><p>EAC Kay\u0131t Sertifikas\u0131 &#8211; Yatak koruyucu \u00f6rt\u00fc, Yeti\u015fkin bezi, Yeti\u015fkin k\u00fclodu<\/p>\n<\/div><\/div><footer class='av-milestone-article-footer entry-footer'><\/footer><\/article><\/li>\n<li  class='av-milestone av-lztyvg0f-45e084fc07601454a7a4d29415cb4303 av-animated-generic fade-in av-milestone-valign-baseline av-milestone-even'><h2 class='av-milestone-date ' id='milestone-26-10-2023'><strong>26.10.2023<span class='av-milestone-indicator'><\/span><\/strong><\/h2><article class='av-milestone-content-wrap'><div class='av-milestone-contentbox'><div class='av-milestone-content'><p>\u015eu anda 25 \u00dclkeye ihracat yap\u0131yoruz..<\/p>\n<\/div><\/div><footer class='av-milestone-article-footer entry-footer'><\/footer><\/article><div class=\"av-milestone-icon-wrap\"><span class='av-milestone-icon milestone_icon avia-font-entypo-fontello'><span class='av-milestone-icon-inner milestone_inner'><i class='milestone-char' aria-hidden='true' data-av_icon='\ue8b6' data-av_iconfont='entypo-fontello'><\/i><\/span><\/span><\/div><h2 class='av-milestone-date ' id='milestone-26-10-2023'><strong>26.10.2023<span class='av-milestone-indicator'><\/span><\/strong><\/h2><\/li>\n<li  class='av-milestone av-lztyx5ag-888835c32b0580bfd68702a50e0bc761 av-animated-generic fade-in av-milestone-valign-baseline av-milestone-odd'><h2 class='av-milestone-date ' id='milestone-10-11-2023'><strong>10.11.2023<span class='av-milestone-indicator'><\/span><\/strong><\/h2><div class=\"av-milestone-icon-wrap\"><span class='av-milestone-icon milestone_icon avia-font-diaper'><span class='av-milestone-icon-inner milestone_inner'><i class='milestone-char' aria-hidden='true' data-av_icon='\uf106' data-av_iconfont='diaper'><\/i><\/span><\/span><\/div><article class='av-milestone-content-wrap'><div class='av-milestone-contentbox'><div class='av-milestone-content'><p>Yatak koruyucu \u00f6rt\u00fc i\u00e7in ikinci makine kurulumu<\/p>\n<\/div><\/div><footer class='av-milestone-article-footer entry-footer'><\/footer><\/article><\/li>\n<\/ul><\/div><\/div>\n<\/div><\/div>\n<\/div>\n","protected":false},"excerpt":{"rendered":"","protected":false},"author":1,"featured_media":0,"parent":0,"menu_order":0,"comment_status":"closed","ping_status":"closed","template":"","meta":{"footnotes":""},"class_list":["post-3893","page","type-page","status-publish","hentry"],"_links":{"self":[{"href":"https:\/\/medcare.com.tr\/tr\/wp-json\/wp\/v2\/pages\/3893","targetHints":{"allow":["GET"]}}],"collection":[{"href":"https:\/\/medcare.com.tr\/tr\/wp-json\/wp\/v2\/pages"}],"about":[{"href":"https:\/\/medcare.com.tr\/tr\/wp-json\/wp\/v2\/types\/page"}],"author":[{"embeddable":true,"href":"https:\/\/medcare.com.tr\/tr\/wp-json\/wp\/v2\/users\/1"}],"replies":[{"embeddable":true,"href":"https:\/\/medcare.com.tr\/tr\/wp-json\/wp\/v2\/comments?post=3893"}],"version-history":[{"count":23,"href":"https:\/\/medcare.com.tr\/tr\/wp-json\/wp\/v2\/pages\/3893\/revisions"}],"predecessor-version":[{"id":5151,"href":"https:\/\/medcare.com.tr\/tr\/wp-json\/wp\/v2\/pages\/3893\/revisions\/5151"}],"wp:attachment":[{"href":"https:\/\/medcare.com.tr\/tr\/wp-json\/wp\/v2\/media?parent=3893"}],"curies":[{"name":"wp","href":"https:\/\/api.w.org\/{rel}","templated":true}]}}