{"id":3819,"date":"2023-11-02T13:34:46","date_gmt":"2023-11-02T10:34:46","guid":{"rendered":"https:\/\/medcare.com.tr\/tr\/?page_id=3819"},"modified":"2024-08-15T10:11:40","modified_gmt":"2024-08-15T07:11:40","slug":"kalite","status":"publish","type":"page","link":"https:\/\/medcare.com.tr\/tr\/kalite\/","title":{"rendered":"Kalite"},"content":{"rendered":"<div id='av-layout-grid-1'  class='av-layout-grid-container av-23rx3v-16caa4b7835b15593850edbb12a864ff entry-content-wrapper main_color av-flex-cells  avia-builder-el-0  avia-builder-el-no-sibling   container_wrap fullsize'  >\n\n<style type=\"text\/css\" data-created_by=\"avia_inline_auto\" id=\"style-css-av-lp6wq8iz-ca01cfda91935f30c5bd626709990dfd\">\n.flex_cell.av-lp6wq8iz-ca01cfda91935f30c5bd626709990dfd{\nvertical-align:bottom;\nbackground-color:rgba(0,92,146,0.01);\n}\n.responsive #top #wrap_all .flex_cell.av-lp6wq8iz-ca01cfda91935f30c5bd626709990dfd{\npadding:120px 120px 120px 120px !important;\n}\n<\/style>\n<div class='flex_cell av-lp6wq8iz-ca01cfda91935f30c5bd626709990dfd av-gridrow-cell av_one_full no_margin  avia-builder-el-1  avia-builder-el-no-sibling '  ><div class='flex_cell_inner'><p><div  class='flex_column av-34kq0b-84bedd8845f6977a7e33ece5c2ea7c0b av_two_fifth  avia-builder-el-2  el_before_av_three_fifth  avia-builder-el-first  first flex_column_div  '     ><p>\n<style type=\"text\/css\" data-created_by=\"avia_inline_auto\" id=\"style-css-av-lzuxv74d-30bb1114f5cda21d9ba578568ec02417\">\n#top .av-special-heading.av-lzuxv74d-30bb1114f5cda21d9ba578568ec02417{\npadding-bottom:10px;\ncolor:#02008e;\n}\nbody .av-special-heading.av-lzuxv74d-30bb1114f5cda21d9ba578568ec02417 .av-special-heading-tag .heading-char{\nfont-size:25px;\n}\n.av-special-heading.av-lzuxv74d-30bb1114f5cda21d9ba578568ec02417 .special-heading-inner-border{\nborder-color:#02008e;\n}\n.av-special-heading.av-lzuxv74d-30bb1114f5cda21d9ba578568ec02417 .av-subheading{\nfont-size:15px;\n}\n<\/style>\n<div  class='av-special-heading av-lzuxv74d-30bb1114f5cda21d9ba578568ec02417 av-special-heading-h1 custom-color-heading  avia-builder-el-3  el_before_av_textblock  avia-builder-el-first '><h1 class='av-special-heading-tag'  itemprop=\"headline\"  >Kalite<\/h1><div class=\"special-heading-border\"><div class=\"special-heading-inner-border\"><\/div><\/div><\/div><br \/>\n\n<style type=\"text\/css\" data-created_by=\"avia_inline_auto\" id=\"style-css-av-loh1v4h6-b4a1cf9c252d2864fd829949e934a26e\">\n#top .av_textblock_section.av-loh1v4h6-b4a1cf9c252d2864fd829949e934a26e .avia_textblock{\ncolor:#ffffff;\n}\n<\/style>\n<section  class='av_textblock_section av-loh1v4h6-b4a1cf9c252d2864fd829949e934a26e '   itemscope=\"itemscope\" itemtype=\"https:\/\/schema.org\/CreativeWork\" ><div class='avia_textblock av_inherit_color'  itemprop=\"text\" ><p><img loading=\"lazy\" decoding=\"async\" class=\"wp-image-4664 alignleft\" src=\"https:\/\/medcare.com.tr\/tr\/wp-content\/uploads\/2023\/11\/Quality.jpg\" alt=\"\" width=\"397\" height=\"221\" srcset=\"https:\/\/medcare.com.tr\/tr\/wp-content\/uploads\/2023\/11\/Quality.jpg 1200w, https:\/\/medcare.com.tr\/tr\/wp-content\/uploads\/2023\/11\/Quality-300x167.jpg 300w, https:\/\/medcare.com.tr\/tr\/wp-content\/uploads\/2023\/11\/Quality-1030x573.jpg 1030w, https:\/\/medcare.com.tr\/tr\/wp-content\/uploads\/2023\/11\/Quality-768x427.jpg 768w, https:\/\/medcare.com.tr\/tr\/wp-content\/uploads\/2023\/11\/Quality-705x392.jpg 705w\" sizes=\"auto, (max-width: 397px) 100vw, 397px\" \/><\/p>\n<\/div><\/section><\/p><\/div><div  class='flex_column av-av_three_fifth-6b5dd89866f4b8553327b345e3382258 av_three_fifth  avia-builder-el-5  el_after_av_two_fifth  el_before_av_two_fifth  flex_column_div  '     ><section  class='av_textblock_section av-lzuxsi6b-9da769cfcbe9c1619b6d555d73cd5618 '   itemscope=\"itemscope\" itemtype=\"https:\/\/schema.org\/CreativeWork\" ><div class='avia_textblock'  itemprop=\"text\" ><p>Kaliteyi \u00f6n planda tutarak \u00fcretim yapan Medcare, kalite y\u00f6netim sistemini ISO 13485 standard\u0131na g\u00f6re olu\u015fturmu\u015ftur. \u00dcr\u00fcnler ve kalite sistemi 93\/42\/EEC direktifi ve 2016\/425 KKD y\u00f6netmeli\u011fine g\u00f6re Onaylanm\u0131\u015f kurulu\u015flar taraf\u0131ndan, ISO 13485 ve EN 13795-1 standartlar\u0131na g\u00f6re ise Sertifikasyon kurulu\u015flar\u0131 taraf\u0131ndan belgelendirilmi\u015ftir.<br \/>\nMedcare ayr\u0131ca AAMI Seviye 4 Cerrahi \u00f6nl\u00fckleri i\u00e7in FDA 510(k) onay\u0131 alm\u0131\u015ft\u0131r. Medcare Yatak koruyucu \u00f6rt\u00fc, yeti\u015fkin bezi ve k\u00fclot bezi, Rusya ve Avrasya G\u00fcmr\u00fck Birli\u011fi taraf\u0131ndan onaylanm\u0131\u015f EAC Sertifikas\u0131na sahiptir.<\/p>\n<p>Medcare \u00fcr\u00fcnlerinin proses ve nihai kalite kontrol\u00fc ISO 2859-1 standard\u0131nda yer alan numune alma y\u00f6ntemine g\u00f6re yap\u0131lmakta, uygunsuzluk tespit edilmesi halinde t\u00fcm uygunsuzluklar Kalite Departman\u0131na raporlanarak kay\u0131t alt\u0131na al\u0131nmakta ve iyile\u015ftirmeler planlanmaktad\u0131r.<\/p>\n<p>\u00dcretim alan\u0131nda kullan\u0131lan ve \u00fcr\u00fcnleri etkileyen paketleme cihazlar\u0131, EO sterilizasyon cihazlar\u0131 ve di\u011fer t\u00fcm ekipmanlar belirli periyotlarda onayl\u0131 metotlara g\u00f6re valide edilmektedir.<\/p>\n<\/div><\/section><\/div><div  class='flex_column av-av_two_fifth-8ffd49b9e96b83647201aa62ad30950d av_two_fifth  avia-builder-el-7  el_after_av_three_fifth  avia-builder-el-last  first flex_column_div  '     ><style type=\"text\/css\" data-created_by=\"avia_inline_auto\" id=\"style-css-av-loh23xxv-6ca9f052226549d4471ff499d85258bc\">\n#top .avia-gallery.av-loh23xxv-6ca9f052226549d4471ff499d85258bc .avia-gallery-thumb a{\nwidth:14.2857%;\n}\n<\/style>\n<div  class='avia-gallery av-loh23xxv-6ca9f052226549d4471ff499d85258bc avia_animate_when_visible  avia-builder-el-8  avia-builder-el-no-sibling  avia_lazyload avia-gallery-animate avia-gallery-1'  itemprop=\"image\" itemscope=\"itemscope\" itemtype=\"https:\/\/schema.org\/ImageObject\" ><meta itemprop=\"contentURL\" content=\"https:\/\/medcare.com.tr\/tr\/kalite\/\"><div class='avia-gallery-thumb'><a href=\"https:\/\/medcare.com.tr\/tr\/wp-content\/uploads\/2024\/01\/FDA-510k-K230577-Statement-1-3.jpg\" data-srcset=\"https:\/\/medcare.com.tr\/tr\/wp-content\/uploads\/2024\/01\/FDA-510k-K230577-Statement-1-3.jpg 595w, https:\/\/medcare.com.tr\/tr\/wp-content\/uploads\/2024\/01\/FDA-510k-K230577-Statement-1-3-212x300.jpg 212w, https:\/\/medcare.com.tr\/tr\/wp-content\/uploads\/2024\/01\/FDA-510k-K230577-Statement-1-3-499x705.jpg 499w\" data-sizes=\"(max-width: 595px) 100vw, 595px\" data-rel='gallery-1' data-prev-img='https:\/\/medcare.com.tr\/tr\/wp-content\/uploads\/2024\/01\/FDA-510k-K230577-Statement-1-3-495x400.jpg' class='first_thumb lightbox ' data-onclick='1' title='FDA 510(k) K230577 Statement-1-3'  itemprop=\"thumbnailUrl\"  ><img decoding=\"async\" class=\"wp-image-4919 avia-img-lazy-loading-not-4919\"   src=\"https:\/\/medcare.com.tr\/tr\/wp-content\/uploads\/2024\/01\/FDA-510k-K230577-Statement-1-3.jpg\" width=\"595\" height=\"841\"  title='FDA 510(k) K230577 Statement-1-3' alt='' srcset=\"https:\/\/medcare.com.tr\/tr\/wp-content\/uploads\/2024\/01\/FDA-510k-K230577-Statement-1-3.jpg 595w, https:\/\/medcare.com.tr\/tr\/wp-content\/uploads\/2024\/01\/FDA-510k-K230577-Statement-1-3-212x300.jpg 212w, https:\/\/medcare.com.tr\/tr\/wp-content\/uploads\/2024\/01\/FDA-510k-K230577-Statement-1-3-499x705.jpg 499w\" sizes=\"(max-width: 595px) 100vw, 595px\" \/><div class='big-prev-fake'><img loading=\"lazy\" decoding=\"async\" class=\"wp-image-4919 avia-img-lazy-loading-4919\"  width=\"495\" height=\"400\" src=\"https:\/\/medcare.com.tr\/tr\/wp-content\/uploads\/2024\/01\/FDA-510k-K230577-Statement-1-3-495x400.jpg\" title='FDA 510(k) K230577 Statement-1-3' alt='' \/><\/div><\/a><a href=\"https:\/\/medcare.com.tr\/tr\/wp-content\/uploads\/2024\/01\/MEDCARE-ISO-13485-15.07.jpg\" data-srcset=\"https:\/\/medcare.com.tr\/tr\/wp-content\/uploads\/2024\/01\/MEDCARE-ISO-13485-15.07.jpg 595w, https:\/\/medcare.com.tr\/tr\/wp-content\/uploads\/2024\/01\/MEDCARE-ISO-13485-15.07-212x300.jpg 212w, https:\/\/medcare.com.tr\/tr\/wp-content\/uploads\/2024\/01\/MEDCARE-ISO-13485-15.07-499x705.jpg 499w\" data-sizes=\"(max-width: 595px) 100vw, 595px\" data-rel='gallery-1' data-prev-img='https:\/\/medcare.com.tr\/tr\/wp-content\/uploads\/2024\/01\/MEDCARE-ISO-13485-15.07-495x400.jpg' class='lightbox ' data-onclick='2' title='MEDCARE ISO 13485 - 15.07'  itemprop=\"thumbnailUrl\"  ><img decoding=\"async\" class=\"wp-image-4921 avia-img-lazy-loading-not-4921\"   src=\"https:\/\/medcare.com.tr\/tr\/wp-content\/uploads\/2024\/01\/MEDCARE-ISO-13485-15.07.jpg\" width=\"595\" height=\"841\"  title='MEDCARE ISO 13485 - 15.07' alt='' srcset=\"https:\/\/medcare.com.tr\/tr\/wp-content\/uploads\/2024\/01\/MEDCARE-ISO-13485-15.07.jpg 595w, https:\/\/medcare.com.tr\/tr\/wp-content\/uploads\/2024\/01\/MEDCARE-ISO-13485-15.07-212x300.jpg 212w, https:\/\/medcare.com.tr\/tr\/wp-content\/uploads\/2024\/01\/MEDCARE-ISO-13485-15.07-499x705.jpg 499w\" sizes=\"(max-width: 595px) 100vw, 595px\" \/><div class='big-prev-fake'><img loading=\"lazy\" decoding=\"async\" class=\"wp-image-4921 avia-img-lazy-loading-4921\"  width=\"495\" height=\"400\" src=\"https:\/\/medcare.com.tr\/tr\/wp-content\/uploads\/2024\/01\/MEDCARE-ISO-13485-15.07-495x400.jpg\" title='MEDCARE ISO 13485 - 15.07' alt='' \/><\/div><\/a><a href=\"https:\/\/medcare.com.tr\/tr\/wp-content\/uploads\/2024\/01\/TS-EN-13795-1-Certificate-Surgical-Gown-Drape-01.09.jpg\" data-srcset=\"https:\/\/medcare.com.tr\/tr\/wp-content\/uploads\/2024\/01\/TS-EN-13795-1-Certificate-Surgical-Gown-Drape-01.09.jpg 595w, https:\/\/medcare.com.tr\/tr\/wp-content\/uploads\/2024\/01\/TS-EN-13795-1-Certificate-Surgical-Gown-Drape-01.09-212x300.jpg 212w, https:\/\/medcare.com.tr\/tr\/wp-content\/uploads\/2024\/01\/TS-EN-13795-1-Certificate-Surgical-Gown-Drape-01.09-499x705.jpg 499w\" data-sizes=\"(max-width: 595px) 100vw, 595px\" data-rel='gallery-1' data-prev-img='https:\/\/medcare.com.tr\/tr\/wp-content\/uploads\/2024\/01\/TS-EN-13795-1-Certificate-Surgical-Gown-Drape-01.09-495x400.jpg' class='lightbox ' data-onclick='3' title='TS EN 13795-1 Certificate Surgical Gown-Drape 01.09'  itemprop=\"thumbnailUrl\"  ><img decoding=\"async\" class=\"wp-image-4922 avia-img-lazy-loading-not-4922\"   src=\"https:\/\/medcare.com.tr\/tr\/wp-content\/uploads\/2024\/01\/TS-EN-13795-1-Certificate-Surgical-Gown-Drape-01.09.jpg\" width=\"595\" height=\"841\"  title='TS EN 13795-1 Certificate Surgical Gown-Drape 01.09' alt='' srcset=\"https:\/\/medcare.com.tr\/tr\/wp-content\/uploads\/2024\/01\/TS-EN-13795-1-Certificate-Surgical-Gown-Drape-01.09.jpg 595w, https:\/\/medcare.com.tr\/tr\/wp-content\/uploads\/2024\/01\/TS-EN-13795-1-Certificate-Surgical-Gown-Drape-01.09-212x300.jpg 212w, https:\/\/medcare.com.tr\/tr\/wp-content\/uploads\/2024\/01\/TS-EN-13795-1-Certificate-Surgical-Gown-Drape-01.09-499x705.jpg 499w\" sizes=\"(max-width: 595px) 100vw, 595px\" \/><div class='big-prev-fake'><img loading=\"lazy\" decoding=\"async\" class=\"wp-image-4922 avia-img-lazy-loading-4922\"  width=\"495\" height=\"400\" src=\"https:\/\/medcare.com.tr\/tr\/wp-content\/uploads\/2024\/01\/TS-EN-13795-1-Certificate-Surgical-Gown-Drape-01.09-495x400.jpg\" title='TS EN 13795-1 Certificate Surgical Gown-Drape 01.09' alt='' \/><\/div><\/a><a href=\"https:\/\/medcare.com.tr\/tr\/wp-content\/uploads\/2024\/01\/EAC-Certificate-Medcare-Underpad-26.09.jpg\" data-srcset=\"https:\/\/medcare.com.tr\/tr\/wp-content\/uploads\/2024\/01\/EAC-Certificate-Medcare-Underpad-26.09.jpg 595w, https:\/\/medcare.com.tr\/tr\/wp-content\/uploads\/2024\/01\/EAC-Certificate-Medcare-Underpad-26.09-212x300.jpg 212w, https:\/\/medcare.com.tr\/tr\/wp-content\/uploads\/2024\/01\/EAC-Certificate-Medcare-Underpad-26.09-499x705.jpg 499w\" data-sizes=\"(max-width: 595px) 100vw, 595px\" data-rel='gallery-1' data-prev-img='https:\/\/medcare.com.tr\/tr\/wp-content\/uploads\/2024\/01\/EAC-Certificate-Medcare-Underpad-26.09-495x400.jpg' class='lightbox ' data-onclick='4' title='EAC Certificate - Medcare Underpad 26.09'  itemprop=\"thumbnailUrl\"  ><img decoding=\"async\" class=\"wp-image-4917 avia-img-lazy-loading-not-4917\"   src=\"https:\/\/medcare.com.tr\/tr\/wp-content\/uploads\/2024\/01\/EAC-Certificate-Medcare-Underpad-26.09.jpg\" width=\"595\" height=\"841\"  title='EAC Certificate - Medcare Underpad 26.09' alt='' srcset=\"https:\/\/medcare.com.tr\/tr\/wp-content\/uploads\/2024\/01\/EAC-Certificate-Medcare-Underpad-26.09.jpg 595w, https:\/\/medcare.com.tr\/tr\/wp-content\/uploads\/2024\/01\/EAC-Certificate-Medcare-Underpad-26.09-212x300.jpg 212w, https:\/\/medcare.com.tr\/tr\/wp-content\/uploads\/2024\/01\/EAC-Certificate-Medcare-Underpad-26.09-499x705.jpg 499w\" sizes=\"(max-width: 595px) 100vw, 595px\" \/><div class='big-prev-fake'><img loading=\"lazy\" decoding=\"async\" class=\"wp-image-4917 avia-img-lazy-loading-4917\"  width=\"495\" height=\"400\" src=\"https:\/\/medcare.com.tr\/tr\/wp-content\/uploads\/2024\/01\/EAC-Certificate-Medcare-Underpad-26.09-495x400.jpg\" title='EAC Certificate - Medcare Underpad 26.09' alt='' \/><\/div><\/a><a href=\"https:\/\/medcare.com.tr\/tr\/wp-content\/uploads\/2024\/01\/EAC-Certificate-Adult-diapers-Adult-pants-26.09.jpg\" data-srcset=\"https:\/\/medcare.com.tr\/tr\/wp-content\/uploads\/2024\/01\/EAC-Certificate-Adult-diapers-Adult-pants-26.09.jpg 595w, https:\/\/medcare.com.tr\/tr\/wp-content\/uploads\/2024\/01\/EAC-Certificate-Adult-diapers-Adult-pants-26.09-212x300.jpg 212w, https:\/\/medcare.com.tr\/tr\/wp-content\/uploads\/2024\/01\/EAC-Certificate-Adult-diapers-Adult-pants-26.09-499x705.jpg 499w\" data-sizes=\"(max-width: 595px) 100vw, 595px\" data-rel='gallery-1' data-prev-img='https:\/\/medcare.com.tr\/tr\/wp-content\/uploads\/2024\/01\/EAC-Certificate-Adult-diapers-Adult-pants-26.09-495x400.jpg' class='lightbox ' data-onclick='5' title='EAC Certificate - Adult diapers-Adult pants 26.09'  itemprop=\"thumbnailUrl\"  ><img decoding=\"async\" class=\"wp-image-4916 avia-img-lazy-loading-not-4916\"   src=\"https:\/\/medcare.com.tr\/tr\/wp-content\/uploads\/2024\/01\/EAC-Certificate-Adult-diapers-Adult-pants-26.09.jpg\" width=\"595\" height=\"841\"  title='EAC Certificate - Adult diapers-Adult pants 26.09' alt='' srcset=\"https:\/\/medcare.com.tr\/tr\/wp-content\/uploads\/2024\/01\/EAC-Certificate-Adult-diapers-Adult-pants-26.09.jpg 595w, https:\/\/medcare.com.tr\/tr\/wp-content\/uploads\/2024\/01\/EAC-Certificate-Adult-diapers-Adult-pants-26.09-212x300.jpg 212w, https:\/\/medcare.com.tr\/tr\/wp-content\/uploads\/2024\/01\/EAC-Certificate-Adult-diapers-Adult-pants-26.09-499x705.jpg 499w\" sizes=\"(max-width: 595px) 100vw, 595px\" \/><div class='big-prev-fake'><img loading=\"lazy\" decoding=\"async\" class=\"wp-image-4916 avia-img-lazy-loading-4916\"  width=\"495\" height=\"400\" src=\"https:\/\/medcare.com.tr\/tr\/wp-content\/uploads\/2024\/01\/EAC-Certificate-Adult-diapers-Adult-pants-26.09-495x400.jpg\" title='EAC Certificate - Adult diapers-Adult pants 26.09' alt='' \/><\/div><\/a><a href=\"https:\/\/medcare.com.tr\/tr\/wp-content\/uploads\/2024\/01\/CE-Certificate-KIWA.jpg\" data-srcset=\"https:\/\/medcare.com.tr\/tr\/wp-content\/uploads\/2024\/01\/CE-Certificate-KIWA.jpg 595w, https:\/\/medcare.com.tr\/tr\/wp-content\/uploads\/2024\/01\/CE-Certificate-KIWA-212x300.jpg 212w, https:\/\/medcare.com.tr\/tr\/wp-content\/uploads\/2024\/01\/CE-Certificate-KIWA-499x705.jpg 499w\" data-sizes=\"(max-width: 595px) 100vw, 595px\" data-rel='gallery-1' data-prev-img='https:\/\/medcare.com.tr\/tr\/wp-content\/uploads\/2024\/01\/CE-Certificate-KIWA-495x400.jpg' class='lightbox ' data-onclick='6' title='CE Certificate KIWA'  itemprop=\"thumbnailUrl\"  ><img decoding=\"async\" class=\"wp-image-4915 avia-img-lazy-loading-not-4915\"   src=\"https:\/\/medcare.com.tr\/tr\/wp-content\/uploads\/2024\/01\/CE-Certificate-KIWA.jpg\" width=\"595\" height=\"841\"  title='CE Certificate KIWA' alt='' srcset=\"https:\/\/medcare.com.tr\/tr\/wp-content\/uploads\/2024\/01\/CE-Certificate-KIWA.jpg 595w, https:\/\/medcare.com.tr\/tr\/wp-content\/uploads\/2024\/01\/CE-Certificate-KIWA-212x300.jpg 212w, https:\/\/medcare.com.tr\/tr\/wp-content\/uploads\/2024\/01\/CE-Certificate-KIWA-499x705.jpg 499w\" sizes=\"(max-width: 595px) 100vw, 595px\" \/><div class='big-prev-fake'><img loading=\"lazy\" decoding=\"async\" class=\"wp-image-4915 avia-img-lazy-loading-4915\"  width=\"495\" height=\"400\" src=\"https:\/\/medcare.com.tr\/tr\/wp-content\/uploads\/2024\/01\/CE-Certificate-KIWA-495x400.jpg\" title='CE Certificate KIWA' alt='' \/><\/div><\/a><a href=\"https:\/\/medcare.com.tr\/tr\/wp-content\/uploads\/2024\/01\/80071227-Module-C2-Cert-Gown-40.00XM-1.jpg\" data-srcset=\"https:\/\/medcare.com.tr\/tr\/wp-content\/uploads\/2024\/01\/80071227-Module-C2-Cert-Gown-40.00XM-1.jpg 595w, https:\/\/medcare.com.tr\/tr\/wp-content\/uploads\/2024\/01\/80071227-Module-C2-Cert-Gown-40.00XM-1-212x300.jpg 212w, https:\/\/medcare.com.tr\/tr\/wp-content\/uploads\/2024\/01\/80071227-Module-C2-Cert-Gown-40.00XM-1-499x705.jpg 499w\" data-sizes=\"(max-width: 595px) 100vw, 595px\" data-rel='gallery-1' data-prev-img='https:\/\/medcare.com.tr\/tr\/wp-content\/uploads\/2024\/01\/80071227-Module-C2-Cert-Gown-40.00XM-1-495x400.jpg' class='lightbox ' data-onclick='7' title='80071227 Module C2 Cert Gown 40.00XM-1'  itemprop=\"thumbnailUrl\"  ><img decoding=\"async\" class=\"wp-image-4910 avia-img-lazy-loading-not-4910\"   src=\"https:\/\/medcare.com.tr\/tr\/wp-content\/uploads\/2024\/01\/80071227-Module-C2-Cert-Gown-40.00XM-1.jpg\" width=\"595\" height=\"841\"  title='80071227 Module C2 Cert Gown 40.00XM-1' alt='' srcset=\"https:\/\/medcare.com.tr\/tr\/wp-content\/uploads\/2024\/01\/80071227-Module-C2-Cert-Gown-40.00XM-1.jpg 595w, https:\/\/medcare.com.tr\/tr\/wp-content\/uploads\/2024\/01\/80071227-Module-C2-Cert-Gown-40.00XM-1-212x300.jpg 212w, https:\/\/medcare.com.tr\/tr\/wp-content\/uploads\/2024\/01\/80071227-Module-C2-Cert-Gown-40.00XM-1-499x705.jpg 499w\" sizes=\"(max-width: 595px) 100vw, 595px\" \/><div class='big-prev-fake'><img loading=\"lazy\" decoding=\"async\" class=\"wp-image-4910 avia-img-lazy-loading-4910\"  width=\"495\" height=\"400\" src=\"https:\/\/medcare.com.tr\/tr\/wp-content\/uploads\/2024\/01\/80071227-Module-C2-Cert-Gown-40.00XM-1-495x400.jpg\" title='80071227 Module C2 Cert Gown 40.00XM-1' alt='' \/><\/div><\/a><\/div><\/div><\/div><\/p>\n<\/div><\/div><\/div>\n","protected":false},"excerpt":{"rendered":"","protected":false},"author":1,"featured_media":0,"parent":0,"menu_order":0,"comment_status":"closed","ping_status":"closed","template":"","meta":{"footnotes":""},"class_list":["post-3819","page","type-page","status-publish","hentry"],"_links":{"self":[{"href":"https:\/\/medcare.com.tr\/tr\/wp-json\/wp\/v2\/pages\/3819","targetHints":{"allow":["GET"]}}],"collection":[{"href":"https:\/\/medcare.com.tr\/tr\/wp-json\/wp\/v2\/pages"}],"about":[{"href":"https:\/\/medcare.com.tr\/tr\/wp-json\/wp\/v2\/types\/page"}],"author":[{"embeddable":true,"href":"https:\/\/medcare.com.tr\/tr\/wp-json\/wp\/v2\/users\/1"}],"replies":[{"embeddable":true,"href":"https:\/\/medcare.com.tr\/tr\/wp-json\/wp\/v2\/comments?post=3819"}],"version-history":[{"count":32,"href":"https:\/\/medcare.com.tr\/tr\/wp-json\/wp\/v2\/pages\/3819\/revisions"}],"predecessor-version":[{"id":5136,"href":"https:\/\/medcare.com.tr\/tr\/wp-json\/wp\/v2\/pages\/3819\/revisions\/5136"}],"wp:attachment":[{"href":"https:\/\/medcare.com.tr\/tr\/wp-json\/wp\/v2\/media?parent=3819"}],"curies":[{"name":"wp","href":"https:\/\/api.w.org\/{rel}","templated":true}]}}