{"id":3679,"date":"2023-10-19T13:22:10","date_gmt":"2023-10-19T10:22:10","guid":{"rendered":"https:\/\/medcare.com.tr\/tr\/?page_id=3679"},"modified":"2024-02-16T09:27:01","modified_gmt":"2024-02-16T06:27:01","slug":"steril-ortu-setleri","status":"publish","type":"page","link":"https:\/\/medcare.com.tr\/tr\/steril-ortu-setleri\/","title":{"rendered":"Steril \u00d6rt\u00fc Setleri"},"content":{"rendered":"\n<style type=\"text\/css\" data-created_by=\"avia_inline_auto\" id=\"style-css-av-tds2gv-552c846c4f82e8f88956df49cc380a8a\">\n.avia-section.av-tds2gv-552c846c4f82e8f88956df49cc380a8a{\nbackground-color:#002e5f;\nbackground-image:url(https:\/\/medcare.com.tr\/tr\/wp-content\/uploads\/2023\/10\/doctor.jpg);\nbackground-repeat:no-repeat;\nbackground-position:100% 0%;\nbackground-attachment:scroll;\n}\n<\/style>\n<div id='av_section_1'  class='avia-section av-tds2gv-552c846c4f82e8f88956df49cc380a8a main_color avia-section-default avia-no-border-styling  avia-builder-el-0  el_before_av_submenu  avia-builder-el-first  avia-full-contain avia-bg-style-scroll av-minimum-height av-minimum-height-50 av-height-50  container_wrap fullsize'  data-section-bg-repeat='contain' data-av_minimum_height_pc='50' data-av_min_height_opt='50'><div class='container av-section-cont-open' ><main  role=\"main\" itemprop=\"mainContentOfPage\"  class='template-page content  av-content-full alpha units'><div class='post-entry post-entry-type-page post-entry-3679'><div class='entry-content-wrapper clearfix'>\n<div class='flex_column_table av-qzei0v-51ac61bb601165a62b09941112ceac3e sc-av_one_half av-equal-height-column-flextable'><div  class='flex_column av-qzei0v-51ac61bb601165a62b09941112ceac3e av_one_half  avia-builder-el-1  el_before_av_one_half  avia-builder-el-first  first flex_column_table_cell av-equal-height-column av-align-bottom  '     ><style type=\"text\/css\" data-created_by=\"avia_inline_auto\" id=\"style-css-av-pwwebz-edc65f73f24641fb94f24d608df90e65\">\n#top .av-special-heading.av-pwwebz-edc65f73f24641fb94f24d608df90e65{\npadding-bottom:10px;\ncolor:#ffffff;\nfont-size:45px;\n}\nbody .av-special-heading.av-pwwebz-edc65f73f24641fb94f24d608df90e65 .av-special-heading-tag .heading-char{\nfont-size:25px;\n}\n#top #wrap_all .av-special-heading.av-pwwebz-edc65f73f24641fb94f24d608df90e65 .av-special-heading-tag{\nfont-size:45px;\n}\n.av-special-heading.av-pwwebz-edc65f73f24641fb94f24d608df90e65 .special-heading-inner-border{\nborder-color:#ffffff;\n}\n.av-special-heading.av-pwwebz-edc65f73f24641fb94f24d608df90e65 .av-subheading{\nfont-size:16px;\ncolor:#ffffff;\n}\n\n@media only screen and (min-width: 480px) and (max-width: 767px){ \n#top #wrap_all .av-special-heading.av-pwwebz-edc65f73f24641fb94f24d608df90e65 .av-special-heading-tag{\nfont-size:0.8em;\n}\n}\n\n@media only screen and (max-width: 479px){ \n#top #wrap_all .av-special-heading.av-pwwebz-edc65f73f24641fb94f24d608df90e65 .av-special-heading-tag{\nfont-size:0.8em;\n}\n}\n<\/style>\n<div  id=\"girisbaslik\"  class='av-special-heading av-pwwebz-edc65f73f24641fb94f24d608df90e65 av-special-heading-h3 custom-color-heading blockquote modern-quote  avia-builder-el-2  avia-builder-el-no-sibling  girisbaslik girisbaslik av-inherit-size'><h3 class='av-special-heading-tag'  itemprop=\"headline\"  >Steril \u00d6rt\u00fc Setleri <\/h3><div class=\"special-heading-border\"><div class=\"special-heading-inner-border\"><\/div><\/div><\/div><\/div><div class='av-flex-placeholder'><\/div><div  class='flex_column av-omal3j-e0727f2bbd2716c9f024a82551694572 av_one_half  avia-builder-el-3  el_after_av_one_half  avia-builder-el-last  flex_column_table_cell av-equal-height-column av-align-bottom  '     ><\/div><\/div><!--close column table wrapper. Autoclose: 1 -->\n\n<\/div><\/div><\/main><!-- close content main element --><\/div><\/div><div class='clear'><\/div><div id='sub_menu1'  class='av-submenu-container av-lpgrx0zp-97163b9b72a281b08a4235f7fc877f8c socket_color  avia-builder-el-4  el_after_av_section  el_before_av_section  av-sticky-submenu submenu-not-first container_wrap fullsize' style='z-index:301' ><div class='container av-menu-mobile-disabled av-submenu-pos-right'><ul id='av-custom-submenu-1' class='av-subnav-menu'>\n<li class='menu-item av-lpgrx0mf-9629eed880af85f4ff75bd6f9149913f menu-item-top-level av-menu-button av-menu-button-bordered menu-item-top-level-1'><a href='https:\/\/medcare.com.tr\/tr\/wp-content\/uploads\/2023\/11\/Medcare-Standard-Catalog-2022.pdf'  target=\"_blank\"  rel=\"noopener noreferrer\" ><span class='avia-bullet'><\/span><span class='avia-menu-text'>\u00dcr\u00fcn Katalo\u011fu<\/span><\/a><\/li>\n<\/ul><\/div><\/div><div class='sticky_placeholder'><\/div>\n<div id='av_section_2'  class='avia-section av-33ka67-a4ce206c8bbd6eee3b5622d644370ea8 main_color avia-section-default avia-no-border-styling  avia-builder-el-5  el_after_av_submenu  avia-builder-el-last  avia-bg-style-scroll container_wrap fullsize'  ><div class='container av-section-cont-open' ><div class='template-page content  av-content-full alpha units'><div class='post-entry post-entry-type-page post-entry-3679'><div class='entry-content-wrapper clearfix'>\n<div  class='flex_column av-ehakz3-e887f9d2bdc5d78f96c40a6f6ad86b69 av_one_full  avia-builder-el-6  avia-builder-el-no-sibling  first flex_column_div  '     ><div id='av-masonry-1' class='av-masonry av-lopdk9le-48b3123af296fcba912f4b44a0cf3bf2 noHover av-flex-size av-large-gap av-hover-overlay-active av-masonry-animation-active av-masonry-col-4 av-caption-always av-caption-style- av-masonry-entries ' data-post_id=\"3679\"><div class=\"av-masonry-container isotope av-js-disabled\"><div class='av-masonry-entry isotope-item av-masonry-item-no-image all_sort sterile-drape-packs_sort '><\/div><a href=\"https:\/\/medcare.com.tr\/tr\/portfolio-item\/genel-cerrahi-ortu-setleri\/\"  id='av-masonry-1-item-3725' data-av-masonry-item='3725' class='av-masonry-entry isotope-item post-3725 portfolio type-portfolio status-publish has-post-thumbnail hentry portfolio_entries-sterile-drape-packs all_sort sterile-drape-packs_sort  av-masonry-item-with-image' title=\"Genel Cerrahi \u00f6rt\u00fc setleri\"   itemscope=\"itemscope\" itemtype=\"https:\/\/schema.org\/CreativeWork\" ><div class='av-inner-masonry-sizer'><\/div><figure class='av-inner-masonry main_color'><div class=\"av-masonry-outerimage-container\"><div class='av-masonry-image-container'   ><img decoding=\"async\" width=\"800\" height=\"600\" class=\"wp-image-4338 avia-img-lazy-loading-not-4338\"  src=\"https:\/\/medcare.com.tr\/tr\/wp-content\/uploads\/2023\/10\/grup1.jpg\" title=\"\" alt=\"\" srcset=\"https:\/\/medcare.com.tr\/tr\/wp-content\/uploads\/2023\/10\/grup1.jpg 800w, https:\/\/medcare.com.tr\/tr\/wp-content\/uploads\/2023\/10\/grup1-300x225.jpg 300w, https:\/\/medcare.com.tr\/tr\/wp-content\/uploads\/2023\/10\/grup1-768x576.jpg 768w, https:\/\/medcare.com.tr\/tr\/wp-content\/uploads\/2023\/10\/grup1-705x529.jpg 705w\" sizes=\"(max-width: 800px) 100vw, 800px\" \/><\/div><\/div><figcaption class='av-inner-masonry-content site-background'><div class='av-inner-masonry-content-pos'><div class='av-inner-masonry-content-pos-content'><div class='avia-arrow'><\/div><h3 class='av-masonry-entry-title entry-title '  itemprop=\"headline\" >Genel Cerrahi \u00f6rt\u00fc setleri<\/h3><\/div><\/div><\/figcaption><\/figure><\/a><!--end av-masonry entry--><a href=\"https:\/\/medcare.com.tr\/tr\/portfolio-item\/kardioloji-ortu-setleri\/\"  id='av-masonry-1-item-4232' data-av-masonry-item='4232' class='av-masonry-entry isotope-item post-4232 portfolio type-portfolio status-publish has-post-thumbnail hentry portfolio_entries-sterile-drape-packs all_sort sterile-drape-packs_sort  av-masonry-item-with-image' title=\"Kardioloji \u00d6rt\u00fc Setleri\"   itemscope=\"itemscope\" itemtype=\"https:\/\/schema.org\/CreativeWork\" ><div class='av-inner-masonry-sizer'><\/div><figure class='av-inner-masonry main_color'><div class=\"av-masonry-outerimage-container\"><div class='av-masonry-image-container'   ><img decoding=\"async\" width=\"800\" height=\"600\" class=\"wp-image-4339 avia-img-lazy-loading-not-4339\"  src=\"https:\/\/medcare.com.tr\/tr\/wp-content\/uploads\/2023\/10\/grup2.jpg\" title=\"\" alt=\"\" srcset=\"https:\/\/medcare.com.tr\/tr\/wp-content\/uploads\/2023\/10\/grup2.jpg 800w, https:\/\/medcare.com.tr\/tr\/wp-content\/uploads\/2023\/10\/grup2-300x225.jpg 300w, https:\/\/medcare.com.tr\/tr\/wp-content\/uploads\/2023\/10\/grup2-768x576.jpg 768w, https:\/\/medcare.com.tr\/tr\/wp-content\/uploads\/2023\/10\/grup2-705x529.jpg 705w\" sizes=\"(max-width: 800px) 100vw, 800px\" \/><\/div><\/div><figcaption class='av-inner-masonry-content site-background'><div class='av-inner-masonry-content-pos'><div class='av-inner-masonry-content-pos-content'><div class='avia-arrow'><\/div><h3 class='av-masonry-entry-title entry-title '  itemprop=\"headline\" >Kardioloji \u00d6rt\u00fc Setleri<\/h3><\/div><\/div><\/figcaption><\/figure><\/a><!--end av-masonry entry--><a href=\"https:\/\/medcare.com.tr\/tr\/portfolio-item\/noroloji-ortu-setleri\/\"  id='av-masonry-1-item-4240' data-av-masonry-item='4240' class='av-masonry-entry isotope-item post-4240 portfolio type-portfolio status-publish has-post-thumbnail hentry portfolio_entries-sterile-drape-packs all_sort sterile-drape-packs_sort  av-masonry-item-with-image' title=\"N\u00f6roloji \u00d6rt\u00fc Setleri\"   itemscope=\"itemscope\" itemtype=\"https:\/\/schema.org\/CreativeWork\" ><div class='av-inner-masonry-sizer'><\/div><figure class='av-inner-masonry main_color'><div class=\"av-masonry-outerimage-container\"><div class='av-masonry-image-container'   ><img decoding=\"async\" width=\"800\" height=\"600\" class=\"wp-image-4343 avia-img-lazy-loading-not-4343\"  src=\"https:\/\/medcare.com.tr\/tr\/wp-content\/uploads\/2023\/11\/grupy3.jpg\" title=\"\" alt=\"\" srcset=\"https:\/\/medcare.com.tr\/tr\/wp-content\/uploads\/2023\/11\/grupy3.jpg 800w, https:\/\/medcare.com.tr\/tr\/wp-content\/uploads\/2023\/11\/grupy3-300x225.jpg 300w, https:\/\/medcare.com.tr\/tr\/wp-content\/uploads\/2023\/11\/grupy3-768x576.jpg 768w, https:\/\/medcare.com.tr\/tr\/wp-content\/uploads\/2023\/11\/grupy3-705x529.jpg 705w\" sizes=\"(max-width: 800px) 100vw, 800px\" \/><\/div><\/div><figcaption class='av-inner-masonry-content site-background'><div class='av-inner-masonry-content-pos'><div class='av-inner-masonry-content-pos-content'><div class='avia-arrow'><\/div><h3 class='av-masonry-entry-title entry-title '  itemprop=\"headline\" >N\u00f6roloji \u00d6rt\u00fc Setleri<\/h3><\/div><\/div><\/figcaption><\/figure><\/a><!--end av-masonry entry--><a href=\"https:\/\/medcare.com.tr\/tr\/portfolio-item\/ortopedik-ortu-setleri\/\"  id='av-masonry-1-item-4252' data-av-masonry-item='4252' class='av-masonry-entry isotope-item post-4252 portfolio type-portfolio status-publish has-post-thumbnail hentry portfolio_entries-sterile-drape-packs all_sort sterile-drape-packs_sort  av-masonry-item-with-image' title=\"Ortopedik \u00d6rt\u00fc setleri\"   itemscope=\"itemscope\" itemtype=\"https:\/\/schema.org\/CreativeWork\" ><div class='av-inner-masonry-sizer'><\/div><figure class='av-inner-masonry main_color'><div class=\"av-masonry-outerimage-container\"><div class='av-masonry-image-container'   ><img decoding=\"async\" width=\"800\" height=\"600\" class=\"wp-image-4341 avia-img-lazy-loading-not-4341\"  src=\"https:\/\/medcare.com.tr\/tr\/wp-content\/uploads\/2023\/10\/grup4.jpg\" title=\"\" alt=\"\" srcset=\"https:\/\/medcare.com.tr\/tr\/wp-content\/uploads\/2023\/10\/grup4.jpg 800w, https:\/\/medcare.com.tr\/tr\/wp-content\/uploads\/2023\/10\/grup4-300x225.jpg 300w, https:\/\/medcare.com.tr\/tr\/wp-content\/uploads\/2023\/10\/grup4-768x576.jpg 768w, https:\/\/medcare.com.tr\/tr\/wp-content\/uploads\/2023\/10\/grup4-705x529.jpg 705w\" sizes=\"(max-width: 800px) 100vw, 800px\" \/><\/div><\/div><figcaption class='av-inner-masonry-content site-background'><div class='av-inner-masonry-content-pos'><div class='av-inner-masonry-content-pos-content'><div class='avia-arrow'><\/div><h3 class='av-masonry-entry-title entry-title '  itemprop=\"headline\" >Ortopedik \u00d6rt\u00fc setleri<\/h3><\/div><\/div><\/figcaption><\/figure><\/a><!--end av-masonry entry--><a href=\"https:\/\/medcare.com.tr\/tr\/portfolio-item\/jinekoloji-obstetrik-ortu-setleri\/\"  id='av-masonry-1-item-4273' data-av-masonry-item='4273' class='av-masonry-entry isotope-item post-4273 portfolio type-portfolio status-publish has-post-thumbnail hentry portfolio_entries-sterile-drape-packs all_sort sterile-drape-packs_sort  av-masonry-item-with-image' title=\"Jinekoloji &#038; Obstetrik \u00d6rt\u00fc Setleri\"   itemscope=\"itemscope\" itemtype=\"https:\/\/schema.org\/CreativeWork\" ><div class='av-inner-masonry-sizer'><\/div><figure class='av-inner-masonry main_color'><div class=\"av-masonry-outerimage-container\"><div class='av-masonry-image-container'   ><img decoding=\"async\" width=\"1024\" height=\"768\" class=\"wp-image-4275 avia-img-lazy-loading-not-4275\"  src=\"https:\/\/medcare.com.tr\/tr\/wp-content\/uploads\/2023\/11\/Delivery-Drape-Pack-160.001.01.jpg\" title=\"\" alt=\"\" srcset=\"https:\/\/medcare.com.tr\/tr\/wp-content\/uploads\/2023\/11\/Delivery-Drape-Pack-160.001.01.jpg 1024w, https:\/\/medcare.com.tr\/tr\/wp-content\/uploads\/2023\/11\/Delivery-Drape-Pack-160.001.01-300x225.jpg 300w, https:\/\/medcare.com.tr\/tr\/wp-content\/uploads\/2023\/11\/Delivery-Drape-Pack-160.001.01-768x576.jpg 768w, https:\/\/medcare.com.tr\/tr\/wp-content\/uploads\/2023\/11\/Delivery-Drape-Pack-160.001.01-705x529.jpg 705w\" sizes=\"(max-width: 1024px) 100vw, 1024px\" \/><\/div><\/div><figcaption class='av-inner-masonry-content site-background'><div class='av-inner-masonry-content-pos'><div class='av-inner-masonry-content-pos-content'><div class='avia-arrow'><\/div><h3 class='av-masonry-entry-title entry-title '  itemprop=\"headline\" >Jinekoloji &#038; Obstetrik \u00d6rt\u00fc Setleri<\/h3><\/div><\/div><\/figcaption><\/figure><\/a><!--end av-masonry entry--><a href=\"https:\/\/medcare.com.tr\/tr\/portfolio-item\/uroloji-ortu-setleri\/\"  id='av-masonry-1-item-4290' data-av-masonry-item='4290' class='av-masonry-entry isotope-item post-4290 portfolio type-portfolio status-publish has-post-thumbnail hentry portfolio_entries-sterile-drape-packs all_sort sterile-drape-packs_sort  av-masonry-item-with-image' title=\"\u00dcroloji \u00d6rt\u00fc Setleri\"   itemscope=\"itemscope\" itemtype=\"https:\/\/schema.org\/CreativeWork\" ><div class='av-inner-masonry-sizer'><\/div><figure class='av-inner-masonry main_color'><div class=\"av-masonry-outerimage-container\"><div class='av-masonry-image-container'   ><img decoding=\"async\" width=\"1024\" height=\"768\" class=\"wp-image-4293 avia-img-lazy-loading-not-4293\"  src=\"https:\/\/medcare.com.tr\/tr\/wp-content\/uploads\/2023\/11\/Urology-Drape-Pack-170.001.01.jpg\" title=\"\" alt=\"\" srcset=\"https:\/\/medcare.com.tr\/tr\/wp-content\/uploads\/2023\/11\/Urology-Drape-Pack-170.001.01.jpg 1024w, https:\/\/medcare.com.tr\/tr\/wp-content\/uploads\/2023\/11\/Urology-Drape-Pack-170.001.01-300x225.jpg 300w, https:\/\/medcare.com.tr\/tr\/wp-content\/uploads\/2023\/11\/Urology-Drape-Pack-170.001.01-768x576.jpg 768w, https:\/\/medcare.com.tr\/tr\/wp-content\/uploads\/2023\/11\/Urology-Drape-Pack-170.001.01-705x529.jpg 705w\" sizes=\"(max-width: 1024px) 100vw, 1024px\" \/><\/div><\/div><figcaption class='av-inner-masonry-content site-background'><div class='av-inner-masonry-content-pos'><div class='av-inner-masonry-content-pos-content'><div class='avia-arrow'><\/div><h3 class='av-masonry-entry-title entry-title '  itemprop=\"headline\" >\u00dcroloji \u00d6rt\u00fc Setleri<\/h3><\/div><\/div><\/figcaption><\/figure><\/a><!--end av-masonry entry--><a href=\"https:\/\/medcare.com.tr\/tr\/portfolio-item\/oftalmik-ortu-setleri\/\"  id='av-masonry-1-item-4302' data-av-masonry-item='4302' class='av-masonry-entry isotope-item post-4302 portfolio type-portfolio status-publish has-post-thumbnail hentry portfolio_entries-sterile-drape-packs all_sort sterile-drape-packs_sort  av-masonry-item-with-image' title=\"G\u00f6z \u00d6rt\u00fc Setleri\"   itemscope=\"itemscope\" itemtype=\"https:\/\/schema.org\/CreativeWork\" ><div class='av-inner-masonry-sizer'><\/div><figure class='av-inner-masonry main_color'><div class=\"av-masonry-outerimage-container\"><div class='av-masonry-image-container'   ><img decoding=\"async\" width=\"1024\" height=\"768\" class=\"wp-image-4321 avia-img-lazy-loading-not-4321\"  src=\"https:\/\/medcare.com.tr\/tr\/wp-content\/uploads\/2023\/11\/OphtalmicDrape-Pack-182.001.01-y.jpg\" title=\"\" alt=\"\" srcset=\"https:\/\/medcare.com.tr\/tr\/wp-content\/uploads\/2023\/11\/OphtalmicDrape-Pack-182.001.01-y.jpg 1024w, https:\/\/medcare.com.tr\/tr\/wp-content\/uploads\/2023\/11\/OphtalmicDrape-Pack-182.001.01-y-300x225.jpg 300w, https:\/\/medcare.com.tr\/tr\/wp-content\/uploads\/2023\/11\/OphtalmicDrape-Pack-182.001.01-y-768x576.jpg 768w, https:\/\/medcare.com.tr\/tr\/wp-content\/uploads\/2023\/11\/OphtalmicDrape-Pack-182.001.01-y-705x529.jpg 705w\" sizes=\"(max-width: 1024px) 100vw, 1024px\" \/><\/div><\/div><figcaption class='av-inner-masonry-content site-background'><div class='av-inner-masonry-content-pos'><div class='av-inner-masonry-content-pos-content'><div class='avia-arrow'><\/div><h3 class='av-masonry-entry-title entry-title '  itemprop=\"headline\" >G\u00f6z \u00d6rt\u00fc Setleri<\/h3><\/div><\/div><\/figcaption><\/figure><\/a><!--end av-masonry entry--><\/div><\/div><\/div>\n\n","protected":false},"excerpt":{"rendered":"","protected":false},"author":1,"featured_media":0,"parent":0,"menu_order":0,"comment_status":"closed","ping_status":"closed","template":"","meta":{"footnotes":""},"class_list":["post-3679","page","type-page","status-publish","hentry"],"_links":{"self":[{"href":"https:\/\/medcare.com.tr\/tr\/wp-json\/wp\/v2\/pages\/3679","targetHints":{"allow":["GET"]}}],"collection":[{"href":"https:\/\/medcare.com.tr\/tr\/wp-json\/wp\/v2\/pages"}],"about":[{"href":"https:\/\/medcare.com.tr\/tr\/wp-json\/wp\/v2\/types\/page"}],"author":[{"embeddable":true,"href":"https:\/\/medcare.com.tr\/tr\/wp-json\/wp\/v2\/users\/1"}],"replies":[{"embeddable":true,"href":"https:\/\/medcare.com.tr\/tr\/wp-json\/wp\/v2\/comments?post=3679"}],"version-history":[{"count":36,"href":"https:\/\/medcare.com.tr\/tr\/wp-json\/wp\/v2\/pages\/3679\/revisions"}],"predecessor-version":[{"id":5048,"href":"https:\/\/medcare.com.tr\/tr\/wp-json\/wp\/v2\/pages\/3679\/revisions\/5048"}],"wp:attachment":[{"href":"https:\/\/medcare.com.tr\/tr\/wp-json\/wp\/v2\/media?parent=3679"}],"curies":[{"name":"wp","href":"https:\/\/api.w.org\/{rel}","templated":true}]}}