{"id":3538,"date":"2023-10-18T16:23:39","date_gmt":"2023-10-18T13:23:39","guid":{"rendered":"https:\/\/medcare.com.tr\/tr\/?page_id=3538"},"modified":"2024-09-16T15:40:31","modified_gmt":"2024-09-16T12:40:31","slug":"biz-kimiz","status":"publish","type":"page","link":"https:\/\/medcare.com.tr\/tr\/biz-kimiz\/","title":{"rendered":"Biz Kimiz"},"content":{"rendered":"<div  class='flex_column av-4o3lo2-bafa9a92fe06dd9e6ce4460299937dfd av_one_full  avia-builder-el-0  el_before_av_section  avia-builder-el-no-sibling  first flex_column_div  '     ><style type=\"text\/css\" data-created_by=\"avia_inline_auto\" id=\"style-css-av-lu6xent3-f9ba8a69b1149d6d9301aa7943b763b3\">\n#top .av-special-heading.av-lu6xent3-f9ba8a69b1149d6d9301aa7943b763b3{\npadding-bottom:10px;\ncolor:#160093;\n}\nbody .av-special-heading.av-lu6xent3-f9ba8a69b1149d6d9301aa7943b763b3 .av-special-heading-tag .heading-char{\nfont-size:25px;\n}\n.av-special-heading.av-lu6xent3-f9ba8a69b1149d6d9301aa7943b763b3 .special-heading-inner-border{\nborder-color:#160093;\n}\n.av-special-heading.av-lu6xent3-f9ba8a69b1149d6d9301aa7943b763b3 .av-subheading{\nfont-size:15px;\n}\n<\/style>\n<div  class='av-special-heading av-lu6xent3-f9ba8a69b1149d6d9301aa7943b763b3 av-special-heading-h3 custom-color-heading  avia-builder-el-1  avia-builder-el-no-sibling '><h3 class='av-special-heading-tag'  itemprop=\"headline\"  >Biz Kimiz ?<\/h3><div class=\"special-heading-border\"><div class=\"special-heading-inner-border\"><\/div><\/div><\/div><\/div>\n<\/div><\/div><\/div><!-- close content main div --><\/div><\/div><div id='av_section_1'  class='avia-section av-12o0682-c09068b0b1576d7bb9142fbef293c2e6 main_color avia-section-no-padding avia-no-border-styling  avia-builder-el-2  el_after_av_one_full  el_before_av_one_full  avia-bg-style-scroll container_wrap fullsize'  ><div class='container av-section-cont-open' ><div class='template-page content  av-content-full alpha units'><div class='post-entry post-entry-type-page post-entry-3538'><div class='entry-content-wrapper clearfix'>\n<div  class='flex_column av-nl6f4y-d6fbc7f735da49a4960298486fd418f8 av_one_full  avia-builder-el-3  el_before_av_one_half  avia-builder-el-first  first flex_column_div  '     ><style type=\"text\/css\" data-created_by=\"avia_inline_auto\" id=\"style-css-av-lyk2wy-05c962fb6790e7bb97293a0d4719aff4\">\n#top .av_textblock_section.av-lyk2wy-05c962fb6790e7bb97293a0d4719aff4 .avia_textblock{\nfont-size:11px;\n}\n<\/style>\n<section  class='av_textblock_section av-lyk2wy-05c962fb6790e7bb97293a0d4719aff4 '   itemscope=\"itemscope\" itemtype=\"https:\/\/schema.org\/CreativeWork\" ><div class='avia_textblock'  itemprop=\"text\" ><p>Medcare, 35 y\u0131ll\u0131k t\u0131bbi deneyimin ard\u0131ndan kurulmu\u015f ve Tek Kullan\u0131ml\u0131k Cerrahi \u00d6nl\u00fckler, Cerrahi \u00d6rt\u00fcler ve \u00d6rt\u00fc Paketlerinin lider ihracat\u00e7\u0131s\u0131 haline gelmi\u015ftir. Kurumsal bir politika olarak, iyi geri bildirimler ve pazardaki en son geli\u015fmelerle m\u00fckemmel \u00fcr\u00fcnler i\u00e7in s\u00fcrekli ara\u015ft\u0131rma i\u00e7indeyiz. Sa\u011fl\u0131k profesyonelleri ile yak\u0131n temas halindeyiz, b\u00f6ylece sekt\u00f6re ayak uydurabiliyoruz. Bu nedenle, \u00fcretim kapasitemizi art\u0131rd\u0131k ve \u00fcretim hatt\u0131m\u0131z\u0131 ultrasonik kaynak makineleri ile birlikte y\u00fcksek miktarda cerrahi \u00f6nl\u00fck \u00fcretimi sa\u011flayabilen robotik laminasyon makineleri ile yeniledik.<br \/>\nM\u00fckemmelli\u011fi hedefledi\u011fimiz i\u00e7in, kalite departman\u0131m\u0131z ISO 13485:2016, MDD 93\/42\/EEC&#8217;ye g\u00f6re EC Sertifikas\u0131, FDA 510k, TS EN 13795-1, KKD Y\u00f6netmeli\u011fi (EU)2016 \/425 ve AAMI Seviye 4&#8217;e kadar y\u00fcksek korumal\u0131 \u00f6nl\u00fckler i\u00e7in test raporlar\u0131 gibi d\u00fcnya \u00e7ap\u0131nda gerekli sertifikalar\u0131 almak i\u00e7in s\u00fcrekli bir \u00e7aba g\u00f6stermektedir.<br \/>\nMedcare&#8217;in steril \u00fcr\u00fcnleri 200m2 temiz oda tesisinde i\u015flenmekte ve \u015firket i\u00e7i EO sterilizasyon \u00fcniteleri ile sterilize edilmektedir. \u015eirketin deneyimli personeli, ISO 11135:2014 standard\u0131na uygun olarak sterilizasyon s\u00fcrecini s\u0131k\u0131 bir \u015fekilde izlemektedir. Medcare&#8217;in OEM yetene\u011fi, d\u00fc\u015f\u00fck maliyet ve zaman\u0131nda teslimat ile benzersiz bir i\u015f f\u0131rsat\u0131 sunmaktad\u0131r. \u00d6zelle\u015ftirilmi\u015f bir \u00fcr\u00fcn ar\u0131yorsan\u0131z, Ar-Ge departman\u0131m\u0131z sa\u011fl\u0131k hizmeti tedarik\u00e7ilerinin tam ihtiya\u00e7lar\u0131 i\u00e7in \u00f6zel \u00e7\u00f6z\u00fcmler sunma yetene\u011fine sahiptir.<\/p>\n<\/div><\/section><\/div>\n<style type=\"text\/css\" data-created_by=\"avia_inline_auto\" id=\"style-css-av-lu6yqt2i-eef6d2e1728555594639556f826bbaa1\">\n.flex_column.av-lu6yqt2i-eef6d2e1728555594639556f826bbaa1 .avia-divider-svg-top svg{\nheight:50px;\nwidth:calc(100% + 1.3px);\nfill:#ffffff;\n}\n<\/style>\n<div  class='flex_column av-lu6yqt2i-eef6d2e1728555594639556f826bbaa1 av_one_half  avia-builder-el-5  el_after_av_one_full  avia-builder-el-last  first flex_column_div  column-top-margin'     ><div class='avia-divider-svg avia-divider-svg-arrow avia-divider-svg-top avia-svg-original'><svg xmlns=\"http:\/\/www.w3.org\/2000\/svg\" viewBox=\"0 0 700 10\" preserveAspectRatio=\"none\">\n\t<path d=\"M350,10L340,0h20L350,10z\"\/>\n<\/svg><\/div><\/div><\/div><\/div><\/div><!-- close content main div --><\/div><\/div><div id='after_section_1'  class='main_color av_default_container_wrap container_wrap fullsize'  ><div class='container av-section-cont-open' ><div class='template-page content  av-content-full alpha units'><div class='post-entry post-entry-type-page post-entry-3538'><div class='entry-content-wrapper clearfix'><div  class='flex_column av-1wh50i-36640b1e9533948bf8074ae9503af006 av_one_full  avia-builder-el-7  el_after_av_section  el_before_av_section  avia-builder-el-no-sibling  first flex_column_div  '     ><\/div><\/p>\n<\/div><\/div><\/div><!-- close content main div --><\/div><\/div><div id='av_section_2'  class='avia-section av-gtorv6-69bb204e786cdc2cffd6d849ad4d13e9 main_color avia-section-default avia-no-border-styling avia-bg-style-scroll container_wrap fullsize'  ><div class='container av-section-cont-open' ><div class='template-page content  av-content-full alpha units'><div class='post-entry post-entry-type-page post-entry-3538'><div class='entry-content-wrapper clearfix'>\n\n<style type=\"text\/css\" data-created_by=\"avia_inline_auto\" id=\"style-css-av-1jhob6-07abe479f3d6ab4c7d5cde8891ae0e67\">\n.flex_column.av-1jhob6-07abe479f3d6ab4c7d5cde8891ae0e67{\nwidth:32%;\n}\n<\/style>\n<div  class='flex_column av-1jhob6-07abe479f3d6ab4c7d5cde8891ae0e67 av_one_third first flex_column_div  '     ><p>\n<style type=\"text\/css\" data-created_by=\"avia_inline_auto\" id=\"style-css-av-dvkopu-f3eb231a9bcd1c9d12d1c8a36d4ec995\">\n#top .av-special-heading.av-dvkopu-f3eb231a9bcd1c9d12d1c8a36d4ec995{\npadding-bottom:10px;\ncolor:#134094;\n}\nbody .av-special-heading.av-dvkopu-f3eb231a9bcd1c9d12d1c8a36d4ec995 .av-special-heading-tag .heading-char{\nfont-size:25px;\n}\n.av-special-heading.av-dvkopu-f3eb231a9bcd1c9d12d1c8a36d4ec995 .special-heading-inner-border{\nborder-color:#134094;\n}\n.av-special-heading.av-dvkopu-f3eb231a9bcd1c9d12d1c8a36d4ec995 .av-subheading{\nfont-size:16px;\ncolor:#ffcc70;\n}\n<\/style>\n<div  id=\"girisbaslik\"  class='av-special-heading av-dvkopu-f3eb231a9bcd1c9d12d1c8a36d4ec995 av-special-heading-h3 custom-color-heading blockquote modern-quote  girisbaslik girisbaslik'><h3 class='av-special-heading-tag'  itemprop=\"headline\"  >Vizyonumuz<\/h3><div class=\"special-heading-border\"><div class=\"special-heading-inner-border\"><\/div><\/div><\/div><br \/>\n\n<style type=\"text\/css\" data-created_by=\"avia_inline_auto\" id=\"style-css-av-bwcdwi-87ee9af11ef1c4409d480ce5e5cc2b63\">\n#top .av_textblock_section.av-bwcdwi-87ee9af11ef1c4409d480ce5e5cc2b63 .avia_textblock{\nfont-size:13px;\n}\n<\/style>\n<section  class='av_textblock_section av-bwcdwi-87ee9af11ef1c4409d480ce5e5cc2b63 '   itemscope=\"itemscope\" itemtype=\"https:\/\/schema.org\/CreativeWork\" ><div class='avia_textblock'  itemprop=\"text\" ><p>Firmam\u0131z, uluslararas\u0131 standartlara uygun, e\u011fitimli ve uzman personeli ile m\u00fc\u015fteri memnuniyetini \u00f6n planda tutan, Ar-Ge faaliyetleri ve ileri teknolojisi ile medikal pazarda lider bir firma olmay\u0131 hedeflemektedir.<\/p>\n<\/div><\/section><\/p><\/div>\n<style type=\"text\/css\" data-created_by=\"avia_inline_auto\" id=\"style-css-av-antt02-63797fffed497c75173c9bb8b100e4c8\">\n.flex_column.av-antt02-63797fffed497c75173c9bb8b100e4c8{\nwidth:32%;\nmargin-left:2%;\n}\n<\/style>\n<div  class='flex_column av-antt02-63797fffed497c75173c9bb8b100e4c8 av_one_third flex_column_div  '     ><p>\n<style type=\"text\/css\" data-created_by=\"avia_inline_auto\" id=\"style-css-av-947pdu-a6f5c1ee73106772f8a58ba5f42f426c\">\n#top .av-special-heading.av-947pdu-a6f5c1ee73106772f8a58ba5f42f426c{\npadding-bottom:10px;\ncolor:#134094;\n}\nbody .av-special-heading.av-947pdu-a6f5c1ee73106772f8a58ba5f42f426c .av-special-heading-tag .heading-char{\nfont-size:25px;\n}\n.av-special-heading.av-947pdu-a6f5c1ee73106772f8a58ba5f42f426c .special-heading-inner-border{\nborder-color:#134094;\n}\n.av-special-heading.av-947pdu-a6f5c1ee73106772f8a58ba5f42f426c .av-subheading{\nfont-size:16px;\ncolor:#ffcc70;\n}\n<\/style>\n<div  id=\"girisbaslik\"  class='av-special-heading av-947pdu-a6f5c1ee73106772f8a58ba5f42f426c av-special-heading-h3 custom-color-heading blockquote modern-quote  girisbaslik girisbaslik'><h3 class='av-special-heading-tag'  itemprop=\"headline\"  >Misyonumuz<\/h3><div class=\"special-heading-border\"><div class=\"special-heading-inner-border\"><\/div><\/div><\/div><br \/>\n\n<style type=\"text\/css\" data-created_by=\"avia_inline_auto\" id=\"style-css-av-7bu3qq-9e6aa58b0af64b6668bf7d878dd11cdc\">\n#top .av_textblock_section.av-7bu3qq-9e6aa58b0af64b6668bf7d878dd11cdc .avia_textblock{\nfont-size:13px;\n}\n<\/style>\n<section  class='av_textblock_section av-7bu3qq-9e6aa58b0af64b6668bf7d878dd11cdc '   itemscope=\"itemscope\" itemtype=\"https:\/\/schema.org\/CreativeWork\" ><div class='avia_textblock'  itemprop=\"text\" ><p>M\u00fc\u015fteri talep ve beklentilerini kar\u015f\u0131layan \u00fcr\u00fcn ve hizmetler \u00fcretmek,<br \/>\n\u00c7evre ve insan sa\u011fl\u0131\u011f\u0131n\u0131 korumak, personelde \u00e7evre bilincini olu\u015fturmak ve geli\u015ftirmek,<br \/>\nEn iyi kalitede \u00fcr\u00fcnlere sahip olmak i\u00e7in t\u00fcm s\u00fcre\u00e7lerde ilgili standartlara uymak,<br \/>\n\u00dcretim ve y\u00f6netim kalitesini s\u00fcrekli iyile\u015ftirmek ve geli\u015ftirmek;<br \/>\n\u015eirket, kalite, termin ve esneklik konular\u0131nda m\u00fc\u015fteri beklentilerini kar\u015f\u0131lamay\u0131 taahh\u00fct etmi\u015ftir.<\/p>\n<\/div><\/section><\/p><\/div>\n<style type=\"text\/css\" data-created_by=\"avia_inline_auto\" id=\"style-css-av-5fc6le-df6f78af723d410486ff242e17a8a0ff\">\n.flex_column.av-5fc6le-df6f78af723d410486ff242e17a8a0ff{\nwidth:32%;\nmargin-left:2%;\n}\n<\/style>\n<div  class='flex_column av-5fc6le-df6f78af723d410486ff242e17a8a0ff av_one_third flex_column_div  '     ><p>\n<style type=\"text\/css\" data-created_by=\"avia_inline_auto\" id=\"style-css-av-3yue6q-6af02585f2d96df8511d3ea5c282e7a0\">\n#top .av-special-heading.av-3yue6q-6af02585f2d96df8511d3ea5c282e7a0{\npadding-bottom:10px;\ncolor:#134094;\n}\nbody .av-special-heading.av-3yue6q-6af02585f2d96df8511d3ea5c282e7a0 .av-special-heading-tag .heading-char{\nfont-size:25px;\n}\n.av-special-heading.av-3yue6q-6af02585f2d96df8511d3ea5c282e7a0 .special-heading-inner-border{\nborder-color:#134094;\n}\n.av-special-heading.av-3yue6q-6af02585f2d96df8511d3ea5c282e7a0 .av-subheading{\nfont-size:16px;\ncolor:#ffcc70;\n}\n<\/style>\n<div  id=\"girisbaslik\"  class='av-special-heading av-3yue6q-6af02585f2d96df8511d3ea5c282e7a0 av-special-heading-h3 custom-color-heading blockquote modern-quote  girisbaslik girisbaslik'><h3 class='av-special-heading-tag'  itemprop=\"headline\"  >\u0130lkelerimiz ve Taahh\u00fctlerimiz<\/h3><div class=\"special-heading-border\"><div class=\"special-heading-inner-border\"><\/div><\/div><\/div><br \/>\n\n<style type=\"text\/css\" data-created_by=\"avia_inline_auto\" id=\"style-css-av-32ik1e-076cfba5128f3e0ed947cdca8d9c85d4\">\n#top .av_textblock_section.av-32ik1e-076cfba5128f3e0ed947cdca8d9c85d4 .avia_textblock{\nfont-size:13px;\n}\n<\/style>\n<section  class='av_textblock_section av-32ik1e-076cfba5128f3e0ed947cdca8d9c85d4 '   itemscope=\"itemscope\" itemtype=\"https:\/\/schema.org\/CreativeWork\" ><div class='avia_textblock'  itemprop=\"text\" ><p>Dinamik, g\u00fcvenilir, sayg\u0131n ve yenilik\u00e7i,<br \/>\nM\u00fc\u015fteri memnuniyeti,<br \/>\n\u0130nsanlara ve yasalara sayg\u0131l\u0131,<br \/>\nS\u00fcrekli iyile\u015ftirme i\u00e7in kullan\u0131labilir,<br \/>\nE\u011fitim a\u00e7\u0131s\u0131ndan \u00f6nemi,<br \/>\n\u0130\u015f sa\u011fl\u0131\u011f\u0131 ve g\u00fcvenli\u011finin \u00f6nemi,<br \/>\nBu ilkeler do\u011frultusunda Medcare, yasalara uygun \u00fcr\u00fcnler \u00fcretmeyi ve t\u00fcm personeli i\u00e7in uygun \u00e7al\u0131\u015fma ko\u015fullar\u0131 ve e\u011fitim sa\u011flamay\u0131 garanti eder.<br \/>\nKaynaklar\u0131n kullan\u0131labilirli\u011fini sa\u011flayarak, yasal gerekliliklere ve m\u00fc\u015fteri beklentilerine uygun, \u00e7evreye duyarl\u0131 \u00fcr\u00fcnler \u00fcretece\u011fimizi beyan ederiz.<br \/>\n\u015eirket olarak \u00fcr\u00fcn kalitesini ve EN ISO 13485:2016 Kalite Y\u00f6netim Sistemini s\u00fcrekli iyile\u015ftirerek m\u00fc\u015fteri memnuniyetini ve yasal gereklilikleri kar\u015f\u0131lamay\u0131 taahh\u00fct ederiz.<br \/>\nAyr\u0131ca kalite hedeflerini tan\u0131mlamay\u0131, bunlara uymay\u0131 ve kalite hedeflerini periyodik olarak g\u00f6zden ge\u00e7irmeyi taahh\u00fct ederiz.<\/p>\n<\/div><\/section><\/p><\/div>\n\n","protected":false},"excerpt":{"rendered":"","protected":false},"author":1,"featured_media":0,"parent":0,"menu_order":0,"comment_status":"closed","ping_status":"closed","template":"","meta":{"footnotes":""},"class_list":["post-3538","page","type-page","status-publish","hentry"],"_links":{"self":[{"href":"https:\/\/medcare.com.tr\/tr\/wp-json\/wp\/v2\/pages\/3538","targetHints":{"allow":["GET"]}}],"collection":[{"href":"https:\/\/medcare.com.tr\/tr\/wp-json\/wp\/v2\/pages"}],"about":[{"href":"https:\/\/medcare.com.tr\/tr\/wp-json\/wp\/v2\/types\/page"}],"author":[{"embeddable":true,"href":"https:\/\/medcare.com.tr\/tr\/wp-json\/wp\/v2\/users\/1"}],"replies":[{"embeddable":true,"href":"https:\/\/medcare.com.tr\/tr\/wp-json\/wp\/v2\/comments?post=3538"}],"version-history":[{"count":56,"href":"https:\/\/medcare.com.tr\/tr\/wp-json\/wp\/v2\/pages\/3538\/revisions"}],"predecessor-version":[{"id":5332,"href":"https:\/\/medcare.com.tr\/tr\/wp-json\/wp\/v2\/pages\/3538\/revisions\/5332"}],"wp:attachment":[{"href":"https:\/\/medcare.com.tr\/tr\/wp-json\/wp\/v2\/media?parent=3538"}],"curies":[{"name":"wp","href":"https:\/\/api.w.org\/{rel}","templated":true}]}}