{"id":4594,"date":"2023-11-09T11:15:16","date_gmt":"2023-11-09T08:15:16","guid":{"rendered":"https:\/\/medcare.com.tr\/fr\/?page_id=4594"},"modified":"2024-10-15T17:50:39","modified_gmt":"2024-10-15T14:50:39","slug":"fda","status":"publish","type":"page","link":"https:\/\/medcare.com.tr\/fr\/fda\/","title":{"rendered":"FDA"},"content":{"rendered":"<div id='av-layout-grid-1'  class='av-layout-grid-container av-p52eia-0480e554ecf899edc7f429ddbe31838f entry-content-wrapper main_color av-flex-cells  avia-builder-el-0  el_before_av_heading  avia-builder-el-first   container_wrap fullsize'  >\n<div class='flex_cell av-o4jvz6-026cf34e3b2f81640571ca00d439f1b5 av-gridrow-cell av_one_third no_margin  avia-builder-el-1  el_before_av_cell_two_third  avia-builder-el-first '  ><div class='flex_cell_inner'>\n<style type=\"text\/css\" data-created_by=\"avia_inline_auto\" id=\"style-css-av-mznu5e-db3fa256c25d8ae78a6d95793e01806c\">\n.flex_column.av-mznu5e-db3fa256c25d8ae78a6d95793e01806c{\nwidth:100%;\n}\n<\/style>\n<div  class='flex_column av-mznu5e-db3fa256c25d8ae78a6d95793e01806c av_one_full  avia-builder-el-2  avia-builder-el-no-sibling  first flex_column_div  '     ><style type=\"text\/css\" data-created_by=\"avia_inline_auto\" id=\"style-css-av-kzfj1e-3fcd1f81126c1ff3b1d5421bafd519cd\">\n.avia-image-container.av-kzfj1e-3fcd1f81126c1ff3b1d5421bafd519cd img.avia_image{\nbox-shadow:none;\n}\n.avia-image-container.av-kzfj1e-3fcd1f81126c1ff3b1d5421bafd519cd .av-image-caption-overlay-center{\ncolor:#ffffff;\n}\n<\/style>\n<div  class='avia-image-container av-kzfj1e-3fcd1f81126c1ff3b1d5421bafd519cd av-styling- avia-align-center  avia-builder-el-3  avia-builder-el-no-sibling '   itemprop=\"image\" itemscope=\"itemscope\" itemtype=\"https:\/\/schema.org\/ImageObject\" ><div class=\"avia-image-container-inner\"><div class=\"avia-image-overlay-wrap\"><img decoding=\"async\" class='wp-image-4214 avia-img-lazy-loading-not-4214 avia_image ' src=\"https:\/\/medcare.com.tr\/fr\/wp-content\/uploads\/2023\/11\/fda.jpg\" alt='' title=''  height=\"1500\" width=\"656\"  itemprop=\"thumbnailUrl\" srcset=\"https:\/\/medcare.com.tr\/fr\/wp-content\/uploads\/2023\/11\/fda.jpg 656w, https:\/\/medcare.com.tr\/fr\/wp-content\/uploads\/2023\/11\/fda-131x300.jpg 131w, https:\/\/medcare.com.tr\/fr\/wp-content\/uploads\/2023\/11\/fda-450x1030.jpg 450w, https:\/\/medcare.com.tr\/fr\/wp-content\/uploads\/2023\/11\/fda-308x705.jpg 308w\" sizes=\"(max-width: 656px) 100vw, 656px\" \/><\/div><\/div><\/div><\/div>\n<\/div><\/div><div class='flex_cell av-ijf0oi-f469735e8e13d7bc8c9654277a7c9511 av-gridrow-cell av_two_third no_margin  avia-builder-el-4  el_after_av_cell_one_third  avia-builder-el-last '  ><div class='flex_cell_inner'><div  class='flex_column av-gzahhe-84216f96a9bf04abf13aa3545ad3abfb av_one_full  avia-builder-el-5  avia-builder-el-no-sibling  first flex_column_div  '     ><p>\n<style type=\"text\/css\" data-created_by=\"avia_inline_auto\" id=\"style-css-av-f32upe-a83cd4f2386c35396e54be904f5fb3fe\">\n#top .av-special-heading.av-f32upe-a83cd4f2386c35396e54be904f5fb3fe{\npadding-bottom:10px;\ncolor:#134094;\nfont-size:24px;\n}\nbody .av-special-heading.av-f32upe-a83cd4f2386c35396e54be904f5fb3fe .av-special-heading-tag .heading-char{\nfont-size:25px;\n}\n#top #wrap_all .av-special-heading.av-f32upe-a83cd4f2386c35396e54be904f5fb3fe .av-special-heading-tag{\nfont-size:24px;\n}\n.av-special-heading.av-f32upe-a83cd4f2386c35396e54be904f5fb3fe .special-heading-inner-border{\nborder-color:#134094;\n}\n.av-special-heading.av-f32upe-a83cd4f2386c35396e54be904f5fb3fe .av-subheading{\nfont-size:16px;\ncolor:#65a8dd;\n}\n\n@media only screen and (min-width: 480px) and (max-width: 767px){ \n#top #wrap_all .av-special-heading.av-f32upe-a83cd4f2386c35396e54be904f5fb3fe .av-special-heading-tag{\nfont-size:0.8em;\n}\n}\n\n@media only screen and (max-width: 479px){ \n#top #wrap_all .av-special-heading.av-f32upe-a83cd4f2386c35396e54be904f5fb3fe .av-special-heading-tag{\nfont-size:0.8em;\n}\n}\n<\/style>\n<div  id=\"girisbaslik\"  class='av-special-heading av-f32upe-a83cd4f2386c35396e54be904f5fb3fe av-special-heading-h3 custom-color-heading blockquote modern-quote  avia-builder-el-6  el_before_av_textblock  avia-builder-el-first  girisbaslik girisbaslik av-inherit-size'><h3 class='av-special-heading-tag'  itemprop=\"headline\"  >Blouse Chirurgicale St\u00e9rile FDA 510 (k)<\/h3><div class='av_custom_color av-subheading av-subheading_below'><p>R\u00c9F.N\u00b0\u00a0: 87.00X.01-88.00X.01-89.00X.01<\/p>\n<\/div><div class=\"special-heading-border\"><div class=\"special-heading-inner-border\"><\/div><\/div><\/div><br \/>\n<section  class='av_textblock_section av-etkk6a-fe9f9c74fdc345640bd288bba64b9059 '   itemscope=\"itemscope\" itemtype=\"https:\/\/schema.org\/CreativeWork\" ><div class='avia_textblock'  itemprop=\"text\" ><p>REF.NO:87.00X.01-88.00X.01-89.00X.01 La blouse chirurgicale triplex st\u00e9rile (S, M, L, XL, XXL, XXXL) est une blouse chirurgicale st\u00e9rile \u00e0 usage unique destin\u00e9e \u00e0 prot\u00e9ger les patients chirurgicaux. et le personnel de la salle d&#8217;op\u00e9ration contre le transfert de micro-organismes, de fluides corporels et de mati\u00e8res particulaires. Il a \u00e9t\u00e9 test\u00e9 et est class\u00e9 niveau 4 dans les zones critiques selon la norme AAMI PB70 : performances de barri\u00e8re contre les liquides et classification des v\u00eatements et rideaux de protection destin\u00e9s \u00e0 \u00eatre utilis\u00e9s dans les \u00e9tablissements de sant\u00e9.<\/p>\n<\/div><\/section><br \/>\n<section  class='av_textblock_section av-bebeiq-4c4d3da15b8f6fab8f27f30314528936 '   itemscope=\"itemscope\" itemtype=\"https:\/\/schema.org\/CreativeWork\" ><div class='avia_textblock'  itemprop=\"text\" ><table class=\"table_s\" border=\"1\">\n<tbody>\n<tr class=\"table_baslik\">\n<td>CODE DE R\u00c9F\u00c9RENCE<\/td>\n<td>NOM DU PRODUIT<\/td>\n<td>SIZE<\/td>\n<\/tr>\n<tr class=\"table_satir_beyaz\">\n<td>87.001.01<\/td>\n<td>Blouse Chirurgicale Triplex St\u00e9rile avec 1 Essuie-main<\/td>\n<td>S<\/td>\n<\/tr>\n<tr class=\"table_satir_beyaz\">\n<td>87.002.01<\/td>\n<td>Blouse Chirurgicale Triplex St\u00e9rile avec 1 Essuie-main<\/td>\n<td>M<\/td>\n<\/tr>\n<tr class=\"table_satir_beyaz\">\n<td>87.003.01<\/td>\n<td>Blouse Chirurgicale Triplex St\u00e9rile avec 1 Essuie-main<\/td>\n<td>L<\/td>\n<\/tr>\n<tr class=\"table_satir_beyaz\">\n<td>87.004.01<\/td>\n<td>Blouse Chirurgicale Triplex St\u00e9rile avec 1 Essuie-main<\/td>\n<td>XL<\/td>\n<\/tr>\n<tr class=\"table_satir_beyaz\">\n<td>87.005.01<\/td>\n<td>Blouse Chirurgicale Triplex St\u00e9rile avec 1 Essuie-main<\/td>\n<td>XXL<\/td>\n<\/tr>\n<tr class=\"table_satir_beyaz\">\n<td>87.006.01<\/td>\n<td>Blouse Chirurgicale Triplex St\u00e9rile avec 1 Essuie-main<\/td>\n<td>XXXL<\/td>\n<\/tr>\n<tr class=\"table_satir_beyaz\">\n<td><\/td>\n<td><\/td>\n<td><\/td>\n<\/tr>\n<tr class=\"table_satir_beyaz\">\n<td>88.001.01<\/td>\n<td>Blouse Chirurgicale Triplex St\u00e9rile avec 2 Essuie-mains<\/td>\n<td>S<\/td>\n<\/tr>\n<tr class=\"table_satir_beyaz\">\n<td>88.002.01<\/td>\n<td>Blouse Chirurgicale Triplex St\u00e9rile avec 2 Essuie-mains<\/td>\n<td>M<\/td>\n<\/tr>\n<tr class=\"table_satir_beyaz\">\n<td>88.003.01<\/td>\n<td>Blouse Chirurgicale Triplex St\u00e9rile avec 2 Essuie-mains<\/td>\n<td>L<\/td>\n<\/tr>\n<tr class=\"table_satir_beyaz\">\n<td>88.004.01<\/td>\n<td>Blouse Chirurgicale Triplex St\u00e9rile avec 2 Essuie-mains<\/td>\n<td>XL<\/td>\n<\/tr>\n<tr class=\"table_satir_beyaz\">\n<td>88.005.01<\/td>\n<td>Blouse Chirurgicale Triplex St\u00e9rile avec 2 Essuie-mains<\/td>\n<td>XXL<\/td>\n<\/tr>\n<tr class=\"table_satir_beyaz\">\n<td>88.006.01<\/td>\n<td>Blouse Chirurgicale Triplex St\u00e9rile avec 2 Essuie-mains<\/td>\n<td>XXXL<\/td>\n<\/tr>\n<tr class=\"table_satir_beyaz\">\n<td><\/td>\n<td><\/td>\n<td><\/td>\n<\/tr>\n<tr class=\"table_satir_beyaz\">\n<td>89.001.01<\/td>\n<td>Blouse chirurgicale triplex st\u00e9rile<\/td>\n<td>S<\/td>\n<\/tr>\n<tr class=\"table_satir_beyaz\">\n<td>89.002.01<\/td>\n<td>Blouse chirurgicale triplex st\u00e9rile<\/td>\n<td>M<\/td>\n<\/tr>\n<tr class=\"table_satir_beyaz\">\n<td>89.003.01<\/td>\n<td>Blouse chirurgicale triplex st\u00e9rile<\/td>\n<td>L<\/td>\n<\/tr>\n<tr class=\"table_satir_beyaz\">\n<td>89.004.01<\/td>\n<td>Blouse chirurgicale triplex st\u00e9rile<\/td>\n<td>XL<\/td>\n<\/tr>\n<tr class=\"table_satir_beyaz\">\n<td>89.005.01<\/td>\n<td>Blouse chirurgicale triplex st\u00e9rile<\/td>\n<td>XXL<\/td>\n<\/tr>\n<tr class=\"table_satir_beyaz\">\n<td>89.006.01<\/td>\n<td>Blouse chirurgicale triplex st\u00e9rile<\/td>\n<td>XXXL<\/td>\n<\/tr>\n<\/tbody>\n<\/table>\n<\/div><\/section><\/p><\/div>\n<\/div><\/div><\/div><div id='after_grid_row_1'  class='main_color av_default_container_wrap container_wrap fullsize'  ><div class='container av-section-cont-open' ><div class='template-page content  av-content-full alpha units'><div class='post-entry post-entry-type-page post-entry-4594'><div class='entry-content-wrapper clearfix'>\n<style type=\"text\/css\" data-created_by=\"avia_inline_auto\" id=\"style-css-av-49200y-cb8bd08d3a851e8b65b59717a5f8c8d5\">\n#top .av-special-heading.av-49200y-cb8bd08d3a851e8b65b59717a5f8c8d5{\npadding-bottom:10px;\ncolor:#134094;\nfont-size:24px;\n}\nbody .av-special-heading.av-49200y-cb8bd08d3a851e8b65b59717a5f8c8d5 .av-special-heading-tag .heading-char{\nfont-size:25px;\n}\n#top #wrap_all .av-special-heading.av-49200y-cb8bd08d3a851e8b65b59717a5f8c8d5 .av-special-heading-tag{\nfont-size:24px;\n}\n.av-special-heading.av-49200y-cb8bd08d3a851e8b65b59717a5f8c8d5 .special-heading-inner-border{\nborder-color:#134094;\n}\n.av-special-heading.av-49200y-cb8bd08d3a851e8b65b59717a5f8c8d5 .av-subheading{\nfont-size:16px;\ncolor:#65a8dd;\n}\n\n@media only screen and (min-width: 480px) and (max-width: 767px){ \n#top #wrap_all .av-special-heading.av-49200y-cb8bd08d3a851e8b65b59717a5f8c8d5 .av-special-heading-tag{\nfont-size:0.8em;\n}\n}\n\n@media only screen and (max-width: 479px){ \n#top #wrap_all .av-special-heading.av-49200y-cb8bd08d3a851e8b65b59717a5f8c8d5 .av-special-heading-tag{\nfont-size:0.8em;\n}\n}\n<\/style>\n<div  id=\"girisbaslik\"  class='av-special-heading av-49200y-cb8bd08d3a851e8b65b59717a5f8c8d5 av-special-heading-h3 custom-color-heading blockquote modern-quote modern-centered  avia-builder-el-9  el_after_av_layout_row  el_before_av_portfolio  avia-builder-el-no-sibling  girisbaslik girisbaslik av-inherit-size'><h3 class='av-special-heading-tag'  itemprop=\"headline\"  >Nos autres produits<\/h3><div class='av_custom_color av-subheading av-subheading_below'><p>Blouses Chirurgicales St\u00e9riles<\/p>\n<\/div><div class=\"special-heading-border\"><div class=\"special-heading-inner-border\"><\/div><\/div><\/div><\/p>\n<div  id=\"av-sc-portfolio-1\"  class=' grid-sort-container isotope   no_margin-container with-title-container grid-total-odd grid-col-6 grid-links-' data-portfolio-id='1'><div data-ajax-id='4088' class=' grid-entry flex_column isotope-item all_sort no_margin post-entry post-entry-4088 grid-entry-overview grid-loop-1 grid-parity-odd  sterile-surgical-gowns_sort  av_one_sixth first default_av_fullwidth '><article class='main_color inner-entry'  itemscope=\"itemscope\" itemtype=\"https:\/\/schema.org\/CreativeWork\" ><a href=\"https:\/\/medcare.com.tr\/fr\/portfolio-item\/blouse-durologie\/\" title='Blouse D&#8217;Urologie'  data-rel='grid-1' class='grid-image avia-hover-fx'> <img decoding=\"async\" width=\"667\" height=\"1000\" src=\"https:\/\/medcare.com.tr\/fr\/wp-content\/uploads\/2023\/11\/Urology-Gown-1.jpg\" class=\"wp-image-4090 avia-img-lazy-loading-not-4090 attachment-no scaling size-no scaling wp-post-image\" alt=\"\" srcset=\"https:\/\/medcare.com.tr\/fr\/wp-content\/uploads\/2023\/11\/Urology-Gown-1.jpg 667w, https:\/\/medcare.com.tr\/fr\/wp-content\/uploads\/2023\/11\/Urology-Gown-1-200x300.jpg 200w, https:\/\/medcare.com.tr\/fr\/wp-content\/uploads\/2023\/11\/Urology-Gown-1-470x705.jpg 470w\" sizes=\"(max-width: 667px) 100vw, 667px\" \/><\/a><div class='grid-content'><div class='avia-arrow'><\/div><header class=\"entry-content-header\"><h3 class='grid-entry-title entry-title '  itemprop=\"headline\" ><a href='https:\/\/medcare.com.tr\/fr\/portfolio-item\/blouse-durologie\/' title='Blouse D&#8217;Urologie'>Blouse D&#8217;Urologie<\/a><\/h3><\/header><\/div><footer class=\"entry-footer\"><\/footer><\/article><\/div><div data-ajax-id='4008' class=' grid-entry flex_column isotope-item all_sort no_margin post-entry post-entry-4008 grid-entry-overview grid-loop-2 grid-parity-even  sterile-surgical-gowns_sort  av_one_sixth  default_av_fullwidth '><article class='main_color inner-entry'  itemscope=\"itemscope\" itemtype=\"https:\/\/schema.org\/CreativeWork\" ><a href=\"https:\/\/medcare.com.tr\/fr\/portfolio-item\/blouse-protection-complete-sterile\/\" title='Blouse Protection Compl\u00e8te St\u00e9rile'  data-rel='grid-1' class='grid-image avia-hover-fx'> <img decoding=\"async\" width=\"667\" height=\"1000\" src=\"https:\/\/medcare.com.tr\/fr\/wp-content\/uploads\/2023\/11\/kapak-gorseli.jpg\" class=\"wp-image-4057 avia-img-lazy-loading-not-4057 attachment-no scaling size-no scaling wp-post-image\" alt=\"\" srcset=\"https:\/\/medcare.com.tr\/fr\/wp-content\/uploads\/2023\/11\/kapak-gorseli.jpg 667w, https:\/\/medcare.com.tr\/fr\/wp-content\/uploads\/2023\/11\/kapak-gorseli-200x300.jpg 200w, https:\/\/medcare.com.tr\/fr\/wp-content\/uploads\/2023\/11\/kapak-gorseli-470x705.jpg 470w\" sizes=\"(max-width: 667px) 100vw, 667px\" \/><\/a><div class='grid-content'><div class='avia-arrow'><\/div><header class=\"entry-content-header\"><h3 class='grid-entry-title entry-title '  itemprop=\"headline\" ><a href='https:\/\/medcare.com.tr\/fr\/portfolio-item\/blouse-protection-complete-sterile\/' title='Blouse Protection Compl\u00e8te St\u00e9rile'>Blouse Protection Compl\u00e8te St\u00e9rile<\/a><\/h3><\/header><\/div><footer class=\"entry-footer\"><\/footer><\/article><\/div><div data-ajax-id='4029' class=' grid-entry flex_column isotope-item all_sort no_margin post-entry post-entry-4029 grid-entry-overview grid-loop-3 grid-parity-odd  sterile-surgical-gowns_sort  av_one_sixth  default_av_fullwidth '><article class='main_color inner-entry'  itemscope=\"itemscope\" itemtype=\"https:\/\/schema.org\/CreativeWork\" ><a href=\"https:\/\/medcare.com.tr\/fr\/portfolio-item\/blouse-chirurgicale-laminee-sterile\/\" title='Blouse Chirurgicale Lamin\u00e9e St\u00e9rile'  data-rel='grid-1' class='grid-image avia-hover-fx'> <img decoding=\"async\" width=\"667\" height=\"1000\" src=\"https:\/\/medcare.com.tr\/fr\/wp-content\/uploads\/2023\/11\/Laminated-Surgical-Gown-1.jpg\" class=\"wp-image-4031 avia-img-lazy-loading-not-4031 attachment-no scaling size-no scaling wp-post-image\" alt=\"\" srcset=\"https:\/\/medcare.com.tr\/fr\/wp-content\/uploads\/2023\/11\/Laminated-Surgical-Gown-1.jpg 667w, https:\/\/medcare.com.tr\/fr\/wp-content\/uploads\/2023\/11\/Laminated-Surgical-Gown-1-200x300.jpg 200w, https:\/\/medcare.com.tr\/fr\/wp-content\/uploads\/2023\/11\/Laminated-Surgical-Gown-1-470x705.jpg 470w\" sizes=\"(max-width: 667px) 100vw, 667px\" \/><\/a><div class='grid-content'><div class='avia-arrow'><\/div><header class=\"entry-content-header\"><h3 class='grid-entry-title entry-title '  itemprop=\"headline\" ><a href='https:\/\/medcare.com.tr\/fr\/portfolio-item\/blouse-chirurgicale-laminee-sterile\/' title='Blouse Chirurgicale Lamin\u00e9e St\u00e9rile'>Blouse Chirurgicale Lamin\u00e9e St\u00e9rile<\/a><\/h3><\/header><\/div><footer class=\"entry-footer\"><\/footer><\/article><\/div><div data-ajax-id='4066' class=' grid-entry flex_column isotope-item all_sort no_margin post-entry post-entry-4066 grid-entry-overview grid-loop-4 grid-parity-even  sterile-surgical-gowns_sort  av_one_sixth  default_av_fullwidth '><article class='main_color inner-entry'  itemscope=\"itemscope\" itemtype=\"https:\/\/schema.org\/CreativeWork\" ><a href=\"https:\/\/medcare.com.tr\/fr\/portfolio-item\/blouse-chirurgicale-renforcee-sterile\/\" title='Blouse Chirurgicale Renforc\u00e9e St\u00e9rile'  data-rel='grid-1' class='grid-image avia-hover-fx'> <img decoding=\"async\" width=\"667\" height=\"1000\" src=\"https:\/\/medcare.com.tr\/fr\/wp-content\/uploads\/2023\/11\/Reinforced-Surgical-Gown-1.jpg\" class=\"wp-image-4068 avia-img-lazy-loading-not-4068 attachment-no scaling size-no scaling wp-post-image\" alt=\"\" srcset=\"https:\/\/medcare.com.tr\/fr\/wp-content\/uploads\/2023\/11\/Reinforced-Surgical-Gown-1.jpg 667w, https:\/\/medcare.com.tr\/fr\/wp-content\/uploads\/2023\/11\/Reinforced-Surgical-Gown-1-200x300.jpg 200w, https:\/\/medcare.com.tr\/fr\/wp-content\/uploads\/2023\/11\/Reinforced-Surgical-Gown-1-470x705.jpg 470w\" sizes=\"(max-width: 667px) 100vw, 667px\" \/><\/a><div class='grid-content'><div class='avia-arrow'><\/div><header class=\"entry-content-header\"><h3 class='grid-entry-title entry-title '  itemprop=\"headline\" ><a href='https:\/\/medcare.com.tr\/fr\/portfolio-item\/blouse-chirurgicale-renforcee-sterile\/' title='Blouse Chirurgicale Renforc\u00e9e St\u00e9rile'>Blouse Chirurgicale Renforc\u00e9e St\u00e9rile<\/a><\/h3><\/header><\/div><footer class=\"entry-footer\"><\/footer><\/article><\/div><div data-ajax-id='4076' class=' grid-entry flex_column isotope-item all_sort no_margin post-entry post-entry-4076 grid-entry-overview grid-loop-5 grid-parity-odd  post-entry-last  sterile-surgical-gowns_sort  av_one_sixth  default_av_fullwidth '><article class='main_color inner-entry'  itemscope=\"itemscope\" itemtype=\"https:\/\/schema.org\/CreativeWork\" ><a href=\"https:\/\/medcare.com.tr\/fr\/portfolio-item\/blouse-chirurgicale-standard-sterile\/\" title='Blouse Chirurgicale Standard St\u00e9rile'  data-rel='grid-1' class='grid-image avia-hover-fx'> <img decoding=\"async\" width=\"667\" height=\"1000\" src=\"https:\/\/medcare.com.tr\/fr\/wp-content\/uploads\/2023\/11\/Standard-Surgical-Gown-1.jpg\" class=\"wp-image-4080 avia-img-lazy-loading-not-4080 attachment-no scaling size-no scaling wp-post-image\" alt=\"\" srcset=\"https:\/\/medcare.com.tr\/fr\/wp-content\/uploads\/2023\/11\/Standard-Surgical-Gown-1.jpg 667w, https:\/\/medcare.com.tr\/fr\/wp-content\/uploads\/2023\/11\/Standard-Surgical-Gown-1-200x300.jpg 200w, https:\/\/medcare.com.tr\/fr\/wp-content\/uploads\/2023\/11\/Standard-Surgical-Gown-1-470x705.jpg 470w\" sizes=\"(max-width: 667px) 100vw, 667px\" \/><\/a><div class='grid-content'><div class='avia-arrow'><\/div><header class=\"entry-content-header\"><h3 class='grid-entry-title entry-title '  itemprop=\"headline\" ><a href='https:\/\/medcare.com.tr\/fr\/portfolio-item\/blouse-chirurgicale-standard-sterile\/' title='Blouse Chirurgicale Standard St\u00e9rile'>Blouse Chirurgicale Standard St\u00e9rile<\/a><\/h3><\/header><\/div><footer class=\"entry-footer\"><\/footer><\/article><\/div><\/div>\n","protected":false},"excerpt":{"rendered":"","protected":false},"author":1,"featured_media":0,"parent":0,"menu_order":0,"comment_status":"closed","ping_status":"closed","template":"","meta":{"footnotes":""},"class_list":["post-4594","page","type-page","status-publish","hentry"],"_links":{"self":[{"href":"https:\/\/medcare.com.tr\/fr\/wp-json\/wp\/v2\/pages\/4594","targetHints":{"allow":["GET"]}}],"collection":[{"href":"https:\/\/medcare.com.tr\/fr\/wp-json\/wp\/v2\/pages"}],"about":[{"href":"https:\/\/medcare.com.tr\/fr\/wp-json\/wp\/v2\/types\/page"}],"author":[{"embeddable":true,"href":"https:\/\/medcare.com.tr\/fr\/wp-json\/wp\/v2\/users\/1"}],"replies":[{"embeddable":true,"href":"https:\/\/medcare.com.tr\/fr\/wp-json\/wp\/v2\/comments?post=4594"}],"version-history":[{"count":3,"href":"https:\/\/medcare.com.tr\/fr\/wp-json\/wp\/v2\/pages\/4594\/revisions"}],"predecessor-version":[{"id":5114,"href":"https:\/\/medcare.com.tr\/fr\/wp-json\/wp\/v2\/pages\/4594\/revisions\/5114"}],"wp:attachment":[{"href":"https:\/\/medcare.com.tr\/fr\/wp-json\/wp\/v2\/media?parent=4594"}],"curies":[{"name":"wp","href":"https:\/\/api.w.org\/{rel}","templated":true}]}}