{"id":3853,"date":"2023-11-02T14:23:50","date_gmt":"2023-11-02T11:23:50","guid":{"rendered":"https:\/\/medcare.com.tr\/fr\/?page_id=3853"},"modified":"2024-10-15T11:51:14","modified_gmt":"2024-10-15T08:51:14","slug":"durabilite","status":"publish","type":"page","link":"https:\/\/medcare.com.tr\/fr\/durabilite\/","title":{"rendered":"Durabilit\u00e9"},"content":{"rendered":"\n<style type=\"text\/css\" data-created_by=\"avia_inline_auto\" id=\"style-css-av-48f1u5-349e2f0f0961d05d355a3b2e5e107bd4\">\n.avia-section.av-48f1u5-349e2f0f0961d05d355a3b2e5e107bd4{\nbackground-color:#090087;\nbackground-image:unset;\nmargin-top:0px;\nmargin-bottom:0px;\n}\n<\/style>\n<div id='av_section_1'  class='avia-section av-48f1u5-349e2f0f0961d05d355a3b2e5e107bd4 main_color avia-section-small avia-no-border-styling  avia-builder-el-0  el_before_av_section  avia-builder-el-first  avia-bg-style-scroll container_wrap fullsize'  ><div class='container av-section-cont-open' ><main  role=\"main\" itemprop=\"mainContentOfPage\"  class='template-page content  av-content-full alpha units'><div class='post-entry post-entry-type-page post-entry-3853'><div class='entry-content-wrapper clearfix'>\n<div  class='flex_column av-m2a67ll0-933fdd36796e1424e5ba5e6983bc8de5 av_one_full  avia-builder-el-1  avia-builder-el-no-sibling  first flex_column_div  '     ><style type=\"text\/css\" data-created_by=\"avia_inline_auto\" id=\"style-css-av-lpgqsqqk-f4b23d5fdd1e299d4b59030c66a0798d\">\n#top .av-special-heading.av-lpgqsqqk-f4b23d5fdd1e299d4b59030c66a0798d{\npadding-bottom:10px;\ncolor:#ffffff;\n}\nbody .av-special-heading.av-lpgqsqqk-f4b23d5fdd1e299d4b59030c66a0798d .av-special-heading-tag .heading-char{\nfont-size:25px;\n}\n#top #wrap_all .av-special-heading.av-lpgqsqqk-f4b23d5fdd1e299d4b59030c66a0798d .av-special-heading-tag{\nfont-size:35px;\n}\n.av-special-heading.av-lpgqsqqk-f4b23d5fdd1e299d4b59030c66a0798d .special-heading-inner-border{\nborder-color:#ffffff;\n}\n.av-special-heading.av-lpgqsqqk-f4b23d5fdd1e299d4b59030c66a0798d .av-subheading{\nfont-size:16px;\ncolor:#ffcc70;\n}\n<\/style>\n<div  id=\"girisbaslik\"  class='av-special-heading av-lpgqsqqk-f4b23d5fdd1e299d4b59030c66a0798d av-special-heading-h2 custom-color-heading  avia-builder-el-2  avia-builder-el-no-sibling  girisbaslik girisbaslik'><h2 class='av-special-heading-tag'  itemprop=\"headline\"  >DURABILIT\u00c9<\/h2><div class=\"special-heading-border\"><div class=\"special-heading-inner-border\"><\/div><\/div><\/div><\/div><\/div><\/div><\/main><!-- close content main element --><\/div><\/div><div id='av_section_2'  class='avia-section av-lp6wjl1u-2b2c5f4012dedffcc4f0266485c1173d main_color avia-section-default avia-no-border-styling  avia-builder-el-3  el_after_av_section  el_before_av_section  avia-bg-style-scroll container_wrap fullsize'  ><div class='container av-section-cont-open' ><div class='template-page content  av-content-full alpha units'><div class='post-entry post-entry-type-page post-entry-3853'><div class='entry-content-wrapper clearfix'>\n<div  class='flex_column av-924hal-377a440dcbec17d695612645389d35b0 av_one_half  avia-builder-el-4  el_before_av_one_half  avia-builder-el-first  first flex_column_div  '     ><p>\n<style type=\"text\/css\" data-created_by=\"avia_inline_auto\" id=\"style-css-av-loh4ujoi-6d5205b97f6a769c2f114d8758f07b04\">\n#top .av-special-heading.av-loh4ujoi-6d5205b97f6a769c2f114d8758f07b04{\npadding-bottom:10px;\ncolor:#134094;\n}\nbody .av-special-heading.av-loh4ujoi-6d5205b97f6a769c2f114d8758f07b04 .av-special-heading-tag .heading-char{\nfont-size:25px;\n}\n.av-special-heading.av-loh4ujoi-6d5205b97f6a769c2f114d8758f07b04 .special-heading-inner-border{\nborder-color:#134094;\n}\n.av-special-heading.av-loh4ujoi-6d5205b97f6a769c2f114d8758f07b04 .av-subheading{\nfont-size:16px;\ncolor:#ffcc70;\n}\n<\/style>\n<div  id=\"girisbaslik\"  class='av-special-heading av-loh4ujoi-6d5205b97f6a769c2f114d8758f07b04 av-special-heading-h3 custom-color-heading  avia-builder-el-5  el_before_av_textblock  avia-builder-el-first  girisbaslik girisbaslik'><h3 class='av-special-heading-tag'  itemprop=\"headline\"  >\u00c9nergie Propre<\/h3><div class=\"special-heading-border\"><div class=\"special-heading-inner-border\"><\/div><\/div><\/div><br \/>\n\n<style type=\"text\/css\" data-created_by=\"avia_inline_auto\" id=\"style-css-av-loh4u2o0-a34e6124b7d69219cafe63135ed41bdb\">\n#top .av_textblock_section.av-loh4u2o0-a34e6124b7d69219cafe63135ed41bdb .avia_textblock{\nfont-size:17px;\n}\n<\/style>\n<section  class='av_textblock_section av-loh4u2o0-a34e6124b7d69219cafe63135ed41bdb '   itemscope=\"itemscope\" itemtype=\"https:\/\/schema.org\/CreativeWork\" ><div class='avia_textblock'  itemprop=\"text\" ><p>Afin de r\u00e9aliser notre vision d\u2019avenir durable visant \u00e0 r\u00e9duire l\u2019empreinte carbone et \u00e0 contribuer \u00e0 la production d\u2019\u00e9nergie propre de notre pays, une centrale solaire de 810 kWc \/ 600 kWe a \u00e9t\u00e9 install\u00e9e.<\/p>\n<\/div><\/section><\/p><\/div><div  class='flex_column av-6vpox9-6e9f6f29feea39d45363baef6d3c5208 av_one_half  avia-builder-el-7  el_after_av_one_half  el_before_av_two_fifth  flex_column_div  '     ><style type=\"text\/css\" data-created_by=\"avia_inline_auto\" id=\"style-css-av-m2a7awvh-61ae74c78f09a671d91313e899a5f318\">\n.avia-video.av-m2a7awvh-61ae74c78f09a671d91313e899a5f318{\nbackground-image:url(https:\/\/medcare.com.tr\/fr\/wp-content\/uploads\/2024\/10\/images1-300x169-1.jpg);\npadding-bottom:56%;\n}\n<\/style>\n<div  class='avia-video av-m2a7awvh-61ae74c78f09a671d91313e899a5f318 avia-video-custom av-html5-fullscreen-btn av-preview-image avia-video-lightbox av-lazyload-video-embed avia-video-external-service'  itemprop=\"video\" itemtype=\"https:\/\/schema.org\/VideoObject\"  data-original_url='https:\/\/https:\/\/www.youtube.com\/watch?v=rd-ixif2bdY&autoplay=1'><script type='text\/html' class='av-video-tmpl'><a href='https:\/\/https:\/\/www.youtube.com\/watch?v=rd-ixif2bdY&autoplay=1' class='mfp-iframe lightbox-link'><\/a><\/script><div class=\"av-click-to-play-overlay play-lightbox\"><div class=\"avia_playpause_icon\"><\/div><\/div><\/div><\/div><div  class='flex_column av-34sft9-59651c206fe44a85833ea7ee213db7e5 av_two_fifth  avia-builder-el-9  el_after_av_one_half  el_before_av_three_fifth  first flex_column_div  column-top-margin'     ><style type=\"text\/css\" data-created_by=\"avia_inline_auto\" id=\"style-css-av-m2a7bl4v-682c5781ee9c0e68243acf4d23380df6\">\n.avia-image-container.av-m2a7bl4v-682c5781ee9c0e68243acf4d23380df6 img.avia_image{\nbox-shadow:none;\n}\n.avia-image-container.av-m2a7bl4v-682c5781ee9c0e68243acf4d23380df6 .av-image-caption-overlay-center{\ncolor:#ffffff;\n}\n<\/style>\n<div  class='avia-image-container av-m2a7bl4v-682c5781ee9c0e68243acf4d23380df6 av-styling- avia-align-center  avia-builder-el-10  avia-builder-el-no-sibling '   itemprop=\"image\" itemscope=\"itemscope\" itemtype=\"https:\/\/schema.org\/ImageObject\" ><div class=\"avia-image-container-inner\"><div class=\"avia-image-overlay-wrap\"><img decoding=\"async\" class='wp-image-4733 avia-img-lazy-loading-not-4733 avia_image ' src=\"https:\/\/medcare.com.tr\/fr\/wp-content\/uploads\/2023\/11\/Sustainability--180x180.jpg\" alt='' title=''  height=\"180\" width=\"180\"  itemprop=\"thumbnailUrl\" srcset=\"https:\/\/medcare.com.tr\/fr\/wp-content\/uploads\/2023\/11\/Sustainability--180x180.jpg 180w, https:\/\/medcare.com.tr\/fr\/wp-content\/uploads\/2023\/11\/Sustainability--80x80.jpg 80w, https:\/\/medcare.com.tr\/fr\/wp-content\/uploads\/2023\/11\/Sustainability--36x36.jpg 36w\" sizes=\"(max-width: 180px) 100vw, 180px\" \/><\/div><\/div><\/div><\/div><div  class='flex_column av-av_three_fifth-6b5dd89866f4b8553327b345e3382258 av_three_fifth  avia-builder-el-11  el_after_av_two_fifth  avia-builder-el-last  flex_column_div  column-top-margin'     ><p>\n<style type=\"text\/css\" data-created_by=\"avia_inline_auto\" id=\"style-css-av-lpgquac0-710de0d1173fe6c74cf8d59ac4a21e09\">\n#top .av-special-heading.av-lpgquac0-710de0d1173fe6c74cf8d59ac4a21e09{\npadding-bottom:10px;\ncolor:#134094;\n}\nbody .av-special-heading.av-lpgquac0-710de0d1173fe6c74cf8d59ac4a21e09 .av-special-heading-tag .heading-char{\nfont-size:25px;\n}\n.av-special-heading.av-lpgquac0-710de0d1173fe6c74cf8d59ac4a21e09 .special-heading-inner-border{\nborder-color:#134094;\n}\n.av-special-heading.av-lpgquac0-710de0d1173fe6c74cf8d59ac4a21e09 .av-subheading{\nfont-size:16px;\ncolor:#ffcc70;\n}\n<\/style>\n<div  id=\"girisbaslik\"  class='av-special-heading av-lpgquac0-710de0d1173fe6c74cf8d59ac4a21e09 av-special-heading-h3 custom-color-heading  avia-builder-el-12  el_before_av_textblock  avia-builder-el-first  girisbaslik girisbaslik'><h3 class='av-special-heading-tag'  itemprop=\"headline\"  >Avenir Durable<\/h3><div class=\"special-heading-border\"><div class=\"special-heading-inner-border\"><\/div><\/div><\/div><br \/>\n\n<style type=\"text\/css\" data-created_by=\"avia_inline_auto\" id=\"style-css-av-lpgqwqez-873cc41ec2dc0b1f8c662b2fcacb8254\">\n#top .av_textblock_section.av-lpgqwqez-873cc41ec2dc0b1f8c662b2fcacb8254 .avia_textblock{\nfont-size:17px;\n}\n<\/style>\n<section  class='av_textblock_section av-lpgqwqez-873cc41ec2dc0b1f8c662b2fcacb8254 '   itemscope=\"itemscope\" itemtype=\"https:\/\/schema.org\/CreativeWork\" ><div class='avia_textblock'  itemprop=\"text\" ><p>Gr\u00e2ce \u00e0 sa fonctionnalit\u00e9 respectueuse de l&#8217;environnement, Medcare livre \u00e9galement les d\u00e9chets \u00e0 base de papier et les d\u00e9chets de mati\u00e8res premi\u00e8res (tissus) g\u00e9n\u00e9r\u00e9s pendant les \u00e9tapes de production \u00e0 l&#8217;entreprise de traitement des d\u00e9chets sous contrat pour recyclage.<\/p>\n<\/div><\/section><\/p><\/div><\/div><\/div><\/div><!-- close content main div --><\/div><\/div><div id='av_section_3'  class='avia-section av-a4gsnh-800fda0fe5fd9405a69d0fa7543e1459 main_color avia-section-default avia-no-border-styling  avia-builder-el-14  el_after_av_section  avia-builder-el-last  avia-bg-style-scroll container_wrap fullsize'  ><div class='container av-section-cont-open' ><div class='template-page content  av-content-full alpha units'><div class='post-entry post-entry-type-page post-entry-3853'><div class='entry-content-wrapper clearfix'>\n<div  class='flex_column av-ylsnh-42993e741b496cf7a9dfb4da78e33a58 av_one_third  avia-builder-el-15  el_before_av_one_third  avia-builder-el-first  first flex_column_div  '     ><\/div><div  class='flex_column av-71x11p-d431a6fed2baf32b36727b4522cb3a19 av_one_third  avia-builder-el-16  el_after_av_one_third  el_before_av_one_third  flex_column_div  '     ><div  class='avia-logo-element-container av-looaq0in-8a43cc8e8688dd90416159c156bc3afb av-border-deactivate avia-logo-grid avia-content-slider avia-smallarrow-slider avia-content-grid-active noHover avia-content-slider-even  avia-builder-el-17  avia-builder-el-no-sibling  avia-content-slider1' ><div class='avia-smallarrow-slider-heading  no-logo-slider-heading '><div class='new-special-heading'>&nbsp;<\/div><\/div><div class=\"avia-content-slider-inner\"><div class=\"slide-entry-wrap\"><div  class='slide-entry av-6k6b7x-061bdb65842c68b2a600f49d361d454f flex_column no_margin av_one_fourth real-thumbnail post-entry slide-entry-overview slide-loop-1 slide-parity-odd  first'><img decoding=\"async\" width=\"379\" height=\"262\" src=\"https:\/\/medcare.com.tr\/fr\/wp-content\/uploads\/2023\/11\/pe.jpg\" class=\"wp-image-4212 avia-img-lazy-loading-not-4212 attachment-no scaling size-no scaling\" alt=\"\" srcset=\"https:\/\/medcare.com.tr\/fr\/wp-content\/uploads\/2023\/11\/pe.jpg 379w, https:\/\/medcare.com.tr\/fr\/wp-content\/uploads\/2023\/11\/pe-300x207.jpg 300w\" sizes=\"(max-width: 379px) 100vw, 379px\" \/><\/div><div  class='slide-entry av-3y36hp-deb6cc47954fc88b1e2cc8b966fce9ad flex_column no_margin av_one_fourth real-thumbnail post-entry slide-entry-overview slide-loop-2 slide-parity-even  '><img decoding=\"async\" width=\"379\" height=\"262\" src=\"https:\/\/medcare.com.tr\/fr\/wp-content\/uploads\/2023\/11\/fsc.jpg\" class=\"wp-image-4211 avia-img-lazy-loading-not-4211 attachment-no scaling size-no scaling\" alt=\"\" srcset=\"https:\/\/medcare.com.tr\/fr\/wp-content\/uploads\/2023\/11\/fsc.jpg 379w, https:\/\/medcare.com.tr\/fr\/wp-content\/uploads\/2023\/11\/fsc-300x207.jpg 300w\" sizes=\"(max-width: 379px) 100vw, 379px\" \/><\/div><div  class='slide-entry av-3uld65-220cb2f711f8c240ccc69da41b4c036a flex_column no_margin av_one_fourth real-thumbnail post-entry slide-entry-overview slide-loop-3 slide-parity-odd  '><img decoding=\"async\" width=\"379\" height=\"262\" src=\"https:\/\/medcare.com.tr\/fr\/wp-content\/uploads\/2023\/11\/reyc.jpg\" class=\"wp-image-4648 avia-img-lazy-loading-not-4648 attachment-no scaling size-no scaling\" alt=\"\" srcset=\"https:\/\/medcare.com.tr\/fr\/wp-content\/uploads\/2023\/11\/reyc.jpg 379w, https:\/\/medcare.com.tr\/fr\/wp-content\/uploads\/2023\/11\/reyc-300x207.jpg 300w\" sizes=\"(max-width: 379px) 100vw, 379px\" \/><\/div><div  class='slide-entry av-2woq9p-9de633db88831e1d91ad8c4e3c38737f flex_column no_margin av_one_fourth real-thumbnail post-entry slide-entry-overview slide-loop-4 slide-parity-even post-entry-last '><img decoding=\"async\" width=\"379\" height=\"262\" src=\"https:\/\/medcare.com.tr\/fr\/wp-content\/uploads\/2023\/11\/222.jpg\" class=\"wp-image-4649 avia-img-lazy-loading-not-4649 attachment-no scaling size-no scaling\" alt=\"\" srcset=\"https:\/\/medcare.com.tr\/fr\/wp-content\/uploads\/2023\/11\/222.jpg 379w, https:\/\/medcare.com.tr\/fr\/wp-content\/uploads\/2023\/11\/222-300x207.jpg 300w\" sizes=\"(max-width: 379px) 100vw, 379px\" \/><\/div><\/div><\/div><\/div><\/div><div  class='flex_column av-24pzzh-15970a319f02c5eb7aedfd1cba61d8bd av_one_third  avia-builder-el-18  el_after_av_one_third  avia-builder-el-last  flex_column_div  '     ><\/div>\n<\/p>\n","protected":false},"excerpt":{"rendered":"","protected":false},"author":1,"featured_media":0,"parent":0,"menu_order":0,"comment_status":"closed","ping_status":"closed","template":"","meta":{"footnotes":""},"class_list":["post-3853","page","type-page","status-publish","hentry"],"_links":{"self":[{"href":"https:\/\/medcare.com.tr\/fr\/wp-json\/wp\/v2\/pages\/3853","targetHints":{"allow":["GET"]}}],"collection":[{"href":"https:\/\/medcare.com.tr\/fr\/wp-json\/wp\/v2\/pages"}],"about":[{"href":"https:\/\/medcare.com.tr\/fr\/wp-json\/wp\/v2\/types\/page"}],"author":[{"embeddable":true,"href":"https:\/\/medcare.com.tr\/fr\/wp-json\/wp\/v2\/users\/1"}],"replies":[{"embeddable":true,"href":"https:\/\/medcare.com.tr\/fr\/wp-json\/wp\/v2\/comments?post=3853"}],"version-history":[{"count":3,"href":"https:\/\/medcare.com.tr\/fr\/wp-json\/wp\/v2\/pages\/3853\/revisions"}],"predecessor-version":[{"id":5058,"href":"https:\/\/medcare.com.tr\/fr\/wp-json\/wp\/v2\/pages\/3853\/revisions\/5058"}],"wp:attachment":[{"href":"https:\/\/medcare.com.tr\/fr\/wp-json\/wp\/v2\/media?parent=3853"}],"curies":[{"name":"wp","href":"https:\/\/api.w.org\/{rel}","templated":true}]}}