{"id":3835,"date":"2023-11-02T13:49:57","date_gmt":"2023-11-02T10:49:57","guid":{"rendered":"https:\/\/medcare.com.tr\/fr\/?page_id=3835"},"modified":"2023-12-19T14:20:42","modified_gmt":"2023-12-19T11:20:42","slug":"carriere","status":"publish","type":"page","link":"https:\/\/medcare.com.tr\/fr\/carriere\/","title":{"rendered":"Carri\u00e8re"},"content":{"rendered":"\n<style type=\"text\/css\" data-created_by=\"avia_inline_auto\" id=\"style-css-av-l9qb7v-4a255b04ccc6883269f30091c0f44538\">\n.avia-section.av-l9qb7v-4a255b04ccc6883269f30091c0f44538{\nbackground-repeat:no-repeat;\nbackground-image:url(https:\/\/medcare.com.tr\/fr\/wp-content\/uploads\/2023\/10\/test-bg.webp);\nbackground-position:50% 50%;\nbackground-attachment:scroll;\n}\n<\/style>\n<div id='av_section_1'  class='avia-section av-l9qb7v-4a255b04ccc6883269f30091c0f44538 main_color avia-section-large avia-no-border-styling  avia-builder-el-0  el_before_av_section  avia-builder-el-first  avia-full-stretch avia-bg-style-scroll container_wrap fullsize'  data-section-bg-repeat='stretch'><div class='container av-section-cont-open' ><main  role=\"main\" itemprop=\"mainContentOfPage\"  class='template-page content  av-content-full alpha units'><div class='post-entry post-entry-type-page post-entry-3835'><div class='entry-content-wrapper clearfix'>\n<div class='flex_column_table av-jrmv6z-5aff9c5b62bafb52dee063f0cc328773 sc-av_one_fifth av-equal-height-column-flextable'>\n<style type=\"text\/css\" data-created_by=\"avia_inline_auto\" id=\"style-css-av-jrmv6z-5aff9c5b62bafb52dee063f0cc328773\">\n.flex_column.av-jrmv6z-5aff9c5b62bafb52dee063f0cc328773{\nwidth:19.2%;\nmargin-left:0;\n}\n#top .flex_column_table.av-equal-height-column-flextable.av-jrmv6z-5aff9c5b62bafb52dee063f0cc328773 .av-flex-placeholder{\nwidth:1%;\n}\n<\/style>\n<div  class='flex_column av-jrmv6z-5aff9c5b62bafb52dee063f0cc328773 av_one_fifth  avia-builder-el-1  el_before_av_four_fifth  avia-builder-el-first  first flex_column_table_cell av-equal-height-column av-align-bottom  '     ><style type=\"text\/css\" data-created_by=\"avia_inline_auto\" id=\"style-css-av-loh2e44s-81685d9fd67a867c8ae69d1589e04f05\">\n#top .av-special-heading.av-loh2e44s-81685d9fd67a867c8ae69d1589e04f05{\npadding-bottom:10px;\ncolor:#ffffff;\nfont-size:45px;\n}\nbody .av-special-heading.av-loh2e44s-81685d9fd67a867c8ae69d1589e04f05 .av-special-heading-tag .heading-char{\nfont-size:25px;\n}\n#top #wrap_all .av-special-heading.av-loh2e44s-81685d9fd67a867c8ae69d1589e04f05 .av-special-heading-tag{\nfont-size:45px;\n}\n.av-special-heading.av-loh2e44s-81685d9fd67a867c8ae69d1589e04f05 .special-heading-inner-border{\nborder-color:#ffffff;\n}\n.av-special-heading.av-loh2e44s-81685d9fd67a867c8ae69d1589e04f05 .av-subheading{\nfont-size:16px;\n}\n\n@media only screen and (min-width: 480px) and (max-width: 767px){ \n#top #wrap_all .av-special-heading.av-loh2e44s-81685d9fd67a867c8ae69d1589e04f05 .av-special-heading-tag{\nfont-size:0.8em;\n}\n}\n\n@media only screen and (max-width: 479px){ \n#top #wrap_all .av-special-heading.av-loh2e44s-81685d9fd67a867c8ae69d1589e04f05 .av-special-heading-tag{\nfont-size:0.8em;\n}\n}\n<\/style>\n<div  id=\"girisbaslik\"  class='av-special-heading av-loh2e44s-81685d9fd67a867c8ae69d1589e04f05 av-special-heading-h3 custom-color-heading blockquote modern-quote  avia-builder-el-2  avia-builder-el-no-sibling  girisbaslik girisbaslik av-inherit-size'><h3 class='av-special-heading-tag'  itemprop=\"headline\"  >Carri\u00e8re<\/h3><div class=\"special-heading-border\"><div class=\"special-heading-inner-border\"><\/div><\/div><\/div><\/div><div class='av-flex-placeholder'><\/div>\n<style type=\"text\/css\" data-created_by=\"avia_inline_auto\" id=\"style-css-av-i6b92j-73d42d12557faa6da0624bed706a8b7a\">\n.flex_column.av-i6b92j-73d42d12557faa6da0624bed706a8b7a{\nwidth:79.8%;\nmargin-left:0;\n}\n#top .flex_column_table.av-equal-height-column-flextable.av-i6b92j-73d42d12557faa6da0624bed706a8b7a .av-flex-placeholder{\nwidth:1%;\n}\n<\/style>\n<div  class='flex_column av-i6b92j-73d42d12557faa6da0624bed706a8b7a av_four_fifth  avia-builder-el-3  el_after_av_one_fifth  avia-builder-el-last  flex_column_table_cell av-equal-height-column av-align-bottom  '     ><style type=\"text\/css\" data-created_by=\"avia_inline_auto\" id=\"style-css-av-loh2ehwp-1360e98814af75ecceedcb25736f176b\">\n#top .av_textblock_section.av-loh2ehwp-1360e98814af75ecceedcb25736f176b .avia_textblock{\ncolor:#ffffff;\n}\n<\/style>\n<section  class='av_textblock_section av-loh2ehwp-1360e98814af75ecceedcb25736f176b '   itemscope=\"itemscope\" itemtype=\"https:\/\/schema.org\/CreativeWork\" ><div class='avia_textblock av_inherit_color'  itemprop=\"text\" ><p>Notre objectif est de recruter des ressources humaines compatibles avec l&#8217;avenir, aimant la recherche, croyant au d\u00e9veloppement ensemble, \u00e9nergiques, enclines au travail en \u00e9quipe, comp\u00e9tentes dans leur domaine et \u00e0 fort potentiel, compatibles avec notre culture d&#8217;entreprise.<\/p>\n<\/div><\/section><\/div><\/div><!--close column table wrapper. Autoclose: 1 --><\/div><\/div><\/main><!-- close content main element --><\/div><\/div><div id='av_section_2'  class='avia-section av-fciccb-1e8bb3a303e1bd55bdfc8ce6d4e60d89 main_color avia-section-default avia-no-border-styling  avia-builder-el-5  el_after_av_section  avia-builder-el-last  avia-bg-style-scroll container_wrap fullsize'  ><div class='container av-section-cont-open' ><div class='template-page content  av-content-full alpha units'><div class='post-entry post-entry-type-page post-entry-3835'><div class='entry-content-wrapper clearfix'>\n<div  class='flex_column av-3sicjf-8a534cab8aaccff9b76b71d8c3aeed2d av_one_half  avia-builder-el-6  el_before_av_one_half  avia-builder-el-first  first flex_column_div  '     ><p>\n<style type=\"text\/css\" data-created_by=\"avia_inline_auto\" id=\"style-css-av-loh2gypy-1e6c9f71529171136a5fe4d80088663c\">\n#top .av-special-heading.av-loh2gypy-1e6c9f71529171136a5fe4d80088663c{\npadding-bottom:10px;\ncolor:#134094;\n}\nbody .av-special-heading.av-loh2gypy-1e6c9f71529171136a5fe4d80088663c .av-special-heading-tag .heading-char{\nfont-size:25px;\n}\n.av-special-heading.av-loh2gypy-1e6c9f71529171136a5fe4d80088663c .special-heading-inner-border{\nborder-color:#134094;\n}\n.av-special-heading.av-loh2gypy-1e6c9f71529171136a5fe4d80088663c .av-subheading{\nfont-size:16px;\ncolor:#ffcc70;\n}\n<\/style>\n<div  id=\"girisbaslik\"  class='av-special-heading av-loh2gypy-1e6c9f71529171136a5fe4d80088663c av-special-heading-h3 custom-color-heading blockquote modern-quote  avia-builder-el-7  el_before_av_textblock  avia-builder-el-first  girisbaslik girisbaslik'><h3 class='av-special-heading-tag'  itemprop=\"headline\"  >Notre Processus de Candidature<\/h3><div class=\"special-heading-border\"><div class=\"special-heading-inner-border\"><\/div><\/div><\/div><br \/>\n<section  class='av_textblock_section av-1ye5t7-b8320b5348efdf5bab76622c2427fbd0 '   itemscope=\"itemscope\" itemtype=\"https:\/\/schema.org\/CreativeWork\" ><div class='avia_textblock'  itemprop=\"text\" ><p>Pour rejoindre la famille Medcare, vous pouvez suivre nos offres d&#8217;emploi et postuler \u00e0 nos offres d&#8217;emploi sur le site \u00ab <a href=\"https:\/\/www.kariyer.net\/firma-profil\/medcare-saglik-urunleri-sanayi-ve-ticaret-anonim-s-171847-184099\">Kar\u0131yer.net<\/a> \u00bb ou sur notre compte \u00ab <a href=\"https:\/\/www.linkedin.com\/company\/medcare-healthcare\/?originalSubdomain=tr\">Linkedin<\/a> \u00bb. Les candidatures sont \u00e9valu\u00e9es de mani\u00e8re objective et \u00e9quitable dans le cadre des qualifications et comp\u00e9tences indiqu\u00e9es dans nos annonces concernant nos postes ouverts et des commentaires sont fournis.<\/p>\n<\/div><\/section><br \/>\n\n<style type=\"text\/css\" data-created_by=\"avia_inline_auto\" id=\"style-css-av-loh2kmv5-9ef88280077319e3b6c3420f03c3078a\">\n#top .av-special-heading.av-loh2kmv5-9ef88280077319e3b6c3420f03c3078a{\npadding-bottom:10px;\ncolor:#134094;\n}\nbody .av-special-heading.av-loh2kmv5-9ef88280077319e3b6c3420f03c3078a .av-special-heading-tag .heading-char{\nfont-size:25px;\n}\n.av-special-heading.av-loh2kmv5-9ef88280077319e3b6c3420f03c3078a .special-heading-inner-border{\nborder-color:#134094;\n}\n.av-special-heading.av-loh2kmv5-9ef88280077319e3b6c3420f03c3078a .av-subheading{\nfont-size:16px;\ncolor:#ffcc70;\n}\n<\/style>\n<div  id=\"girisbaslik\"  class='av-special-heading av-loh2kmv5-9ef88280077319e3b6c3420f03c3078a av-special-heading-h3 custom-color-heading blockquote modern-quote  avia-builder-el-9  el_after_av_textblock  el_before_av_textblock  girisbaslik girisbaslik'><h3 class='av-special-heading-tag'  itemprop=\"headline\"  >Notre Processus de Recrutement<\/h3><div class=\"special-heading-border\"><div class=\"special-heading-inner-border\"><\/div><\/div><\/div><br \/>\n<section  class='av_textblock_section av-loh2ksee-6ab6941fd16be7ff74e5ad2e7905dc71 '   itemscope=\"itemscope\" itemtype=\"https:\/\/schema.org\/CreativeWork\" ><div class='avia_textblock'  itemprop=\"text\" ><p>Nos pratiques d\u2019\u00e9valuation varient en fonction du poste concern\u00e9.<\/p>\n<\/div><\/section><\/p><\/div><div  class='flex_column av-9dlxjf-9961edab9a1a24ed48b93b8d6a06bdbf av_one_half  avia-builder-el-11  el_after_av_one_half  avia-builder-el-last  flex_column_div  '     ><section  class='av_textblock_section av-loinvgde-a5375e2eae396ee641d7f78673f63403 '   itemscope=\"itemscope\" itemtype=\"https:\/\/schema.org\/CreativeWork\" ><div class='avia_textblock'  itemprop=\"text\" >\n<div class=\"wpcf7 no-js\" id=\"wpcf7-f4761-o1\" lang=\"tr-TR\" dir=\"ltr\">\n<div class=\"screen-reader-response\"><p role=\"status\" aria-live=\"polite\" aria-atomic=\"true\"><\/p> <ul><\/ul><\/div>\n<form action=\"\/fr\/wp-json\/wp\/v2\/pages\/3835#wpcf7-f4761-o1\" method=\"post\" class=\"wpcf7-form init\" aria-label=\"Contact form\" enctype=\"multipart\/form-data\" novalidate=\"novalidate\" data-status=\"init\">\n<div style=\"display: none;\">\n<input type=\"hidden\" name=\"_wpcf7\" value=\"4761\" \/>\n<input type=\"hidden\" name=\"_wpcf7_version\" value=\"5.8.4\" \/>\n<input type=\"hidden\" name=\"_wpcf7_locale\" value=\"tr_TR\" \/>\n<input type=\"hidden\" name=\"_wpcf7_unit_tag\" value=\"wpcf7-f4761-o1\" \/>\n<input type=\"hidden\" name=\"_wpcf7_container_post\" value=\"0\" \/>\n<input type=\"hidden\" name=\"_wpcf7_posted_data_hash\" value=\"\" \/>\n<\/div>\n<p><label> Pr\u00e9nom Nom<br \/>\n<span class=\"wpcf7-form-control-wrap\" data-name=\"your-name\"><input size=\"40\" class=\"wpcf7-form-control wpcf7-text wpcf7-validates-as-required\" autocomplete=\"name\" aria-required=\"true\" aria-invalid=\"false\" value=\"\" type=\"text\" name=\"your-name\" \/><\/span> <\/label>\n<\/p>\n<p><label> E-mail<br \/>\n<span class=\"wpcf7-form-control-wrap\" data-name=\"your-email\"><input size=\"40\" class=\"wpcf7-form-control wpcf7-email wpcf7-validates-as-required wpcf7-text wpcf7-validates-as-email\" autocomplete=\"email\" aria-required=\"true\" aria-invalid=\"false\" value=\"\" type=\"email\" name=\"your-email\" \/><\/span> <\/label>\n<\/p>\n<p><label> Sujet<br \/>\n<span class=\"wpcf7-form-control-wrap\" data-name=\"your-subject\"><input size=\"40\" class=\"wpcf7-form-control wpcf7-text wpcf7-validates-as-required\" aria-required=\"true\" aria-invalid=\"false\" value=\"\" type=\"text\" name=\"your-subject\" \/><\/span> <\/label>\n<\/p>\n<p><label> D\u00e9tail<br \/>\n<span class=\"wpcf7-form-control-wrap\" data-name=\"your-message\"><textarea cols=\"40\" rows=\"10\" class=\"wpcf7-form-control wpcf7-textarea\" aria-invalid=\"false\" name=\"your-message\"><\/textarea><\/span> <\/label>\n<\/p>\n<p><span class=\"wpcf7-form-control-wrap\" data-name=\"quiz-66\"><label><span class=\"wpcf7-quiz-label\">2+2=?<\/span> <input size=\"40\" class=\"wpcf7-form-control wpcf7-quiz\" autocomplete=\"off\" aria-required=\"true\" aria-invalid=\"false\" type=\"text\" name=\"quiz-66\" \/><\/label><input type=\"hidden\" name=\"_wpcf7_quiz_answer_quiz-66\" value=\"e82f9bb5ea9906f7d8698979b68ce937\" \/><\/span>\n<\/p>\n<p><span class=\"wpcf7-form-control-wrap\" data-name=\"file-852\"><input size=\"40\" class=\"wpcf7-form-control wpcf7-file wpcf7-validates-as-required\" accept=\"audio\/*,video\/*,image\/*\" aria-required=\"true\" aria-invalid=\"false\" type=\"file\" name=\"file-852\" \/><\/span>\n<\/p>\n<p><input class=\"wpcf7-form-control wpcf7-submit has-spinner\" type=\"submit\" value=\"Envoyer\" \/>\n<\/p><div class=\"wpcf7-response-output\" aria-hidden=\"true\"><\/div>\n<\/form>\n<\/div>\n\n<\/div><\/section><\/div><\/p>\n","protected":false},"excerpt":{"rendered":"","protected":false},"author":1,"featured_media":0,"parent":0,"menu_order":0,"comment_status":"closed","ping_status":"closed","template":"","meta":{"footnotes":""},"class_list":["post-3835","page","type-page","status-publish","hentry"],"_links":{"self":[{"href":"https:\/\/medcare.com.tr\/fr\/wp-json\/wp\/v2\/pages\/3835","targetHints":{"allow":["GET"]}}],"collection":[{"href":"https:\/\/medcare.com.tr\/fr\/wp-json\/wp\/v2\/pages"}],"about":[{"href":"https:\/\/medcare.com.tr\/fr\/wp-json\/wp\/v2\/types\/page"}],"author":[{"embeddable":true,"href":"https:\/\/medcare.com.tr\/fr\/wp-json\/wp\/v2\/users\/1"}],"replies":[{"embeddable":true,"href":"https:\/\/medcare.com.tr\/fr\/wp-json\/wp\/v2\/comments?post=3835"}],"version-history":[{"count":3,"href":"https:\/\/medcare.com.tr\/fr\/wp-json\/wp\/v2\/pages\/3835\/revisions"}],"predecessor-version":[{"id":5120,"href":"https:\/\/medcare.com.tr\/fr\/wp-json\/wp\/v2\/pages\/3835\/revisions\/5120"}],"wp:attachment":[{"href":"https:\/\/medcare.com.tr\/fr\/wp-json\/wp\/v2\/media?parent=3835"}],"curies":[{"name":"wp","href":"https:\/\/api.w.org\/{rel}","templated":true}]}}