{"id":3819,"date":"2023-11-02T13:34:46","date_gmt":"2023-11-02T10:34:46","guid":{"rendered":"https:\/\/medcare.com.tr\/fr\/?page_id=3819"},"modified":"2025-01-13T10:59:37","modified_gmt":"2025-01-13T07:59:37","slug":"qualite","status":"publish","type":"page","link":"https:\/\/medcare.com.tr\/fr\/qualite\/","title":{"rendered":"Qualit\u00e9"},"content":{"rendered":"<div id='av-layout-grid-1'  class='av-layout-grid-container av-23rx3v-0c55b3248934aff983c416a23e88e69c entry-content-wrapper header_color av-flex-cells av-break-at-tablet  avia-builder-el-0  avia-builder-el-no-sibling  av-grid-order-reverse  container_wrap fullsize'  >\n\n<style type=\"text\/css\" data-created_by=\"avia_inline_auto\" id=\"style-css-av-lp6wq8iz-ca01cfda91935f30c5bd626709990dfd\">\n.flex_cell.av-lp6wq8iz-ca01cfda91935f30c5bd626709990dfd{\nvertical-align:bottom;\nbackground-color:rgba(0,92,146,0.01);\n}\n.responsive #top #wrap_all .flex_cell.av-lp6wq8iz-ca01cfda91935f30c5bd626709990dfd{\npadding:120px 120px 120px 120px !important;\n}\n<\/style>\n<div class='flex_cell av-lp6wq8iz-ca01cfda91935f30c5bd626709990dfd av-gridrow-cell av_one_full no_margin  avia-builder-el-1  avia-builder-el-no-sibling '  ><div class='flex_cell_inner'><p><div  class='flex_column av-34kq0b-84bedd8845f6977a7e33ece5c2ea7c0b av_two_fifth  avia-builder-el-2  el_before_av_three_fifth  avia-builder-el-first  first flex_column_div  '     ><p>\n<style type=\"text\/css\" data-created_by=\"avia_inline_auto\" id=\"style-css-av-loh1v17s-7fcd92ede71d893ac2c08997ab7e76b4\">\n#top .av-special-heading.av-loh1v17s-7fcd92ede71d893ac2c08997ab7e76b4{\npadding-bottom:10px;\ncolor:#02008e;\n}\nbody .av-special-heading.av-loh1v17s-7fcd92ede71d893ac2c08997ab7e76b4 .av-special-heading-tag .heading-char{\nfont-size:25px;\n}\n.av-special-heading.av-loh1v17s-7fcd92ede71d893ac2c08997ab7e76b4 .special-heading-inner-border{\nborder-color:#02008e;\n}\n.av-special-heading.av-loh1v17s-7fcd92ede71d893ac2c08997ab7e76b4 .av-subheading{\nfont-size:16px;\n}\n<\/style>\n<div  class='av-special-heading av-loh1v17s-7fcd92ede71d893ac2c08997ab7e76b4 av-special-heading-h1 custom-color-heading  avia-builder-el-3  el_before_av_image  avia-builder-el-first '><h1 class='av-special-heading-tag'  itemprop=\"headline\"  >Qualit\u00e9<\/h1><div class=\"special-heading-border\"><div class=\"special-heading-inner-border\"><\/div><\/div><\/div><br \/>\n\n<style type=\"text\/css\" data-created_by=\"avia_inline_auto\" id=\"style-css-av-m2a55uyx-6213b6272229eebf94ef8d2410fb9e00\">\n.avia-image-container.av-m2a55uyx-6213b6272229eebf94ef8d2410fb9e00 img.avia_image{\nbox-shadow:none;\n}\n.avia-image-container.av-m2a55uyx-6213b6272229eebf94ef8d2410fb9e00 .av-image-caption-overlay-center{\ncolor:#ffffff;\n}\n<\/style>\n<div  class='avia-image-container av-m2a55uyx-6213b6272229eebf94ef8d2410fb9e00 av-styling- avia-align-center  avia-builder-el-4  el_after_av_heading  avia-builder-el-last '   itemprop=\"image\" itemscope=\"itemscope\" itemtype=\"https:\/\/schema.org\/ImageObject\" ><div class=\"avia-image-container-inner\"><div class=\"avia-image-overlay-wrap\"><img decoding=\"async\" class='wp-image-4664 avia-img-lazy-loading-not-4664 avia_image ' src=\"https:\/\/medcare.com.tr\/fr\/wp-content\/uploads\/2023\/11\/Quality-1030x573.jpg\" alt='' title=''  height=\"573\" width=\"1030\"  itemprop=\"thumbnailUrl\" srcset=\"https:\/\/medcare.com.tr\/fr\/wp-content\/uploads\/2023\/11\/Quality-1030x573.jpg 1030w, https:\/\/medcare.com.tr\/fr\/wp-content\/uploads\/2023\/11\/Quality-300x167.jpg 300w, https:\/\/medcare.com.tr\/fr\/wp-content\/uploads\/2023\/11\/Quality-768x427.jpg 768w, https:\/\/medcare.com.tr\/fr\/wp-content\/uploads\/2023\/11\/Quality-705x392.jpg 705w, https:\/\/medcare.com.tr\/fr\/wp-content\/uploads\/2023\/11\/Quality.jpg 1200w\" sizes=\"(max-width: 1030px) 100vw, 1030px\" \/><\/div><\/div><\/div><\/p><\/div><div  class='flex_column av-4m1nuj-afadfaf9f09d03234e0359a5fdddb5ef av_three_fifth  avia-builder-el-5  el_after_av_two_fifth  el_before_av_two_fifth  flex_column_div  '     ><style type=\"text\/css\" data-created_by=\"avia_inline_auto\" id=\"style-css-av-m2a5559v-de537abff5e018fea3d3e18c5b3ca588\">\n#top .av_textblock_section.av-m2a5559v-de537abff5e018fea3d3e18c5b3ca588 .avia_textblock{\nfont-size:16px;\ncolor:#7c7c7c;\n}\n<\/style>\n<section  class='av_textblock_section av-m2a5559v-de537abff5e018fea3d3e18c5b3ca588 '   itemscope=\"itemscope\" itemtype=\"https:\/\/schema.org\/CreativeWork\" ><div class='avia_textblock av_inherit_color'  itemprop=\"text\" ><p>Medcare, qui produit en privil\u00e9giant la qualit\u00e9, a cr\u00e9\u00e9 son syst\u00e8me de management de la qualit\u00e9 selon la norme ISO 13485. Les produits et le syst\u00e8me qualit\u00e9 ont \u00e9t\u00e9 certifi\u00e9s par des organismes notifi\u00e9s selon la directive 93\/42\/CEE et le r\u00e8glement EPI 2016\/425, et par des organismes de certification selon les normes ISO 13485 et EN 13795-1.<br \/>\nMedcare a \u00e9galement re\u00e7u l&#8217;autorisation 510(k) de la FDA pour ses blouses chirurgicales AAMI niveau 4.<br \/>\nLes couches-culottes Medcare Underpad et Adult ont un certificat EAC approuv\u00e9 par la Russie et l&#8217;Union douani\u00e8re eurasienne.<br \/>\nLe contr\u00f4le qualit\u00e9 du processus et final des produits Medcare est effectu\u00e9 selon la m\u00e9thode d&#8217;\u00e9chantillonnage de la norme ISO 2859-1, et si des non-conformit\u00e9s sont d\u00e9tect\u00e9es, toutes les non-conformit\u00e9s sont signal\u00e9es au service qualit\u00e9 et enregistr\u00e9es, et des am\u00e9liorations sont planifi\u00e9es.<br \/>\nLes dispositifs de conditionnement, les dispositifs de st\u00e9rilisation EO et tous les autres \u00e9quipements utilis\u00e9s dans la zone de production et affectant les produits sont valid\u00e9s selon les m\u00e9thodes approuv\u00e9es \u00e0 une certaine p\u00e9riode.<\/p>\n<\/div><\/section><\/div><div  class='flex_column av-2om3a3-7a17c4b9cacea327cdd5ff29316d4ed6 av_two_fifth  avia-builder-el-7  el_after_av_three_fifth  avia-builder-el-last  first flex_column_div  '     ><style type=\"text\/css\" data-created_by=\"avia_inline_auto\" id=\"style-css-av-loh23xxv-ee5e33da5c99a285329b52f746b9b908\">\n#top .avia-gallery.av-loh23xxv-ee5e33da5c99a285329b52f746b9b908 .avia-gallery-thumb a{\nwidth:14.2857%;\n}\n<\/style>\n<div  class='avia-gallery av-loh23xxv-ee5e33da5c99a285329b52f746b9b908 avia_animate_when_visible  avia-builder-el-8  avia-builder-el-no-sibling  avia_lazyload avia-gallery-animate avia-gallery-1'  itemprop=\"image\" itemscope=\"itemscope\" itemtype=\"https:\/\/schema.org\/ImageObject\" ><meta itemprop=\"contentURL\" content=\"https:\/\/medcare.com.tr\/fr\/qualite\/\"><div class='avia-gallery-thumb'><a href=\"https:\/\/medcare.com.tr\/fr\/wp-content\/uploads\/2024\/01\/1-TS-EN-13795-1-Certificate-Surgical-Gown-Drape-01.09.jpg\" data-srcset=\"https:\/\/medcare.com.tr\/fr\/wp-content\/uploads\/2024\/01\/1-TS-EN-13795-1-Certificate-Surgical-Gown-Drape-01.09.jpg 595w, https:\/\/medcare.com.tr\/fr\/wp-content\/uploads\/2024\/01\/1-TS-EN-13795-1-Certificate-Surgical-Gown-Drape-01.09-212x300.jpg 212w, https:\/\/medcare.com.tr\/fr\/wp-content\/uploads\/2024\/01\/1-TS-EN-13795-1-Certificate-Surgical-Gown-Drape-01.09-499x705.jpg 499w\" data-sizes=\"(max-width: 595px) 100vw, 595px\" data-rel='gallery-1' data-prev-img='https:\/\/medcare.com.tr\/fr\/wp-content\/uploads\/2024\/01\/1-TS-EN-13795-1-Certificate-Surgical-Gown-Drape-01.09-495x400.jpg' class='first_thumb lightbox ' data-onclick='1' title='1-TS EN 13795-1 Certificate Surgical Gown-Drape 01.09'  itemprop=\"thumbnailUrl\"  ><img decoding=\"async\" class=\"wp-image-4969 avia-img-lazy-loading-not-4969\"   src=\"https:\/\/medcare.com.tr\/fr\/wp-content\/uploads\/2024\/01\/1-TS-EN-13795-1-Certificate-Surgical-Gown-Drape-01.09.jpg\" width=\"595\" height=\"841\"  title='1-TS EN 13795-1 Certificate Surgical Gown-Drape 01.09' alt='' srcset=\"https:\/\/medcare.com.tr\/fr\/wp-content\/uploads\/2024\/01\/1-TS-EN-13795-1-Certificate-Surgical-Gown-Drape-01.09.jpg 595w, https:\/\/medcare.com.tr\/fr\/wp-content\/uploads\/2024\/01\/1-TS-EN-13795-1-Certificate-Surgical-Gown-Drape-01.09-212x300.jpg 212w, https:\/\/medcare.com.tr\/fr\/wp-content\/uploads\/2024\/01\/1-TS-EN-13795-1-Certificate-Surgical-Gown-Drape-01.09-499x705.jpg 499w\" sizes=\"(max-width: 595px) 100vw, 595px\" \/><div class='big-prev-fake'><img loading=\"lazy\" decoding=\"async\" class=\"wp-image-4969 avia-img-lazy-loading-4969\"  width=\"495\" height=\"400\" src=\"https:\/\/medcare.com.tr\/fr\/wp-content\/uploads\/2024\/01\/1-TS-EN-13795-1-Certificate-Surgical-Gown-Drape-01.09-495x400.jpg\" title='1-TS EN 13795-1 Certificate Surgical Gown-Drape 01.09' alt='' \/><\/div><\/a><a href=\"https:\/\/medcare.com.tr\/fr\/wp-content\/uploads\/2024\/01\/2-MEDCARE-ISO-13485-15.07.jpg\" data-srcset=\"https:\/\/medcare.com.tr\/fr\/wp-content\/uploads\/2024\/01\/2-MEDCARE-ISO-13485-15.07.jpg 595w, https:\/\/medcare.com.tr\/fr\/wp-content\/uploads\/2024\/01\/2-MEDCARE-ISO-13485-15.07-212x300.jpg 212w, https:\/\/medcare.com.tr\/fr\/wp-content\/uploads\/2024\/01\/2-MEDCARE-ISO-13485-15.07-499x705.jpg 499w\" data-sizes=\"(max-width: 595px) 100vw, 595px\" data-rel='gallery-1' data-prev-img='https:\/\/medcare.com.tr\/fr\/wp-content\/uploads\/2024\/01\/2-MEDCARE-ISO-13485-15.07-495x400.jpg' class='lightbox ' data-onclick='2' title='2-MEDCARE ISO 13485 - 15.07'  itemprop=\"thumbnailUrl\"  ><img decoding=\"async\" class=\"wp-image-4970 avia-img-lazy-loading-not-4970\"   src=\"https:\/\/medcare.com.tr\/fr\/wp-content\/uploads\/2024\/01\/2-MEDCARE-ISO-13485-15.07.jpg\" width=\"595\" height=\"841\"  title='2-MEDCARE ISO 13485 - 15.07' alt='' srcset=\"https:\/\/medcare.com.tr\/fr\/wp-content\/uploads\/2024\/01\/2-MEDCARE-ISO-13485-15.07.jpg 595w, https:\/\/medcare.com.tr\/fr\/wp-content\/uploads\/2024\/01\/2-MEDCARE-ISO-13485-15.07-212x300.jpg 212w, https:\/\/medcare.com.tr\/fr\/wp-content\/uploads\/2024\/01\/2-MEDCARE-ISO-13485-15.07-499x705.jpg 499w\" sizes=\"(max-width: 595px) 100vw, 595px\" \/><div class='big-prev-fake'><img loading=\"lazy\" decoding=\"async\" class=\"wp-image-4970 avia-img-lazy-loading-4970\"  width=\"495\" height=\"400\" src=\"https:\/\/medcare.com.tr\/fr\/wp-content\/uploads\/2024\/01\/2-MEDCARE-ISO-13485-15.07-495x400.jpg\" title='2-MEDCARE ISO 13485 - 15.07' alt='' \/><\/div><\/a><a href=\"https:\/\/medcare.com.tr\/fr\/wp-content\/uploads\/2024\/01\/3-FDA-510k-K230577-Statement-fr.jpg\" data-srcset=\"https:\/\/medcare.com.tr\/fr\/wp-content\/uploads\/2024\/01\/3-FDA-510k-K230577-Statement-fr.jpg 595w, https:\/\/medcare.com.tr\/fr\/wp-content\/uploads\/2024\/01\/3-FDA-510k-K230577-Statement-fr-212x300.jpg 212w, https:\/\/medcare.com.tr\/fr\/wp-content\/uploads\/2024\/01\/3-FDA-510k-K230577-Statement-fr-499x705.jpg 499w\" data-sizes=\"(max-width: 595px) 100vw, 595px\" data-rel='gallery-1' data-prev-img='https:\/\/medcare.com.tr\/fr\/wp-content\/uploads\/2024\/01\/3-FDA-510k-K230577-Statement-fr-495x400.jpg' class='lightbox ' data-onclick='3' title='3-FDA 510(k) K230577 Statement-fr'  itemprop=\"thumbnailUrl\"  ><img decoding=\"async\" class=\"wp-image-4971 avia-img-lazy-loading-not-4971\"   src=\"https:\/\/medcare.com.tr\/fr\/wp-content\/uploads\/2024\/01\/3-FDA-510k-K230577-Statement-fr.jpg\" width=\"595\" height=\"841\"  title='3-FDA 510(k) K230577 Statement-fr' alt='' srcset=\"https:\/\/medcare.com.tr\/fr\/wp-content\/uploads\/2024\/01\/3-FDA-510k-K230577-Statement-fr.jpg 595w, https:\/\/medcare.com.tr\/fr\/wp-content\/uploads\/2024\/01\/3-FDA-510k-K230577-Statement-fr-212x300.jpg 212w, https:\/\/medcare.com.tr\/fr\/wp-content\/uploads\/2024\/01\/3-FDA-510k-K230577-Statement-fr-499x705.jpg 499w\" sizes=\"(max-width: 595px) 100vw, 595px\" \/><div class='big-prev-fake'><img loading=\"lazy\" decoding=\"async\" class=\"wp-image-4971 avia-img-lazy-loading-4971\"  width=\"495\" height=\"400\" src=\"https:\/\/medcare.com.tr\/fr\/wp-content\/uploads\/2024\/01\/3-FDA-510k-K230577-Statement-fr-495x400.jpg\" title='3-FDA 510(k) K230577 Statement-fr' alt='' \/><\/div><\/a><a href=\"https:\/\/medcare.com.tr\/fr\/wp-content\/uploads\/2024\/01\/4-EAC-Certificate-Medcare-Underpad-26.09.jpg\" data-srcset=\"https:\/\/medcare.com.tr\/fr\/wp-content\/uploads\/2024\/01\/4-EAC-Certificate-Medcare-Underpad-26.09.jpg 595w, https:\/\/medcare.com.tr\/fr\/wp-content\/uploads\/2024\/01\/4-EAC-Certificate-Medcare-Underpad-26.09-212x300.jpg 212w, https:\/\/medcare.com.tr\/fr\/wp-content\/uploads\/2024\/01\/4-EAC-Certificate-Medcare-Underpad-26.09-499x705.jpg 499w\" data-sizes=\"(max-width: 595px) 100vw, 595px\" data-rel='gallery-1' data-prev-img='https:\/\/medcare.com.tr\/fr\/wp-content\/uploads\/2024\/01\/4-EAC-Certificate-Medcare-Underpad-26.09-495x400.jpg' class='lightbox ' data-onclick='4' title='4-EAC Certificate - Medcare Underpad 26.09'  itemprop=\"thumbnailUrl\"  ><img decoding=\"async\" class=\"wp-image-4972 avia-img-lazy-loading-not-4972\"   src=\"https:\/\/medcare.com.tr\/fr\/wp-content\/uploads\/2024\/01\/4-EAC-Certificate-Medcare-Underpad-26.09.jpg\" width=\"595\" height=\"841\"  title='4-EAC Certificate - Medcare Underpad 26.09' alt='' srcset=\"https:\/\/medcare.com.tr\/fr\/wp-content\/uploads\/2024\/01\/4-EAC-Certificate-Medcare-Underpad-26.09.jpg 595w, https:\/\/medcare.com.tr\/fr\/wp-content\/uploads\/2024\/01\/4-EAC-Certificate-Medcare-Underpad-26.09-212x300.jpg 212w, https:\/\/medcare.com.tr\/fr\/wp-content\/uploads\/2024\/01\/4-EAC-Certificate-Medcare-Underpad-26.09-499x705.jpg 499w\" sizes=\"(max-width: 595px) 100vw, 595px\" \/><div class='big-prev-fake'><img loading=\"lazy\" decoding=\"async\" class=\"wp-image-4972 avia-img-lazy-loading-4972\"  width=\"495\" height=\"400\" src=\"https:\/\/medcare.com.tr\/fr\/wp-content\/uploads\/2024\/01\/4-EAC-Certificate-Medcare-Underpad-26.09-495x400.jpg\" title='4-EAC Certificate - Medcare Underpad 26.09' alt='' \/><\/div><\/a><a href=\"https:\/\/medcare.com.tr\/fr\/wp-content\/uploads\/2024\/01\/5-EAC-Certificate-Adult-diapers-Adult-pants-26.09.jpg\" data-srcset=\"https:\/\/medcare.com.tr\/fr\/wp-content\/uploads\/2024\/01\/5-EAC-Certificate-Adult-diapers-Adult-pants-26.09.jpg 595w, https:\/\/medcare.com.tr\/fr\/wp-content\/uploads\/2024\/01\/5-EAC-Certificate-Adult-diapers-Adult-pants-26.09-212x300.jpg 212w, https:\/\/medcare.com.tr\/fr\/wp-content\/uploads\/2024\/01\/5-EAC-Certificate-Adult-diapers-Adult-pants-26.09-499x705.jpg 499w\" data-sizes=\"(max-width: 595px) 100vw, 595px\" data-rel='gallery-1' data-prev-img='https:\/\/medcare.com.tr\/fr\/wp-content\/uploads\/2024\/01\/5-EAC-Certificate-Adult-diapers-Adult-pants-26.09-495x400.jpg' class='lightbox ' data-onclick='5' title='5-EAC Certificate - Adult diapers-Adult pants 26.09'  itemprop=\"thumbnailUrl\"  ><img decoding=\"async\" class=\"wp-image-4973 avia-img-lazy-loading-not-4973\"   src=\"https:\/\/medcare.com.tr\/fr\/wp-content\/uploads\/2024\/01\/5-EAC-Certificate-Adult-diapers-Adult-pants-26.09.jpg\" width=\"595\" height=\"841\"  title='5-EAC Certificate - Adult diapers-Adult pants 26.09' alt='' srcset=\"https:\/\/medcare.com.tr\/fr\/wp-content\/uploads\/2024\/01\/5-EAC-Certificate-Adult-diapers-Adult-pants-26.09.jpg 595w, https:\/\/medcare.com.tr\/fr\/wp-content\/uploads\/2024\/01\/5-EAC-Certificate-Adult-diapers-Adult-pants-26.09-212x300.jpg 212w, https:\/\/medcare.com.tr\/fr\/wp-content\/uploads\/2024\/01\/5-EAC-Certificate-Adult-diapers-Adult-pants-26.09-499x705.jpg 499w\" sizes=\"(max-width: 595px) 100vw, 595px\" \/><div class='big-prev-fake'><img loading=\"lazy\" decoding=\"async\" class=\"wp-image-4973 avia-img-lazy-loading-4973\"  width=\"495\" height=\"400\" src=\"https:\/\/medcare.com.tr\/fr\/wp-content\/uploads\/2024\/01\/5-EAC-Certificate-Adult-diapers-Adult-pants-26.09-495x400.jpg\" title='5-EAC Certificate - Adult diapers-Adult pants 26.09' alt='' \/><\/div><\/a><a href=\"https:\/\/medcare.com.tr\/fr\/wp-content\/uploads\/2024\/01\/6-CE-Certificate-KIWA-fr.jpg\" data-srcset=\"https:\/\/medcare.com.tr\/fr\/wp-content\/uploads\/2024\/01\/6-CE-Certificate-KIWA-fr.jpg 595w, https:\/\/medcare.com.tr\/fr\/wp-content\/uploads\/2024\/01\/6-CE-Certificate-KIWA-fr-212x300.jpg 212w, https:\/\/medcare.com.tr\/fr\/wp-content\/uploads\/2024\/01\/6-CE-Certificate-KIWA-fr-499x705.jpg 499w\" data-sizes=\"(max-width: 595px) 100vw, 595px\" data-rel='gallery-1' data-prev-img='https:\/\/medcare.com.tr\/fr\/wp-content\/uploads\/2024\/01\/6-CE-Certificate-KIWA-fr-495x400.jpg' class='lightbox ' data-onclick='6' title='6-CE Certificate KIWA-fr'  itemprop=\"thumbnailUrl\"  ><img decoding=\"async\" class=\"wp-image-4974 avia-img-lazy-loading-not-4974\"   src=\"https:\/\/medcare.com.tr\/fr\/wp-content\/uploads\/2024\/01\/6-CE-Certificate-KIWA-fr.jpg\" width=\"595\" height=\"841\"  title='6-CE Certificate KIWA-fr' alt='' srcset=\"https:\/\/medcare.com.tr\/fr\/wp-content\/uploads\/2024\/01\/6-CE-Certificate-KIWA-fr.jpg 595w, https:\/\/medcare.com.tr\/fr\/wp-content\/uploads\/2024\/01\/6-CE-Certificate-KIWA-fr-212x300.jpg 212w, https:\/\/medcare.com.tr\/fr\/wp-content\/uploads\/2024\/01\/6-CE-Certificate-KIWA-fr-499x705.jpg 499w\" sizes=\"(max-width: 595px) 100vw, 595px\" \/><div class='big-prev-fake'><img loading=\"lazy\" decoding=\"async\" class=\"wp-image-4974 avia-img-lazy-loading-4974\"  width=\"495\" height=\"400\" src=\"https:\/\/medcare.com.tr\/fr\/wp-content\/uploads\/2024\/01\/6-CE-Certificate-KIWA-fr-495x400.jpg\" title='6-CE Certificate KIWA-fr' alt='' \/><\/div><\/a><a href=\"https:\/\/medcare.com.tr\/fr\/wp-content\/uploads\/2024\/01\/7-80071227-Module-C2-Cert-Gown-40.00XM.jpg\" data-srcset=\"https:\/\/medcare.com.tr\/fr\/wp-content\/uploads\/2024\/01\/7-80071227-Module-C2-Cert-Gown-40.00XM.jpg 595w, https:\/\/medcare.com.tr\/fr\/wp-content\/uploads\/2024\/01\/7-80071227-Module-C2-Cert-Gown-40.00XM-212x300.jpg 212w, https:\/\/medcare.com.tr\/fr\/wp-content\/uploads\/2024\/01\/7-80071227-Module-C2-Cert-Gown-40.00XM-499x705.jpg 499w\" data-sizes=\"(max-width: 595px) 100vw, 595px\" data-rel='gallery-1' data-prev-img='https:\/\/medcare.com.tr\/fr\/wp-content\/uploads\/2024\/01\/7-80071227-Module-C2-Cert-Gown-40.00XM-495x400.jpg' class='lightbox ' data-onclick='7' title='7-80071227 Module C2 Cert Gown 40.00XM'  itemprop=\"thumbnailUrl\"  ><img decoding=\"async\" class=\"wp-image-4975 avia-img-lazy-loading-not-4975\"   src=\"https:\/\/medcare.com.tr\/fr\/wp-content\/uploads\/2024\/01\/7-80071227-Module-C2-Cert-Gown-40.00XM.jpg\" width=\"595\" height=\"841\"  title='7-80071227 Module C2 Cert Gown 40.00XM' alt='' srcset=\"https:\/\/medcare.com.tr\/fr\/wp-content\/uploads\/2024\/01\/7-80071227-Module-C2-Cert-Gown-40.00XM.jpg 595w, https:\/\/medcare.com.tr\/fr\/wp-content\/uploads\/2024\/01\/7-80071227-Module-C2-Cert-Gown-40.00XM-212x300.jpg 212w, https:\/\/medcare.com.tr\/fr\/wp-content\/uploads\/2024\/01\/7-80071227-Module-C2-Cert-Gown-40.00XM-499x705.jpg 499w\" sizes=\"(max-width: 595px) 100vw, 595px\" \/><div class='big-prev-fake'><img loading=\"lazy\" decoding=\"async\" class=\"wp-image-4975 avia-img-lazy-loading-4975\"  width=\"495\" height=\"400\" src=\"https:\/\/medcare.com.tr\/fr\/wp-content\/uploads\/2024\/01\/7-80071227-Module-C2-Cert-Gown-40.00XM-495x400.jpg\" title='7-80071227 Module C2 Cert Gown 40.00XM' alt='' \/><\/div><\/a><\/div><\/div><\/div><\/p>\n<\/div><\/div><\/div>\n","protected":false},"excerpt":{"rendered":"","protected":false},"author":1,"featured_media":0,"parent":0,"menu_order":0,"comment_status":"closed","ping_status":"closed","template":"","meta":{"footnotes":""},"class_list":["post-3819","page","type-page","status-publish","hentry"],"_links":{"self":[{"href":"https:\/\/medcare.com.tr\/fr\/wp-json\/wp\/v2\/pages\/3819","targetHints":{"allow":["GET"]}}],"collection":[{"href":"https:\/\/medcare.com.tr\/fr\/wp-json\/wp\/v2\/pages"}],"about":[{"href":"https:\/\/medcare.com.tr\/fr\/wp-json\/wp\/v2\/types\/page"}],"author":[{"embeddable":true,"href":"https:\/\/medcare.com.tr\/fr\/wp-json\/wp\/v2\/users\/1"}],"replies":[{"embeddable":true,"href":"https:\/\/medcare.com.tr\/fr\/wp-json\/wp\/v2\/comments?post=3819"}],"version-history":[{"count":3,"href":"https:\/\/medcare.com.tr\/fr\/wp-json\/wp\/v2\/pages\/3819\/revisions"}],"predecessor-version":[{"id":5145,"href":"https:\/\/medcare.com.tr\/fr\/wp-json\/wp\/v2\/pages\/3819\/revisions\/5145"}],"wp:attachment":[{"href":"https:\/\/medcare.com.tr\/fr\/wp-json\/wp\/v2\/media?parent=3819"}],"curies":[{"name":"wp","href":"https:\/\/api.w.org\/{rel}","templated":true}]}}