{"id":3538,"date":"2023-10-18T16:23:39","date_gmt":"2023-10-18T13:23:39","guid":{"rendered":"https:\/\/medcare.com.tr\/fr\/?page_id=3538"},"modified":"2024-10-11T16:14:42","modified_gmt":"2024-10-11T13:14:42","slug":"about-us","status":"publish","type":"page","link":"https:\/\/medcare.com.tr\/fr\/about-us\/","title":{"rendered":"About Us"},"content":{"rendered":"<div  class='flex_column av-av_one_full-8ffd49b9e96b83647201aa62ad30950d av_one_full  avia-builder-el-0  el_before_av_one_full  avia-builder-el-first  first flex_column_div  '     ><style type=\"text\/css\" data-created_by=\"avia_inline_auto\" id=\"style-css-av-m24qtfy9-98545e489e8ff01e425d32d28d85cd04\">\n#top .av-special-heading.av-m24qtfy9-98545e489e8ff01e425d32d28d85cd04{\npadding-bottom:10px;\ncolor:#160093;\n}\nbody .av-special-heading.av-m24qtfy9-98545e489e8ff01e425d32d28d85cd04 .av-special-heading-tag .heading-char{\nfont-size:25px;\n}\n.av-special-heading.av-m24qtfy9-98545e489e8ff01e425d32d28d85cd04 .special-heading-inner-border{\nborder-color:#160093;\n}\n.av-special-heading.av-m24qtfy9-98545e489e8ff01e425d32d28d85cd04 .av-subheading{\nfont-size:15px;\n}\n<\/style>\n<div  class='av-special-heading av-m24qtfy9-98545e489e8ff01e425d32d28d85cd04 av-special-heading-h3 custom-color-heading  avia-builder-el-1  avia-builder-el-no-sibling '><h3 class='av-special-heading-tag'  itemprop=\"headline\"  >Qui Sommes Nous ?<\/h3><div class=\"special-heading-border\"><div class=\"special-heading-inner-border\"><\/div><\/div><\/div><\/div><div  class='flex_column av-av_one_full-8ffd49b9e96b83647201aa62ad30950d av_one_full  avia-builder-el-2  el_after_av_one_full  el_before_av_one_full  first flex_column_div  column-top-margin'     ><style type=\"text\/css\" data-created_by=\"avia_inline_auto\" id=\"style-css-av-m24qwyii-7ba3da6e8a703b38822f723cf7772fd6\">\n#top .av_textblock_section.av-m24qwyii-7ba3da6e8a703b38822f723cf7772fd6 .avia_textblock{\nfont-size:11px;\n}\n<\/style>\n<section  class='av_textblock_section av-m24qwyii-7ba3da6e8a703b38822f723cf7772fd6 '   itemscope=\"itemscope\" itemtype=\"https:\/\/schema.org\/CreativeWork\" ><div class='avia_textblock'  itemprop=\"text\" ><p>Fort de 35 ans d&#8217;exp\u00e9rience m\u00e9dicale, Medcare a \u00e9t\u00e9 fond\u00e9e et est devenue l&#8217;un des principaux exportateurs de blouses chirurgicales jetables, de champs chirurgicaux et de packs de champs. En tant que politique d&#8217;entreprise, nous recherchons continuellement d&#8217;excellents produits avec de bons retours et les derniers d\u00e9veloppements du march\u00e9. Nous sommes en contact \u00e9troit avec les professionnels de sant\u00e9, afin de suivre le rythme du secteur. Par cons\u00e9quent, nous avons augment\u00e9 notre capacit\u00e9 de fabrication et renouvel\u00e9 notre ligne de production avec des machines de soudage par ultrasons ainsi que des machines de laminage robotis\u00e9es qui peuvent produire une grande quantit\u00e9 de blouses chirurgicales.<\/p>\n<p>Comme nous aspirons \u00e0 la perfection, notre service qualit\u00e9 s&#8217;efforce constamment d&#8217;obtenir les certificats requis dans le monde entier, tels que ISO 13485:2016, certificat CE acc. conformes aux normes MDD 93\/42\/CEE, FDA 510k, TS EN 13795-1, r\u00e8glement EPI (UE) 2016\/425 et rapports de test pour les blouses de haute protection jusqu&#8217;au niveau AAMI 4.<\/p>\n<p>Les produits st\u00e9riles de Medcare sont trait\u00e9s dans une salle blanche de 200 m2 et st\u00e9rilis\u00e9s avec des unit\u00e9s de st\u00e9rilisation EO internes. Le personnel exp\u00e9riment\u00e9 de l&#8217;entreprise surveille strictement le processus de st\u00e9rilisation conform\u00e9ment \u00e0 la norme ISO 11135:2014. La capacit\u00e9 OEM de Medcare offre une opportunit\u00e9 commerciale unique avec des livraisons \u00e0 faible co\u00fbt et dans les d\u00e9lais. Si vous recherchez un produit personnalis\u00e9, notre d\u00e9partement R&amp;D est capable de fournir des solutions sur mesure pour les besoins pr\u00e9cis des fournisseurs de soins de sant\u00e9. Soins de sant\u00e9 Medcare.<\/p>\n<\/div><\/section><\/div><div  class='flex_column av-av_one_full-8ffd49b9e96b83647201aa62ad30950d av_one_full  avia-builder-el-4  el_after_av_one_full  el_before_av_section  avia-builder-el-last  first flex_column_div  column-top-margin'     ><\/div><\/div><\/div><\/div><!-- close content main div --><\/div><\/div><div id='av_section_1'  class='avia-section av-gtorv6-69bb204e786cdc2cffd6d849ad4d13e9 main_color avia-section-default avia-no-border-styling avia-bg-style-scroll container_wrap fullsize'  ><div class='container av-section-cont-open' ><div class='template-page content  av-content-full alpha units'><div class='post-entry post-entry-type-page post-entry-3538'><div class='entry-content-wrapper clearfix'>\n\n<style type=\"text\/css\" data-created_by=\"avia_inline_auto\" id=\"style-css-av-1jhob6-07abe479f3d6ab4c7d5cde8891ae0e67\">\n.flex_column.av-1jhob6-07abe479f3d6ab4c7d5cde8891ae0e67{\nwidth:32%;\n}\n<\/style>\n<div  class='flex_column av-1jhob6-07abe479f3d6ab4c7d5cde8891ae0e67 av_one_third first flex_column_div  '     ><p>\n<style type=\"text\/css\" data-created_by=\"avia_inline_auto\" id=\"style-css-av-dvkopu-f5222d6bfaecf56f5a2f4c2c833afeff\">\n#top .av-special-heading.av-dvkopu-f5222d6bfaecf56f5a2f4c2c833afeff{\npadding-bottom:10px;\ncolor:#134094;\n}\nbody .av-special-heading.av-dvkopu-f5222d6bfaecf56f5a2f4c2c833afeff .av-special-heading-tag .heading-char{\nfont-size:25px;\n}\n.av-special-heading.av-dvkopu-f5222d6bfaecf56f5a2f4c2c833afeff .special-heading-inner-border{\nborder-color:#134094;\n}\n.av-special-heading.av-dvkopu-f5222d6bfaecf56f5a2f4c2c833afeff .av-subheading{\nfont-size:16px;\ncolor:#ffcc70;\n}\n<\/style>\n<div  id=\"girisbaslik\"  class='av-special-heading av-dvkopu-f5222d6bfaecf56f5a2f4c2c833afeff av-special-heading-h3 custom-color-heading blockquote modern-quote  girisbaslik girisbaslik'><h3 class='av-special-heading-tag'  itemprop=\"headline\"  >Notre Vision<\/h3><div class=\"special-heading-border\"><div class=\"special-heading-inner-border\"><\/div><\/div><\/div><br \/>\n\n<style type=\"text\/css\" data-created_by=\"avia_inline_auto\" id=\"style-css-av-bwcdwi-87ee9af11ef1c4409d480ce5e5cc2b63\">\n#top .av_textblock_section.av-bwcdwi-87ee9af11ef1c4409d480ce5e5cc2b63 .avia_textblock{\nfont-size:13px;\n}\n<\/style>\n<section  class='av_textblock_section av-bwcdwi-87ee9af11ef1c4409d480ce5e5cc2b63 '   itemscope=\"itemscope\" itemtype=\"https:\/\/schema.org\/CreativeWork\" ><div class='avia_textblock'  itemprop=\"text\" ><p>Notre entreprise vise \u00e0 \u00eatre une entreprise leader sur le march\u00e9 m\u00e9dical, avec son personnel form\u00e9 et sp\u00e9cialis\u00e9, en gardant la satisfaction du client au premier plan, avec des activit\u00e9s de R&amp;D et une technologie de pointe, conform\u00e9ment aux normes internationales.<\/p>\n<\/div><\/section><\/p><\/div>\n<style type=\"text\/css\" data-created_by=\"avia_inline_auto\" id=\"style-css-av-antt02-63797fffed497c75173c9bb8b100e4c8\">\n.flex_column.av-antt02-63797fffed497c75173c9bb8b100e4c8{\nwidth:32%;\nmargin-left:2%;\n}\n<\/style>\n<div  class='flex_column av-antt02-63797fffed497c75173c9bb8b100e4c8 av_one_third flex_column_div  '     ><p>\n<style type=\"text\/css\" data-created_by=\"avia_inline_auto\" id=\"style-css-av-947pdu-b60fa2c3fe445d483acea64dd72056c6\">\n#top .av-special-heading.av-947pdu-b60fa2c3fe445d483acea64dd72056c6{\npadding-bottom:10px;\ncolor:#134094;\n}\nbody .av-special-heading.av-947pdu-b60fa2c3fe445d483acea64dd72056c6 .av-special-heading-tag .heading-char{\nfont-size:25px;\n}\n.av-special-heading.av-947pdu-b60fa2c3fe445d483acea64dd72056c6 .special-heading-inner-border{\nborder-color:#134094;\n}\n.av-special-heading.av-947pdu-b60fa2c3fe445d483acea64dd72056c6 .av-subheading{\nfont-size:16px;\ncolor:#ffcc70;\n}\n<\/style>\n<div  id=\"girisbaslik\"  class='av-special-heading av-947pdu-b60fa2c3fe445d483acea64dd72056c6 av-special-heading-h3 custom-color-heading blockquote modern-quote  girisbaslik girisbaslik'><h3 class='av-special-heading-tag'  itemprop=\"headline\"  >Notre Mission<\/h3><div class=\"special-heading-border\"><div class=\"special-heading-inner-border\"><\/div><\/div><\/div><br \/>\n\n<style type=\"text\/css\" data-created_by=\"avia_inline_auto\" id=\"style-css-av-7bu3qq-9e6aa58b0af64b6668bf7d878dd11cdc\">\n#top .av_textblock_section.av-7bu3qq-9e6aa58b0af64b6668bf7d878dd11cdc .avia_textblock{\nfont-size:13px;\n}\n<\/style>\n<section  class='av_textblock_section av-7bu3qq-9e6aa58b0af64b6668bf7d878dd11cdc '   itemscope=\"itemscope\" itemtype=\"https:\/\/schema.org\/CreativeWork\" ><div class='avia_textblock'  itemprop=\"text\" ><p>Fabriquer des produits et services qui r\u00e9pondent aux demandes et attentes des clients,<br \/>\nProt\u00e9ger l&#8217;environnement et la sant\u00e9 humaine, cr\u00e9er et d\u00e9velopper une sensibilisation environnementale du personnel,<br \/>\nSe conformer aux normes associ\u00e9es dans tous les processus, afin d&#8217;avoir des produits de la meilleure qualit\u00e9,<br \/>\nAm\u00e9liorer et am\u00e9liorer continuellement la qualit\u00e9 de la production et de la gestion ;<br \/>\nLa soci\u00e9t\u00e9 s&#8217;engage \u00e0 r\u00e9pondre aux attentes de ses clients en mati\u00e8re de qualit\u00e9, de d\u00e9lai et de flexibilit\u00e9.<\/p>\n<\/div><\/section><\/p><\/div>\n<style type=\"text\/css\" data-created_by=\"avia_inline_auto\" id=\"style-css-av-5fc6le-df6f78af723d410486ff242e17a8a0ff\">\n.flex_column.av-5fc6le-df6f78af723d410486ff242e17a8a0ff{\nwidth:32%;\nmargin-left:2%;\n}\n<\/style>\n<div  class='flex_column av-5fc6le-df6f78af723d410486ff242e17a8a0ff av_one_third flex_column_div  '     ><p>\n<style type=\"text\/css\" data-created_by=\"avia_inline_auto\" id=\"style-css-av-3yue6q-db57873dbdfafc5b23b53fa6827b0bff\">\n#top .av-special-heading.av-3yue6q-db57873dbdfafc5b23b53fa6827b0bff{\npadding-bottom:10px;\ncolor:#134094;\n}\nbody .av-special-heading.av-3yue6q-db57873dbdfafc5b23b53fa6827b0bff .av-special-heading-tag .heading-char{\nfont-size:25px;\n}\n.av-special-heading.av-3yue6q-db57873dbdfafc5b23b53fa6827b0bff .special-heading-inner-border{\nborder-color:#134094;\n}\n.av-special-heading.av-3yue6q-db57873dbdfafc5b23b53fa6827b0bff .av-subheading{\nfont-size:16px;\ncolor:#ffcc70;\n}\n<\/style>\n<div  id=\"girisbaslik\"  class='av-special-heading av-3yue6q-db57873dbdfafc5b23b53fa6827b0bff av-special-heading-h3 custom-color-heading blockquote modern-quote  girisbaslik girisbaslik'><h3 class='av-special-heading-tag'  itemprop=\"headline\"  >Nos Principes et Engagements<\/h3><div class=\"special-heading-border\"><div class=\"special-heading-inner-border\"><\/div><\/div><\/div><br \/>\n\n<style type=\"text\/css\" data-created_by=\"avia_inline_auto\" id=\"style-css-av-32ik1e-076cfba5128f3e0ed947cdca8d9c85d4\">\n#top .av_textblock_section.av-32ik1e-076cfba5128f3e0ed947cdca8d9c85d4 .avia_textblock{\nfont-size:13px;\n}\n<\/style>\n<section  class='av_textblock_section av-32ik1e-076cfba5128f3e0ed947cdca8d9c85d4 '   itemscope=\"itemscope\" itemtype=\"https:\/\/schema.org\/CreativeWork\" ><div class='avia_textblock'  itemprop=\"text\" ><p>Dynamique, fiable, respectable et innovant,<br \/>\nSatisfaction du client,<br \/>\nRespectueux des personnes et des lois,<br \/>\nDisponible pour une am\u00e9lioration continue,<br \/>\nImportance \u00e9ducative,<br \/>\nImportance de la sant\u00e9 et de la s\u00e9curit\u00e9 au travail,<br \/>\nConform\u00e9ment \u00e0 ces principes, Medcare veille \u00e0 fabriquer des produits conform\u00e9ment aux lois et \u00e0 offrir des conditions de travail et une formation appropri\u00e9es \u00e0 tout son personnel.<br \/>\nEn garantissant la disponibilit\u00e9 des ressources, nous d\u00e9clarons que nous fabriquerons des produits respectueux de l&#8217;environnement et conformes aux exigences l\u00e9gales et aux attentes des clients.<br \/>\nEn tant qu&#8217;entreprise, nous nous engageons \u00e0 r\u00e9pondre \u00e0 la satisfaction de nos clients et aux exigences l\u00e9gales en am\u00e9liorant continuellement la qualit\u00e9 des produits et en appliquant le syst\u00e8me de gestion de la qualit\u00e9 EN ISO 13485 : 2016.<br \/>\nNous nous engageons \u00e9galement \u00e0 d\u00e9finir et \u00e0 respecter des objectifs de qualit\u00e9 et \u00e0 revoir p\u00e9riodiquement les objectifs de qualit\u00e9.<\/p>\n<\/div><\/section><\/p><\/div><\/p>\n","protected":false},"excerpt":{"rendered":"","protected":false},"author":1,"featured_media":0,"parent":0,"menu_order":0,"comment_status":"closed","ping_status":"closed","template":"","meta":{"footnotes":""},"class_list":["post-3538","page","type-page","status-publish","hentry"],"_links":{"self":[{"href":"https:\/\/medcare.com.tr\/fr\/wp-json\/wp\/v2\/pages\/3538","targetHints":{"allow":["GET"]}}],"collection":[{"href":"https:\/\/medcare.com.tr\/fr\/wp-json\/wp\/v2\/pages"}],"about":[{"href":"https:\/\/medcare.com.tr\/fr\/wp-json\/wp\/v2\/types\/page"}],"author":[{"embeddable":true,"href":"https:\/\/medcare.com.tr\/fr\/wp-json\/wp\/v2\/users\/1"}],"replies":[{"embeddable":true,"href":"https:\/\/medcare.com.tr\/fr\/wp-json\/wp\/v2\/comments?post=3538"}],"version-history":[{"count":3,"href":"https:\/\/medcare.com.tr\/fr\/wp-json\/wp\/v2\/pages\/3538\/revisions"}],"predecessor-version":[{"id":5049,"href":"https:\/\/medcare.com.tr\/fr\/wp-json\/wp\/v2\/pages\/3538\/revisions\/5049"}],"wp:attachment":[{"href":"https:\/\/medcare.com.tr\/fr\/wp-json\/wp\/v2\/media?parent=3538"}],"curies":[{"name":"wp","href":"https:\/\/api.w.org\/{rel}","templated":true}]}}